{"id":68155,"date":"2026-03-04T10:48:57","date_gmt":"2026-03-04T09:48:57","guid":{"rendered":"https:\/\/arena-ticket.com\/?p=68155&#038;post_type=product&#038;preview_id=68155"},"modified":"2026-03-04T10:57:15","modified_gmt":"2026-03-04T09:57:15","slug":"leipzig-liest-mai-doung-kieu-im-herzen-bist-du-unbesiegbar-leipzig-liest-21-03-2026-2100-uhr-blauer-salon-central-kabarett","status":"publish","type":"product","link":"https:\/\/arena-ticket.com\/en\/product\/leipzig-liest-mai-doung-kieu-im-herzen-bist-du-unbesiegbar-leipzig-liest-21-03-2026-2100-uhr-blauer-salon-central-kabarett\/","title":{"rendered":"Mai Doung Kieu - Im Herzen bist du unbesiegbar - LEIPZIG LIEST"},"content":{"rendered":"<p>Wie ich zur K\u00e4mpferin wurde und das Leben fand, das ich wollte<\/p>\n<p>Die beliebte Schauspielerin \u00fcber die Kraft des Kung Fu, die K\u00e4mpfe ihres Lebens und den Weg zu sich selbst<\/p>\n<p>Die Schauspielerin Mai Doung Kieu ist vielen aus Serien wie \u00bbBad Banks\u00ab, \u00bbIn aller Freundschaft\u00ab oder \u00bbKleo\u00ab bekannt. Was weniger bekannt ist: Ihr Weg war ein alles andere als leichter. Mit f\u00fcnf Jahren zog sie mit ihrer Mutter aus Vietnam zum Vater, der in Chemnitz als Vertragsarbeiter arbeitete, nach Ost-Deutschland. Eine harte, wenig beh\u00fctete Kindheit in einem nicht immer freundlichen fremden Land.<\/p>\n<p>\u00bbIm Herzen bist du unbesiegbar\u00ab erz\u00e4hlt von Mais z\u00e4hem Kampf um Selbstbestimmung und ihrem unersch\u00fctterlichen Willen, sich nicht kleinhalten zu lassen. Geholfen hat ihr dabei vor allem eins: Shaolin Kung Fu. Denn ihr Vater ist ein Kung Fu-Meister, der von seiner Tochter erwartete, seine beste Sch\u00fclerin zu sein. Und so lernte sie schon als kleines Kind, zu k\u00e4mpfen. Der Drill war hart, aber er wurde auch zu einer Rettung: Denn es waren die Prinzipien des Shaolin Kung Fu, die aus Mai eine Frau machten, die heute unerschrocken ihren Weg geht.<\/p>\n<p>Ein bewegendes Memoir und eine Inspiration f\u00fcr alle, die sich mehr St\u00e4rke und Selbstbewusstsein w\u00fcnschen.<\/p>\n<p>Mai Doung Kieu wurde 1987 in Nordvietnam geboren. 1992 kam sie mit ihrer Mutter nach Chemnitz. Der Durchbruch als Schauspielerin gelang ihr 2018 als eine der Hauptdarstellerinnen in der Wirtschafts-Thriller-Serie Bad Banks, einer internationalen Produktion unter Federf\u00fchrung des ZDF. Mittlerweile ist sie einem Millionenpublikum bekannt durch mehrere Serien, besonders in ihrer Rolle als Neurochirurgin Dr. Lilly Phan in In aller Freundschaft (ARD, MDR) und als Kommissarin Thuong Nhi Nguyen in der Kriminalfilm-Reihe Wilsberg (ZDF).<\/p>","protected":false},"excerpt":{"rendered":"<p>Get your tickets here now!<\/p>","protected":false},"featured_media":68160,"template":"","meta":{"_acf_changed":false,"inline_featured_image":false},"product_brand":[],"product_cat":[379,31,922,86,6764,35,21,58],"product_tag":[965,941,951,943,4866,1691,7180,944,947,948],"class_list":{"0":"post-68155","1":"product","2":"type-product","3":"status-publish","4":"has-post-thumbnail","6":"product_cat-central-kabarett","7":"product_cat-events","8":"product_cat-kultur","9":"product_cat-leipzig","10":"product_cat-lesung","11":"product_cat-orte","12":"product_cat-ticket","13":"product_cat-veranstaltung","14":"product_tag-central-kabarett","15":"product_tag-events","16":"product_tag-kultur","17":"product_tag-leipzig","18":"product_tag-leipzig-liest","19":"product_tag-lesung","20":"product_tag-mai-doung-kieu-im-herzen-bist-du-unbesiegbar","21":"product_tag-orte","22":"product_tag-ticket","23":"product_tag-veranstaltung","24":"product_shipping_class-nur_paketversand","25":"pa_discount-normalpreis","26":"pa_discount-schwerbeschaedigt-inkl-begleitperson","27":"pa_preiskategorie-freie-platzwahl","29":"first","30":"instock","31":"taxable","32":"shipping-taxable","33":"purchasable","34":"product-type-variable"},"group_of_quantity":0,"min_quantity":0,"max_quantity":"","exclude_order_quantity_value_rules":"no","exclude_category_quantity_rules":"no","combine_variations":"no","acf":[],"_links":{"self":[{"href":"https:\/\/arena-ticket.com\/en\/wp-json\/wp\/v2\/product\/68155","targetHints":{"allow":["GET"]}}],"collection":[{"href":"https:\/\/arena-ticket.com\/en\/wp-json\/wp\/v2\/product"}],"about":[{"href":"https:\/\/arena-ticket.com\/en\/wp-json\/wp\/v2\/types\/product"}],"wp:featuredmedia":[{"embeddable":true,"href":"https:\/\/arena-ticket.com\/en\/wp-json\/wp\/v2\/media\/68160"}],"wp:attachment":[{"href":"https:\/\/arena-ticket.com\/en\/wp-json\/wp\/v2\/media?parent=68155"}],"wp:term":[{"taxonomy":"product_brand","embeddable":true,"href":"https:\/\/arena-ticket.com\/en\/wp-json\/wp\/v2\/product_brand?post=68155"},{"taxonomy":"product_cat","embeddable":true,"href":"https:\/\/arena-ticket.com\/en\/wp-json\/wp\/v2\/product_cat?post=68155"},{"taxonomy":"product_tag","embeddable":true,"href":"https:\/\/arena-ticket.com\/en\/wp-json\/wp\/v2\/product_tag?post=68155"}],"curies":[{"name":"wp","href":"https:\/\/api.w.org\/{rel}","templated":true}]}}