{"id":68162,"date":"2026-03-04T11:07:19","date_gmt":"2026-03-04T10:07:19","guid":{"rendered":"https:\/\/arena-ticket.com\/?p=68162&#038;post_type=product&#038;preview_id=68162"},"modified":"2026-03-04T11:22:27","modified_gmt":"2026-03-04T10:22:27","slug":"gipfeltreffen-der-g4-leipzig-liest-leipzig-schauspielhaus-19-03-2026-2030-uhr","status":"publish","type":"product","link":"https:\/\/arena-ticket.com\/en\/product\/gipfeltreffen-der-g4-leipzig-liest-leipzig-schauspielhaus-19-03-2026-2030-uhr\/","title":{"rendered":"Gipfeltreffen der G4 - Leipzig liest"},"content":{"rendered":"<p>Die Verlage SATYR und LEKTORA pr\u00e4sentieren: Gipfeltreffen der G4 - Der Poetry-Slam- und Spoken-Word-Gipfel<\/p>\n<p>Lektora und Satyr, die beiden f\u00fchrenden Poetry-Slam-Verlage Deutschlands, laden zum 7. Spoken-Word-Gipfel ein und pr\u00e4sentieren vier au\u00dfergew\u00f6hnliche Poetinnen und Poeten und ihre j\u00fcngsten Buchver\u00f6ffentlichungen. Mit Ole Lucoje, Aileen Schneider, Sascha Thamm, Johanna Wack.<\/p>","protected":false},"excerpt":{"rendered":"<p>Get your tickets here now!<\/p>\n<p>Erm\u00e4\u00dfigte Karten f\u00fcr Sch\u00fcler- und Studierende, Azubis und Schwerbehinderte mit Ausweis.<\/p>","protected":false},"featured_media":68167,"template":"","meta":{"_acf_changed":false,"inline_featured_image":false},"product_brand":[],"product_cat":[31,922,86,35,535,6767,21,58],"product_tag":[941,7181,951,943,4866,944,3158,2517,947,948],"class_list":{"0":"post-68162","1":"product","2":"type-product","3":"status-publish","4":"has-post-thumbnail","6":"product_cat-events","7":"product_cat-kultur","8":"product_cat-leipzig","9":"product_cat-orte","10":"product_cat-schauspielhaus-leipzig","11":"product_cat-theater","12":"product_cat-ticket","13":"product_cat-veranstaltung","14":"product_tag-events","15":"product_tag-gipfeltreffen-der-g4","16":"product_tag-kultur","17":"product_tag-leipzig","18":"product_tag-leipzig-liest","19":"product_tag-orte","20":"product_tag-schauspielhaus-leipzig","21":"product_tag-theater","22":"product_tag-ticket","23":"product_tag-veranstaltung","24":"product_shipping_class-nur_paketversand","25":"pa_discount-ermaessigt","26":"pa_discount-normalpreis","27":"pa_preiskategorie-pk-i","29":"first","30":"instock","31":"taxable","32":"shipping-taxable","33":"purchasable","34":"product-type-variable"},"group_of_quantity":0,"min_quantity":0,"max_quantity":"","exclude_order_quantity_value_rules":"no","exclude_category_quantity_rules":"no","combine_variations":"no","acf":[],"_links":{"self":[{"href":"https:\/\/arena-ticket.com\/en\/wp-json\/wp\/v2\/product\/68162","targetHints":{"allow":["GET"]}}],"collection":[{"href":"https:\/\/arena-ticket.com\/en\/wp-json\/wp\/v2\/product"}],"about":[{"href":"https:\/\/arena-ticket.com\/en\/wp-json\/wp\/v2\/types\/product"}],"wp:featuredmedia":[{"embeddable":true,"href":"https:\/\/arena-ticket.com\/en\/wp-json\/wp\/v2\/media\/68167"}],"wp:attachment":[{"href":"https:\/\/arena-ticket.com\/en\/wp-json\/wp\/v2\/media?parent=68162"}],"wp:term":[{"taxonomy":"product_brand","embeddable":true,"href":"https:\/\/arena-ticket.com\/en\/wp-json\/wp\/v2\/product_brand?post=68162"},{"taxonomy":"product_cat","embeddable":true,"href":"https:\/\/arena-ticket.com\/en\/wp-json\/wp\/v2\/product_cat?post=68162"},{"taxonomy":"product_tag","embeddable":true,"href":"https:\/\/arena-ticket.com\/en\/wp-json\/wp\/v2\/product_tag?post=68162"}],"curies":[{"name":"wp","href":"https:\/\/api.w.org\/{rel}","templated":true}]}}