{"id":68170,"date":"2026-03-04T11:26:58","date_gmt":"2026-03-04T10:26:58","guid":{"rendered":"https:\/\/arena-ticket.com\/?p=68170&#038;post_type=product&#038;preview_id=68170"},"modified":"2026-03-04T11:45:45","modified_gmt":"2026-03-04T10:45:45","slug":"leipzig-liestlesung-thomas-c-breuer-gesuender-kraenkeln-20-03-2026-1500-uhr-academixer-keller-kabarett","status":"publish","type":"product","link":"https:\/\/arena-ticket.com\/en\/product\/leipzig-liestlesung-thomas-c-breuer-gesuender-kraenkeln-20-03-2026-1500-uhr-academixer-keller-kabarett\/","title":{"rendered":"Lesung Thomas C. Breuer - Ges\u00fcnder kr\u00e4nkeln"},"content":{"rendered":"<p>Wo soll man anfangen? Hiking oder Biking? Rebirthing oder Rebalancing? V\u00f6llerei oder Low Carb? Landleben oder Urban Farming? Gleitflieging oder Stubenhocking? Und was war noch gleich Dingolfing? Angebote f\u00fcr die seelische und physische Gesundheit gibt es mehr, als einem lieb sein kann, ein fl\u00e4chendeckendes Wohlf\u00fchlbombardement im 24\/7-Selbstoptimierungsstress zwischen Carpe-Diem-Terror und Bucketlist-Zwang. Vieles verschwindet ebenso rasch wie Dubaischokolade \u2013 wieso sind Flow und Hygge schon wieder out? Wieso geht das alles so schnell? Manche Menschen fangen deswegen an zu kr\u00e4nkeln, die richtige Body-Positivity mag sich nicht einstellen. Sollte man sich denn nicht mit all den Wohlf\u00fchltrends auch wohlf\u00fchlen?<\/p>\n<p>Wie gut, dass da endlich mal einer aufr\u00e4umt und aussortiert: Thomas C. Breuer, mit der geballten Erfahrung von \u00fcber 40 Jahren Kabarett, auf B\u00fchnen und im Radio, in Deutschland und der Schweiz. Mittlerweile bewegt er sich virtuos in der Grauzone zwischen Humor und Coaching. Wie gelingt es, in einer immer un\u00fcbersichtlicheren Welt stabil zu bleiben? Tats\u00e4chlich nur mit Humor und einem gewissen Sicherheitsabstand. Herbeiatmen l\u00e4sst sich das seelische Gleichgewicht leider nicht. Aber wenn schon kr\u00e4nkeln an der Moderne, dann doch bitte sch\u00f6n ges\u00fcnder \u2013 stabil und heiter. Menschen, die sich bei dem Riesenangebot \u00fcberfordert f\u00fchlen, m\u00f6ge dieser Abend als Orientierungshilfe dienen, als Kompass, als Wegweiser (auch in Buchform Carl Auer-Verlag, Heidelberg, ab Herbst 2025). Niveauvoller Humor ist Breuers Kernkompetenz. Er arbeitet streng ausgewogen und verteilt seine Frechheiten nach allen Seiten und pl\u00e4diert f\u00fcr einen pragmatischeren Umgang mit dem Seelenheil. Oft hilft es schon, wenn man Probleme einfach auslacht und ihnen zu verstehen gibt: Mich kriegt ihr nicht klein! Alles andere sehen, h\u00f6ren oder lesen Sie unbedingt selbst!<\/p>","protected":false},"excerpt":{"rendered":"<p>Get your tickets here now!<\/p>","protected":false},"featured_media":68175,"template":"","meta":{"_acf_changed":false,"inline_featured_image":false},"product_brand":[],"product_cat":[351,31,922,86,6764,35,21,58],"product_tag":[3304,941,7183,951,943,1691,7182,944,947,948],"class_list":{"0":"post-68170","1":"product","2":"type-product","3":"status-publish","4":"has-post-thumbnail","6":"product_cat-academixer-keller","7":"product_cat-events","8":"product_cat-kultur","9":"product_cat-leipzig","10":"product_cat-lesung","11":"product_cat-orte","12":"product_cat-ticket","13":"product_cat-veranstaltung","14":"product_tag-academixer-keller","15":"product_tag-events","16":"product_tag-gesuender-kraenkeln","17":"product_tag-kultur","18":"product_tag-leipzig","19":"product_tag-lesung","20":"product_tag-lesung-thomas-c-breuer","21":"product_tag-orte","22":"product_tag-ticket","23":"product_tag-veranstaltung","24":"product_shipping_class-nur_paketversand","25":"pa_discount-normalpreis","26":"pa_discount-schwerbeschaedigt-inkl-begleitperson","27":"pa_preiskategorie-pk-i","28":"pa_preiskategorie-pk-ii","30":"first","31":"instock","32":"taxable","33":"shipping-taxable","34":"purchasable","35":"product-type-variable"},"group_of_quantity":0,"min_quantity":0,"max_quantity":"","exclude_order_quantity_value_rules":"no","exclude_category_quantity_rules":"no","combine_variations":"no","acf":[],"_links":{"self":[{"href":"https:\/\/arena-ticket.com\/en\/wp-json\/wp\/v2\/product\/68170","targetHints":{"allow":["GET"]}}],"collection":[{"href":"https:\/\/arena-ticket.com\/en\/wp-json\/wp\/v2\/product"}],"about":[{"href":"https:\/\/arena-ticket.com\/en\/wp-json\/wp\/v2\/types\/product"}],"wp:featuredmedia":[{"embeddable":true,"href":"https:\/\/arena-ticket.com\/en\/wp-json\/wp\/v2\/media\/68175"}],"wp:attachment":[{"href":"https:\/\/arena-ticket.com\/en\/wp-json\/wp\/v2\/media?parent=68170"}],"wp:term":[{"taxonomy":"product_brand","embeddable":true,"href":"https:\/\/arena-ticket.com\/en\/wp-json\/wp\/v2\/product_brand?post=68170"},{"taxonomy":"product_cat","embeddable":true,"href":"https:\/\/arena-ticket.com\/en\/wp-json\/wp\/v2\/product_cat?post=68170"},{"taxonomy":"product_tag","embeddable":true,"href":"https:\/\/arena-ticket.com\/en\/wp-json\/wp\/v2\/product_tag?post=68170"}],"curies":[{"name":"wp","href":"https:\/\/api.w.org\/{rel}","templated":true}]}}