{"id":68180,"date":"2026-03-04T11:44:14","date_gmt":"2026-03-04T10:44:14","guid":{"rendered":"https:\/\/arena-ticket.com\/?p=68180&#038;post_type=product&#038;preview_id=68180"},"modified":"2026-03-21T11:47:50","modified_gmt":"2026-03-21T10:47:50","slug":"leipzig-liest-lesung-ulf-annel-das-kabarett-ist-tot-es-lebe-das-kabarett-22-03-2026-1500-uhr-academixer-keller-kabarett","status":"publish","type":"product","link":"https:\/\/arena-ticket.com\/en\/product\/leipzig-liest-lesung-ulf-annel-das-kabarett-ist-tot-es-lebe-das-kabarett-22-03-2026-1500-uhr-academixer-keller-kabarett\/","title":{"rendered":"Lesung Ulf Annel  - Das Kabarett ist tot! Es lebe das Kabarett!"},"content":{"rendered":"<p>Das Kabarett ist tot! Es lebe das Kabarett! Echt jetzt?!? Das deutsche Kabarett gibt es schon 125 Jahre?<\/p>\n<p>Was macht das schon so oft totgesagte Kabarett so \u00fcberlebenst\u00fcchtig?<\/p>\n<p>Dieses \u201efr\u00f6hliche Kind einer elften Muse, die es in losen Liebschaften mit dem Theater, dem Variet\u00e9, der politischen Trib\u00fcne gezeugt\u201c hat, wie Friedrich Hollaender es beschrieb, es lebte und lebt vom menschlichen Widerspruchsgeist. Man mische den mit Humor, ein paar Pointen, mit etwas Augenzwinkern und der t\u00e4gliche Wahnsinn wird ertr\u00e4glicher. Wusste schon Schiller: Ernst ist das Leben, heiter ist die Kunst. Solange der Mensch noch selber denkt, wird das Kabarett leben.<\/p>\n<p>Der Erfurter \u201eArche\u201c-Kabarettist Ulf Annel zeichnet hier kurz, bunt und am\u00fcsant den Weg vom \u201e\u00dcberbrettl\u201c bis ins humoristisch-satirische Heute.<\/p>\n<p>Das Buch ist der Band 111 aus der inzwischen 114-b\u00e4ndigen Rhino Westentaschen-Bibliothek. Die \u201eKleinen Rhinos\u201c sind kleine, feine Geschenkb\u00fccher mit einem breiten Themenspektrum und vermitteln pr\u00e4gnante, kurzweilige und anschaulich bebilderte Informationen. Dazu z\u00e4hlen Ratgeberb\u00fccher aus dem Bereich Gesundheit und Essen, aber auch B\u00fccher mit unterhaltendinformativem Charakter oder regionalen Themengebieten mit \u00fcberregionaler Ausstrahlung sowie der Regionalgeschichte.<\/p>\n<p>Ulf Annel wurde 1955 in Erfurt geboren. Schon fr\u00fch zeigte sich bei ihm ein Hang zu Humor und Satire, der sich w\u00e4hrend des Journalistikstudiums in Leipzig noch verst\u00e4rkte. Seit 1981 ist er als Texter und Kabarettist beim Kabarett \u201eDie Arche\u201c t\u00e4tig. Er schrieb B\u00fccher \u00fcber Ringelnatz und Schiller sowie Die unglaubliche Geschichte Th\u00fcringens, au\u00dferdem Kurzkrimis, Aphorismen, Gedichte, Zeitungskolumnen und kleine Theaterst\u00fccke f\u00fcr Kinder und Jugendliche. TV- und Radioauftritte hatte er unter anderem im ZDF, in der ARD, beim WDR, SDR, MDR und SR.<\/p>\n<p>Der RHINOVERLAG, wurde 1993 gegr\u00fcndet. Im Mittelpunkt stehen die Rhino Westentaschen-Bibliothek, Regionalliteratur, kulinarische B\u00fccher, Bildb\u00e4nde, Th\u00fcringer Geschichte, allgemeine Zeitgeschichte und Kalender.<\/p>","protected":false},"excerpt":{"rendered":"<p>LESUNG findet in der Gastst\u00e4tte statt. Dauer 1 Std. Freie Platzwahl.<\/p>","protected":false},"featured_media":68183,"template":"","meta":{"_acf_changed":false,"inline_featured_image":false},"product_brand":[],"product_cat":[351,31,922,86,6764,35,21,58],"product_tag":[3304,7185,941,951,943,1691,7184,944,947,948],"class_list":{"0":"post-68180","1":"product","2":"type-product","3":"status-publish","4":"has-post-thumbnail","6":"product_cat-academixer-keller","7":"product_cat-events","8":"product_cat-kultur","9":"product_cat-leipzig","10":"product_cat-lesung","11":"product_cat-orte","12":"product_cat-ticket","13":"product_cat-veranstaltung","14":"product_tag-academixer-keller","15":"product_tag-das-kabarett-ist-tot-es-lebe-das-kabarett","16":"product_tag-events","17":"product_tag-kultur","18":"product_tag-leipzig","19":"product_tag-lesung","20":"product_tag-lesung-ulf-annel","21":"product_tag-orte","22":"product_tag-ticket","23":"product_tag-veranstaltung","24":"product_shipping_class-nur_paketversand","25":"pa_discount-normalpreis","26":"pa_discount-schwerbeschaedigt-inkl-begleitperson","27":"pa_preiskategorie-freie-platzwahl","29":"first","30":"outofstock","31":"taxable","32":"shipping-taxable","33":"purchasable","34":"product-type-variable"},"group_of_quantity":0,"min_quantity":0,"max_quantity":"","exclude_order_quantity_value_rules":"no","exclude_category_quantity_rules":"no","combine_variations":"no","acf":[],"_links":{"self":[{"href":"https:\/\/arena-ticket.com\/en\/wp-json\/wp\/v2\/product\/68180","targetHints":{"allow":["GET"]}}],"collection":[{"href":"https:\/\/arena-ticket.com\/en\/wp-json\/wp\/v2\/product"}],"about":[{"href":"https:\/\/arena-ticket.com\/en\/wp-json\/wp\/v2\/types\/product"}],"wp:featuredmedia":[{"embeddable":true,"href":"https:\/\/arena-ticket.com\/en\/wp-json\/wp\/v2\/media\/68183"}],"wp:attachment":[{"href":"https:\/\/arena-ticket.com\/en\/wp-json\/wp\/v2\/media?parent=68180"}],"wp:term":[{"taxonomy":"product_brand","embeddable":true,"href":"https:\/\/arena-ticket.com\/en\/wp-json\/wp\/v2\/product_brand?post=68180"},{"taxonomy":"product_cat","embeddable":true,"href":"https:\/\/arena-ticket.com\/en\/wp-json\/wp\/v2\/product_cat?post=68180"},{"taxonomy":"product_tag","embeddable":true,"href":"https:\/\/arena-ticket.com\/en\/wp-json\/wp\/v2\/product_tag?post=68180"}],"curies":[{"name":"wp","href":"https:\/\/api.w.org\/{rel}","templated":true}]}}