{"id":68197,"date":"2026-03-04T13:36:31","date_gmt":"2026-03-04T12:36:31","guid":{"rendered":"https:\/\/arena-ticket.com\/?p=68197&#038;post_type=product&#038;preview_id=68197"},"modified":"2026-03-04T18:12:59","modified_gmt":"2026-03-04T17:12:59","slug":"christian-steiffen-ich-komme-open-air-2026-dresden-junge-garde-03-07-2026-1930-uhr","status":"publish","type":"product","link":"https:\/\/arena-ticket.com\/en\/product\/christian-steiffen-ich-komme-open-air-2026-dresden-junge-garde-03-07-2026-1930-uhr\/","title":{"rendered":"Christian Steiffen - DAS GROSSE CHRISTIAN STEIFFEN OPEN AIR"},"content":{"rendered":"<p>Nach einem \u00fcberaus erfolgreichen Konzertjahr 2025 mit fast vollst\u00e4ndig ausverkauften Shows geht es f\u00fcr Christian Steiffen im kommenden Jahr in die n\u00e4chste Runde. Die \u201eICH KOMME! 2026\u201c-Tour im April und Mai befindet sich bereits im Vorverkauf. Und auch f\u00fcr den Sommer 2026 gibt es gute Nachrichten: Im Juni, Juli und August pr\u00e4sentiert der selbsternannte \u201eGott of Schlager\u201c seine gr\u00f6\u00dften Hits und seine unverwechselbare Show auf Open-Air-B\u00fchnen und Zelt-Festivals in neun deutschen St\u00e4dten.<\/p>\n<p>Ob in gro\u00dfen Hallen oder unter freiem Himmel \u2013 wo Christian Steiffen auftritt, wird jede Show zum Erlebnis. Der \u201eArbeiter der Liebe\u201c verwandelt seine Shows mit markanten Texten, viel Humor und der kraftvollen Unterst\u00fctzung des Original Haseland Orchesters in mitrei\u00dfende Mega-Partys. Die einzigartige Mischung aus Unterhaltung, Witz und musikalischer Raffinesse schafft so eine Atmosph\u00e4re, die seine Konzerte unvergesslich macht \u2013 und seine stetig wachsende Fangemeinde begeistert. Die Chance, den \u201eGott of Schlager\u201c live zu erleben, sollte man sich nicht entgehen lassen \u2013 denn eines ist sicher: Wo der Steiffen ist, da ist Party!<\/p>","protected":false},"excerpt":{"rendered":"<p>CHRISTIAN STEIFFEN LEGT NACH UND K\u00dcNDIGT \u201eICH KOMME! OPEN AIR 2026\u201c-TOUR F\u00dcR DEN SOMMER AN<\/p>","protected":false},"featured_media":68199,"template":"","meta":{"_acf_changed":false,"inline_featured_image":false},"product_brand":[],"product_cat":[87,31,403,69,35,21,58],"product_tag":[4320,4632,940,941,996,942,944,947,948],"class_list":{"0":"post-68197","1":"product","2":"type-product","3":"status-publish","4":"has-post-thumbnail","6":"product_cat-dresden","7":"product_cat-events","8":"product_cat-freilichtbuehne-grosser-garten-junge-garde","9":"product_cat-konzert","10":"product_cat-orte","11":"product_cat-ticket","12":"product_cat-veranstaltung","13":"product_tag-christian-steiffen","14":"product_tag-das-grosse-christian-steiffen-open-air","15":"product_tag-dresden","16":"product_tag-events","17":"product_tag-freilichtbuehne-grosser-garten-junge-garde","18":"product_tag-konzert","19":"product_tag-orte","20":"product_tag-ticket","21":"product_tag-veranstaltung","22":"product_shipping_class-nur_paketversand","23":"pa_discount-inklusive-begleitperson","24":"pa_discount-normalpreis","25":"pa_preiskategorie-freie-platzwahl","26":"pa_preiskategorie-rollstuhlfahrer","28":"first","29":"instock","30":"taxable","31":"shipping-taxable","32":"purchasable","33":"product-type-variable"},"group_of_quantity":0,"min_quantity":0,"max_quantity":"","exclude_order_quantity_value_rules":"no","exclude_category_quantity_rules":"no","combine_variations":"no","acf":[],"_links":{"self":[{"href":"https:\/\/arena-ticket.com\/en\/wp-json\/wp\/v2\/product\/68197","targetHints":{"allow":["GET"]}}],"collection":[{"href":"https:\/\/arena-ticket.com\/en\/wp-json\/wp\/v2\/product"}],"about":[{"href":"https:\/\/arena-ticket.com\/en\/wp-json\/wp\/v2\/types\/product"}],"wp:featuredmedia":[{"embeddable":true,"href":"https:\/\/arena-ticket.com\/en\/wp-json\/wp\/v2\/media\/68199"}],"wp:attachment":[{"href":"https:\/\/arena-ticket.com\/en\/wp-json\/wp\/v2\/media?parent=68197"}],"wp:term":[{"taxonomy":"product_brand","embeddable":true,"href":"https:\/\/arena-ticket.com\/en\/wp-json\/wp\/v2\/product_brand?post=68197"},{"taxonomy":"product_cat","embeddable":true,"href":"https:\/\/arena-ticket.com\/en\/wp-json\/wp\/v2\/product_cat?post=68197"},{"taxonomy":"product_tag","embeddable":true,"href":"https:\/\/arena-ticket.com\/en\/wp-json\/wp\/v2\/product_tag?post=68197"}],"curies":[{"name":"wp","href":"https:\/\/api.w.org\/{rel}","templated":true}]}}