{"id":68291,"date":"2026-03-05T11:18:13","date_gmt":"2026-03-05T10:18:13","guid":{"rendered":"https:\/\/arena-ticket.com\/?p=68291&#038;post_type=product&#038;preview_id=68291"},"modified":"2026-03-05T12:23:31","modified_gmt":"2026-03-05T11:23:31","slug":"35-saechsisches-mozartfest-chemnitz-kreuzkirche-08-05-2026-1945-uhr","status":"publish","type":"product","link":"https:\/\/arena-ticket.com\/en\/product\/35-saechsisches-mozartfest-chemnitz-kreuzkirche-08-05-2026-1945-uhr\/","title":{"rendered":"35. S\u00e4chsisches Mozartfest"},"content":{"rendered":"<p>&nbsp;<\/p>\n<p>&nbsp;<\/p>\n<p>Neben Werken von Clara Schumann und der jungen britischen Komponistin Lucy Armstrong (*1991)\u00a0erklingen Werke von Franz Xaver und Wolfgang Amad\u00e9 Mozart.<\/p>\n<p>Zur Begr\u00fc\u00dfung musizieren die Kinder- und Jugendensembles \u201e100Mozartkinder\u201c und \u201eAmaNeo\u201c\u00a0sowie Sch\u00fcler:innen der Jugendkunstschule ZU\u0160 Chomutov ab 19.00 Uhr vor der Kreuzkirche.<\/p>\n<p>&nbsp;<\/p>\n<p>&nbsp;<\/p>\n<p>Das Schaffen und Wirken Wolfgang Amadeus Mozarts (1756- 1791) steht im Mittelpunkt der T\u00e4tigkeit der S\u00e4chsischen Mozart-Gesellschaft. Damit verbunden ist vor allem die F\u00f6rderung des musikalischen Nachwuchses durch Stipendien und F\u00f6rderpreise.<\/p>\n<p>Die S\u00e4chische Mozart-Gesellschaft e.V. steht f\u00fcr das besondere Konzerterlebnis und Nachwuchsf\u00f6rderung in der Region. Sie bilden, f\u00f6rdern, veranstalten, bewahren und entwickeln neu durch ihre Konzerte und Projekte.<\/p>\n<p>Das von der Mozart-Gesellschaft j\u00e4hrlich veranstaltete Mozartfest ist das gr\u00f6\u00dfte Klassikmusikereignis in Sachsen und geh\u00f6rt seit 1995 zu den j\u00e4hrlichen kulturellen H\u00f6hepunkten in Chemnitz.<\/p>","protected":false},"excerpt":{"rendered":"<p>Er\u00f6ffnungskonzert - 35. S\u00e4chsisches Mozartfest 2026 -\u00a0\"Von Angesicht zu Angesicht\" -\u00a0Sichern Sie sich Ihr Ticket!<\/p>","protected":false},"featured_media":68296,"template":"","meta":{"_acf_changed":false,"inline_featured_image":false},"product_brand":[],"product_cat":[103,31,69,7192,35,6746,21,58,6581],"product_tag":[7191,992,3276,941,942,7193,3106,944,6814,947,948,2048,6539],"class_list":{"0":"post-68291","1":"product","2":"type-product","3":"status-publish","4":"has-post-thumbnail","6":"product_cat-chemnitz","7":"product_cat-events","8":"product_cat-konzert","9":"product_cat-kreuzkirche-chemnitz","10":"product_cat-orte","11":"product_cat-singer-songwriter","12":"product_cat-ticket","13":"product_cat-veranstaltung","14":"product_cat-weihnachten","15":"product_tag-35-saechsisches-mozartfest","16":"product_tag-chemnitz","17":"product_tag-dirk-michaelis","18":"product_tag-events","19":"product_tag-konzert","20":"product_tag-kreuzkirche-chemnitz","21":"product_tag-markuskirche-chemnitz","22":"product_tag-orte","23":"product_tag-singer-songwriter","24":"product_tag-ticket","25":"product_tag-veranstaltung","26":"product_tag-weihnachten","27":"product_tag-weihnachtstournee-2026","28":"product_shipping_class-nur_paketversand","29":"pa_discount-ermaessigt","30":"pa_discount-normalpreis","31":"pa_preiskategorie-pk-i","32":"pa_preiskategorie-pk-ii","33":"pa_preiskategorie-pk-iii","34":"pa_preiskategorie-pk-iv","36":"first","37":"instock","38":"taxable","39":"shipping-taxable","40":"purchasable","41":"product-type-variable"},"group_of_quantity":0,"min_quantity":0,"max_quantity":"","exclude_order_quantity_value_rules":"no","exclude_category_quantity_rules":"no","combine_variations":"no","acf":[],"_links":{"self":[{"href":"https:\/\/arena-ticket.com\/en\/wp-json\/wp\/v2\/product\/68291","targetHints":{"allow":["GET"]}}],"collection":[{"href":"https:\/\/arena-ticket.com\/en\/wp-json\/wp\/v2\/product"}],"about":[{"href":"https:\/\/arena-ticket.com\/en\/wp-json\/wp\/v2\/types\/product"}],"wp:featuredmedia":[{"embeddable":true,"href":"https:\/\/arena-ticket.com\/en\/wp-json\/wp\/v2\/media\/68296"}],"wp:attachment":[{"href":"https:\/\/arena-ticket.com\/en\/wp-json\/wp\/v2\/media?parent=68291"}],"wp:term":[{"taxonomy":"product_brand","embeddable":true,"href":"https:\/\/arena-ticket.com\/en\/wp-json\/wp\/v2\/product_brand?post=68291"},{"taxonomy":"product_cat","embeddable":true,"href":"https:\/\/arena-ticket.com\/en\/wp-json\/wp\/v2\/product_cat?post=68291"},{"taxonomy":"product_tag","embeddable":true,"href":"https:\/\/arena-ticket.com\/en\/wp-json\/wp\/v2\/product_tag?post=68291"}],"curies":[{"name":"wp","href":"https:\/\/api.w.org\/{rel}","templated":true}]}}