{"id":68319,"date":"2026-03-05T12:03:58","date_gmt":"2026-03-05T11:03:58","guid":{"rendered":"https:\/\/arena-ticket.com\/?p=68319&#038;post_type=product&#038;preview_id=68319"},"modified":"2026-03-17T15:56:18","modified_gmt":"2026-03-17T14:56:18","slug":"die-schoene-und-das-biest-das-neue-musical-haus-auensee-leipzig-03-03-2027-1900-uhr","status":"publish","type":"product","link":"https:\/\/arena-ticket.com\/en\/product\/die-schoene-und-das-biest-das-neue-musical-haus-auensee-leipzig-03-03-2027-1900-uhr\/","title":{"rendered":"Die Sch\u00f6ne und das Biest  - Das neue Musical"},"content":{"rendered":"<p>DIE SCH\u00d6NE UND DAS BIEST, ein M\u00e4rchen so alt wie die Welt, erwacht im Fr\u00fchjahr 2027 als zauberhaftes Musical zu neuem Leben. Die ber\u00fchrende Erz\u00e4hlung \u00fcber das verwunschene Biest und die sch\u00f6ne Belle, die seit Jahrhunderten Generationen an die Kraft der wahren Liebe erinnert, erwacht nun als unvergessliches Live-Erlebnis f\u00fcr die ganze Familie und bringt ihren Zauber direkt auf die B\u00fchne.<\/p>\n<p>Die Inszenierung vereint die sch\u00f6nsten Momente des franz\u00f6sischen Originals mit spannenden neuen \u00dcberraschungen. Gro\u00dfe Melodien, m\u00e4rchenhafte B\u00fchnenbilder und atemberaubende Kost\u00fcme erschaffen eine magische Welt voller Romantik, Abenteuer und Wunder. Ein verzauberndes B\u00fchnen-Erlebnis \u00fcber eine Liebe, die alle Grenzen \u00fcberwindet.<\/p>\n<p>Es war einmal vor langer Zeit \u2026<br \/>\nEin herzloser Prinz wird von einer m\u00e4chtigen Zauberin in ein abscheuliches Biest verwandelt. Nur wenn er die wahre Liebe findet, kann der Fluch gebrochen werden. Verborgen vor der Welt, eingeh\u00fcllt in dichten Nebel, geraten das Schloss und all seine Bewohner in Vergessenheit - Bis Belles Vater sich eines Tages im Wald verirrt, Zuflucht im Schloss sucht und dort vom Biest gefangen genommen wird. Die mutige Belle findet ihn und tauscht ihre Freiheit gegen die seine.<\/p>\n<p>Dem Biest ausgeliefert, lernt sie schon bald hinter sein \u00c4u\u00dferes zu blicken - Und begegnet einem Wesen voller Wut, aber auch Trauer und Herzlichkeit. Nach und nach ergr\u00fcndet sie ein dunkles Geheimnis - Denn nichts ist so, wie es scheint und hinter dem Fluch lauert eine verh\u00e4ngnisvolle Wahrheit, die nicht nur den Prinzen, sondern auch das Dorf und seine Bewohner bedroht.<\/p>\n<p>Wird es Belle gelingen, den Fluch zu brechen und mit der Kraft der wahren Liebe den Prinzen zu befreien?<\/p>","protected":false},"excerpt":{"rendered":"<p>Die ber\u00fchrende Erz\u00e4hlung \u00fcber das verwunschene Biest und die sch\u00f6ne Belle, die seit Jahrhunderten Generationen an die Kraft der wahren Liebe erinnert.<\/p>","protected":false},"featured_media":68328,"template":"","meta":{"_acf_changed":false,"inline_featured_image":false},"product_brand":[],"product_cat":[31,344,86,6729,64,35,21,58],"product_tag":[7195,5967,941,962,943,963,6773,944,947,948],"class_list":{"0":"post-68319","1":"product","2":"type-product","3":"status-publish","4":"has-post-thumbnail","6":"product_cat-events","7":"product_cat-haus-auensee","8":"product_cat-leipzig","9":"product_cat-musical","10":"product_cat-musical-show","11":"product_cat-orte","12":"product_cat-ticket","13":"product_cat-veranstaltung","14":"product_tag-das-neue-musical","15":"product_tag-die-schoene-und-das-biest","16":"product_tag-events","17":"product_tag-haus-auensee","18":"product_tag-leipzig","19":"product_tag-musical","20":"product_tag-musical-show","21":"product_tag-orte","22":"product_tag-ticket","23":"product_tag-veranstaltung","24":"product_shipping_class-nur_paketversand","25":"pa_discount-inklusive-begleitperson","26":"pa_discount-kind","27":"pa_discount-normalpreis","28":"pa_preiskategorie-pk-i","29":"pa_preiskategorie-pk-ii","30":"pa_preiskategorie-pk-iii","31":"pa_preiskategorie-premium","32":"pa_preiskategorie-rollstuhlfahrer","33":"pa_preiskategorie-schwerbeschaedigt","35":"first","36":"instock","37":"taxable","38":"shipping-taxable","39":"purchasable","40":"product-type-variable"},"group_of_quantity":0,"min_quantity":0,"max_quantity":"","exclude_order_quantity_value_rules":"no","exclude_category_quantity_rules":"no","combine_variations":"no","acf":[],"_links":{"self":[{"href":"https:\/\/arena-ticket.com\/en\/wp-json\/wp\/v2\/product\/68319","targetHints":{"allow":["GET"]}}],"collection":[{"href":"https:\/\/arena-ticket.com\/en\/wp-json\/wp\/v2\/product"}],"about":[{"href":"https:\/\/arena-ticket.com\/en\/wp-json\/wp\/v2\/types\/product"}],"wp:featuredmedia":[{"embeddable":true,"href":"https:\/\/arena-ticket.com\/en\/wp-json\/wp\/v2\/media\/68328"}],"wp:attachment":[{"href":"https:\/\/arena-ticket.com\/en\/wp-json\/wp\/v2\/media?parent=68319"}],"wp:term":[{"taxonomy":"product_brand","embeddable":true,"href":"https:\/\/arena-ticket.com\/en\/wp-json\/wp\/v2\/product_brand?post=68319"},{"taxonomy":"product_cat","embeddable":true,"href":"https:\/\/arena-ticket.com\/en\/wp-json\/wp\/v2\/product_cat?post=68319"},{"taxonomy":"product_tag","embeddable":true,"href":"https:\/\/arena-ticket.com\/en\/wp-json\/wp\/v2\/product_tag?post=68319"}],"curies":[{"name":"wp","href":"https:\/\/api.w.org\/{rel}","templated":true}]}}