{"id":68345,"date":"2026-03-05T12:31:12","date_gmt":"2026-03-05T11:31:12","guid":{"rendered":"https:\/\/arena-ticket.com\/?p=68345&#038;post_type=product&#038;preview_id=68345"},"modified":"2026-03-05T12:41:09","modified_gmt":"2026-03-05T11:41:09","slug":"gastspiel-ballroom-blitz-the-sweet-tribute-leipzig-krystallpalast-variete-03-11-2026-1930-uhr","status":"publish","type":"product","link":"https:\/\/arena-ticket.com\/en\/product\/gastspiel-ballroom-blitz-the-sweet-tribute-leipzig-krystallpalast-variete-03-11-2026-1930-uhr\/","title":{"rendered":"BALLROOM BLITZ  - The Sweet Tribute"},"content":{"rendered":"<section class=\"c-full c-inner c-narrow\" data-c=\"stageteasertext\" data-qa=\"stageteasertext-component\">\n<div class=\"container\">\n<div class=\"external-content no-margin\">\n<div class=\"u-position-relative js-moretext-wrapper\">\n<div class=\"moretext js-moretext expanded\" data-qa=\"readMoreText\">\n<div class=\"moretext-teaser\">\n<section class=\"c-full c-inner c-narrow\" data-c=\"stageteasertext\" data-qa=\"stageteasertext-component\">\n<div class=\"container\">\n<div class=\"external-content no-margin\">\n<div class=\"u-position-relative js-moretext-wrapper\">\n<div class=\"moretext js-moretext expanded\" data-qa=\"readMoreText\">\n<div class=\"moretext-teaser\">\n<p class=\"headline\">Ein Abend voller Kultsongs<\/p>\n<p>Die BALLROOM BLITZ Show bringt das Gef\u00fchl der 70er zur\u00fcck \u2013 eine \u00c4ra, in der Handys und Computer noch Zukunftsmusik waren, der Kamm in der Ges\u00e4\u00dftasche ein Muss und gef\u00f6nte Langhaarfrisuren einfach \u201edufte\u201c. Die Show pr\u00e4sentiert eine mitrei\u00dfende Pop-Show im Stil des Glam-Rocks. Im typischen Outfit der Zeit spielt die Band alle gro\u00dfen Hits von THE SWEET, von der ersten deutschen Nummer 1 \u201eCo-Co\u201c bis zum Evergreen \u201eLove Is Like Oxygen\u201c. Ein Abend voller Kultsongs und dem unverkennbaren Flair der 70er.<\/p>\n<\/div>\n<\/div>\n<\/div>\n<\/div>\n<\/div>\n<\/section>\n<\/div>\n<\/div>\n<\/div>\n<\/div>\n<\/div>\n<\/section>","protected":false},"excerpt":{"rendered":"<p>Get your tickets now!<\/p>","protected":false},"featured_media":68348,"template":"","meta":{"_acf_changed":false,"inline_featured_image":false},"product_brand":[],"product_cat":[31,6740,69,427,86,35,21,58],"product_tag":[7006,7196,941,7005,6975,942,2740,3023,943,944,7197,947,948],"class_list":{"0":"post-68345","1":"product","2":"type-product","3":"status-publish","4":"has-post-thumbnail","6":"product_cat-events","7":"product_cat-jazz-blues","8":"product_cat-konzert","9":"product_cat-krystallpalast-variete","10":"product_cat-leipzig","11":"product_cat-orte","12":"product_cat-ticket","13":"product_cat-veranstaltung","14":"product_tag-a-tribute-to-amy-winehouse","15":"product_tag-ballroom-blitz","16":"product_tag-events","17":"product_tag-gastspiel-christine-ladda-band","18":"product_tag-jazz-blues","19":"product_tag-konzert","20":"product_tag-krystallpalast","21":"product_tag-krystallpalast-variete","22":"product_tag-leipzig","23":"product_tag-orte","24":"product_tag-the-sweet-tribute","25":"product_tag-ticket","26":"product_tag-veranstaltung","27":"product_shipping_class-nur_paketversand","28":"pa_discount-ermaessigt","29":"pa_discount-normalpreis","30":"pa_preiskategorie-pk-i","31":"pa_preiskategorie-pk-ii","33":"first","34":"instock","35":"taxable","36":"shipping-taxable","37":"purchasable","38":"product-type-variable"},"group_of_quantity":0,"min_quantity":0,"max_quantity":"","exclude_order_quantity_value_rules":"no","exclude_category_quantity_rules":"no","combine_variations":"no","acf":[],"_links":{"self":[{"href":"https:\/\/arena-ticket.com\/en\/wp-json\/wp\/v2\/product\/68345","targetHints":{"allow":["GET"]}}],"collection":[{"href":"https:\/\/arena-ticket.com\/en\/wp-json\/wp\/v2\/product"}],"about":[{"href":"https:\/\/arena-ticket.com\/en\/wp-json\/wp\/v2\/types\/product"}],"wp:featuredmedia":[{"embeddable":true,"href":"https:\/\/arena-ticket.com\/en\/wp-json\/wp\/v2\/media\/68348"}],"wp:attachment":[{"href":"https:\/\/arena-ticket.com\/en\/wp-json\/wp\/v2\/media?parent=68345"}],"wp:term":[{"taxonomy":"product_brand","embeddable":true,"href":"https:\/\/arena-ticket.com\/en\/wp-json\/wp\/v2\/product_brand?post=68345"},{"taxonomy":"product_cat","embeddable":true,"href":"https:\/\/arena-ticket.com\/en\/wp-json\/wp\/v2\/product_cat?post=68345"},{"taxonomy":"product_tag","embeddable":true,"href":"https:\/\/arena-ticket.com\/en\/wp-json\/wp\/v2\/product_tag?post=68345"}],"curies":[{"name":"wp","href":"https:\/\/api.w.org\/{rel}","templated":true}]}}