{"id":68352,"date":"2026-03-05T12:40:18","date_gmt":"2026-03-05T11:40:18","guid":{"rendered":"https:\/\/arena-ticket.com\/?p=68352&#038;post_type=product&#038;preview_id=68352"},"modified":"2026-04-17T14:36:38","modified_gmt":"2026-04-17T12:36:38","slug":"jan-boehmermann-das-rundfunk-tanzorchester-ehrenfeld-auf-auf-ehrenfeld-tour-2027-leipzig-quarterback-immobilien-arena-21-01-2027-2000-uhr","status":"publish","type":"product","link":"https:\/\/arena-ticket.com\/en\/product\/jan-boehmermann-das-rundfunk-tanzorchester-ehrenfeld-auf-auf-ehrenfeld-tour-2027-leipzig-quarterback-immobilien-arena-21-01-2027-2000-uhr\/","title":{"rendered":"Jan B\u00f6hmermann &amp; Das Tanzorchester Ehrenfeld - Auf! Auf! Ehrenfeld! Tour 2027"},"content":{"rendered":"<p>Zehn Abende, zehn Shows, zehn St\u00e4dte! \u2013 Jan B\u00f6hmermann und das Rundfunk-Tanzorchester Ehrenfeld erheben sich, brechen aus dem \u201eZDF Magazin Royale\u201c aus und ziehen ab dem 19. Januar 2027 mit ihrer neuen Live-Show \u201eAuf! Auf! Ehrenfeld!\u201c auf Deutschland-Tour der Sonne entgegen.<\/p>\n<p>Erstklassige satirisch-politische Revue, subversive Show, spitze Lyrik und herausragende Live-Musik: Jan B\u00f6hmermann und das Rundfunk-Tanzorchester Ehrenfeld verschmelzen alles in ihrer neuen radikal vorw\u00e4rts gerichteten Show, die der d\u00fcsteren Gegenwart nicht ausweicht, sondern sich ihr lachend und mit Anlauf entgegenwirft.<\/p>\n<p>\u201eDie Feinde der Vernunft sind laut. Die Feinde der Freude sind organisiert. Die Feinde des freien Gedankens haben Ausdauer. Aber wir haben das Rundfunk-Tanzorchester Ehrenfeld \u2013 und richtig Bock,\u201c freut sich Jan B\u00f6hmermann auf seine f\u00fcnfte gemeinsame Tour 2027 mit dem Rundfunk-Tanzorchester Ehrenfeld. \u201eDen Kopf einziehen, ist keine Option. Gegen das Sickergift der Angst hilft nur: kraftvoll nach vorne schreiten und Spa\u00df haben! Auf! Auf! In die Offensive! Das wird eine fantastische Show!\u201c<\/p>\n<p>Jan B\u00f6hmermann moderiert seit 2013 w\u00f6chentlich die preisgekr\u00f6nte politische Satire-Show \u201eZDF Magazin Royale\u201c und f\u00fchrt seit 2016 gemeinsam mit Olli Schulz durch den Spotify-Podcast \u201efest &amp; flauschig\u201c \u2013 einer der meistgeh\u00f6rten Podcasts der Welt. Jan B\u00f6hmermann ist siebenfacher Grimme-Preis-Tr\u00e4ger, wurde sechs Mal mit den Deutschen Fernsehpreis ausgezeichnet, sowie der Rose d\u2019Or als \u201eEntertainer of the Year\u201c, der Romy, dem Bayerischen Fernsehpreis oder dem Venus Sex-Award 2022 u.v.m.<\/p>\n<p>Das 15-k\u00f6pfige Rundfunk-Tanzorchester Ehrenfeld (RTO) unter der Leitung von Lorenz Rhode gilt als der beste Rundfunk-Klangk\u00f6rper Kontinentaleuropas. Es wurde 2016 gegr\u00fcndet, spielt seit 2017 jede Woche live im \u201eZDF Magazin Royale\u201c, und feiert im Jahr 2026 sein zehnj\u00e4hriges Bestehen. Das RTO spielte schon gemeinsam mit vielen namhaften nationalen und internationalen K\u00fcnstler:innen wie Lizzo, Stromae, SSIO, Father John Misty, Placebo, Woodkid, Lola Young, Herbert Gr\u00f6nemeyer, Tokio Hotel, Nina Chuba, Kraftklub und vielen, vielen mehr\u2026<\/p>\n<p>Vom 19. Januar bis zum 2. Februar 2027 steigen Jan B\u00f6hmermann und das Rundfunk-Tanzorchester Ehrenfeld bei \u201eAuf! Auf! Ehrenfeld\u201c in zehn St\u00e4dten der Republik auf die Barrikaden.<\/p>\n<p>&nbsp;<\/p>\n<p>&nbsp;<\/p>","protected":false},"excerpt":{"rendered":"<p>Erstklassige satirisch-politische Revue, subversive Show, spitze Lyrik und herausragende Live-Musik.<\/p>","protected":false},"featured_media":68360,"template":"","meta":{"_acf_changed":false,"inline_featured_image":false},"product_brand":[],"product_cat":[31,69,86,35,37,6749,21,22,58],"product_tag":[7198,2931,941,2930,942,943,944,945,6779,947,973,948],"class_list":{"0":"post-68352","1":"product","2":"type-product","3":"status-publish","4":"has-post-thumbnail","6":"product_cat-events","7":"product_cat-konzert","8":"product_cat-leipzig","9":"product_cat-orte","10":"product_cat-quarterback-immobilien-arena","11":"product_cat-sonstiges_konzert","12":"product_cat-ticket","13":"product_cat-ticketupgrades-zusatzleistungen","14":"product_cat-veranstaltung","15":"product_tag-auf-auf-ehrenfeld-tour-2027","16":"product_tag-eisern-ehrenfeld","17":"product_tag-events","18":"product_tag-jan-boehmermann-das-tanzorchester-ehrenfeld","19":"product_tag-konzert","20":"product_tag-leipzig","21":"product_tag-orte","22":"product_tag-quarterback-immobilien-arena","23":"product_tag-sonstiges","24":"product_tag-ticket","25":"product_tag-ticketupgrades-zusatzleistungen","26":"product_tag-veranstaltung","27":"product_shipping_class-abholung_paketversand","28":"pa_discount-inklusive-begleitperson","29":"pa_discount-normalpreis","30":"pa_discount-vip-sitzplatz","31":"pa_preiskategorie-ggv-up","32":"pa_preiskategorie-pgv-up","33":"pa_preiskategorie-pk-i","34":"pa_preiskategorie-pk-ii","35":"pa_preiskategorie-pk-iii","36":"pa_preiskategorie-pk-iv","37":"pa_preiskategorie-pk-v","38":"pa_preiskategorie-rollstuhlfahrer","39":"pa_preiskategorie-vip-package-backstage-club","40":"pa_preiskategorie-vipu-up","42":"first","43":"instock","44":"taxable","45":"shipping-taxable","46":"purchasable","47":"product-type-variable"},"group_of_quantity":0,"min_quantity":0,"max_quantity":"","exclude_order_quantity_value_rules":"no","exclude_category_quantity_rules":"no","combine_variations":"no","acf":[],"_links":{"self":[{"href":"https:\/\/arena-ticket.com\/en\/wp-json\/wp\/v2\/product\/68352","targetHints":{"allow":["GET"]}}],"collection":[{"href":"https:\/\/arena-ticket.com\/en\/wp-json\/wp\/v2\/product"}],"about":[{"href":"https:\/\/arena-ticket.com\/en\/wp-json\/wp\/v2\/types\/product"}],"wp:featuredmedia":[{"embeddable":true,"href":"https:\/\/arena-ticket.com\/en\/wp-json\/wp\/v2\/media\/68360"}],"wp:attachment":[{"href":"https:\/\/arena-ticket.com\/en\/wp-json\/wp\/v2\/media?parent=68352"}],"wp:term":[{"taxonomy":"product_brand","embeddable":true,"href":"https:\/\/arena-ticket.com\/en\/wp-json\/wp\/v2\/product_brand?post=68352"},{"taxonomy":"product_cat","embeddable":true,"href":"https:\/\/arena-ticket.com\/en\/wp-json\/wp\/v2\/product_cat?post=68352"},{"taxonomy":"product_tag","embeddable":true,"href":"https:\/\/arena-ticket.com\/en\/wp-json\/wp\/v2\/product_tag?post=68352"}],"curies":[{"name":"wp","href":"https:\/\/api.w.org\/{rel}","templated":true}]}}