{"id":68364,"date":"2026-03-05T14:33:56","date_gmt":"2026-03-05T13:33:56","guid":{"rendered":"https:\/\/arena-ticket.com\/?p=68364&#038;post_type=product&#038;preview_id=68364"},"modified":"2026-03-05T15:02:26","modified_gmt":"2026-03-05T14:02:26","slug":"kokubu-the-drums-of-japan-infinity-tour-2026-2027-leipzig-haus-auensee-29-01-2027-2000-uhr","status":"publish","type":"product","link":"https:\/\/arena-ticket.com\/en\/product\/kokubu-the-drums-of-japan-infinity-tour-2026-2027-leipzig-haus-auensee-29-01-2027-2000-uhr\/","title":{"rendered":"KOKUBU  - The Drums of Japan - \"INFINITY\"-Tour 2026\/2027"},"content":{"rendered":"<p>Atemberaubend \u2013 Spirituell \u2013 Archaisch - Athletisch<\/p>\n<p>Kokubu eine der weltweit bekanntesten Taiko-Trommelgruppen geht 2026 wieder auf gro\u00dfe Deutschlandtournee und setzt nach ihren umjubelten Tourneen der vergangenen Jahre mit ihrer aktuellen show \u201eInfinity\u201c neue Aktzente.<\/p>\n<p>Mit donnernden Rhythmen, atemberaubender Pr\u00e4zision, beeindruckender Synchronit\u00e4t und purer Energie entf\u00fchrt Kokubu das Publikum in die Seele Japans. Die perfekte Fusion aus jahrhundertealter Tradition und packender modernen Performance. Jeder Schlag ein Beben, jede Bewegung eine Sensation.<\/p>","protected":false},"excerpt":{"rendered":"<p>Kokubu eine der weltweit bekanntesten Taiko-Trommelgruppen geht 2026 wieder auf gro\u00dfe Deutschlandtournee!<\/p>","protected":false},"featured_media":68370,"template":"","meta":{"_acf_changed":false,"inline_featured_image":false},"product_brand":[],"product_cat":[31,344,69,86,35,6749,21,58],"product_tag":[941,962,7199,942,943,944,6779,7200,947,948],"class_list":{"0":"post-68364","1":"product","2":"type-product","3":"status-publish","4":"has-post-thumbnail","6":"product_cat-events","7":"product_cat-haus-auensee","8":"product_cat-konzert","9":"product_cat-leipzig","10":"product_cat-orte","11":"product_cat-sonstiges_konzert","12":"product_cat-ticket","13":"product_cat-veranstaltung","14":"product_tag-events","15":"product_tag-haus-auensee","16":"product_tag-kokubu","17":"product_tag-konzert","18":"product_tag-leipzig","19":"product_tag-orte","20":"product_tag-sonstiges","21":"product_tag-the-drums-of-japan-infinity-tour-2026-2027","22":"product_tag-ticket","23":"product_tag-veranstaltung","24":"product_shipping_class-nur_paketversand","25":"pa_discount-normalpreis","26":"pa_preiskategorie-pk-i","27":"pa_preiskategorie-pk-ii","28":"pa_preiskategorie-pk-iii","29":"pa_preiskategorie-pk-iv","31":"first","32":"instock","33":"taxable","34":"shipping-taxable","35":"purchasable","36":"product-type-variable","37":"has-default-attributes"},"group_of_quantity":0,"min_quantity":0,"max_quantity":"","exclude_order_quantity_value_rules":"no","exclude_category_quantity_rules":"no","combine_variations":"no","acf":[],"_links":{"self":[{"href":"https:\/\/arena-ticket.com\/en\/wp-json\/wp\/v2\/product\/68364","targetHints":{"allow":["GET"]}}],"collection":[{"href":"https:\/\/arena-ticket.com\/en\/wp-json\/wp\/v2\/product"}],"about":[{"href":"https:\/\/arena-ticket.com\/en\/wp-json\/wp\/v2\/types\/product"}],"wp:featuredmedia":[{"embeddable":true,"href":"https:\/\/arena-ticket.com\/en\/wp-json\/wp\/v2\/media\/68370"}],"wp:attachment":[{"href":"https:\/\/arena-ticket.com\/en\/wp-json\/wp\/v2\/media?parent=68364"}],"wp:term":[{"taxonomy":"product_brand","embeddable":true,"href":"https:\/\/arena-ticket.com\/en\/wp-json\/wp\/v2\/product_brand?post=68364"},{"taxonomy":"product_cat","embeddable":true,"href":"https:\/\/arena-ticket.com\/en\/wp-json\/wp\/v2\/product_cat?post=68364"},{"taxonomy":"product_tag","embeddable":true,"href":"https:\/\/arena-ticket.com\/en\/wp-json\/wp\/v2\/product_tag?post=68364"}],"curies":[{"name":"wp","href":"https:\/\/api.w.org\/{rel}","templated":true}]}}