{"id":68372,"date":"2026-03-05T15:01:20","date_gmt":"2026-03-05T14:01:20","guid":{"rendered":"https:\/\/arena-ticket.com\/?p=68372&#038;post_type=product&#038;preview_id=68372"},"modified":"2026-04-10T13:35:53","modified_gmt":"2026-04-10T11:35:53","slug":"40-fingers-a-global-guitar-sensation-back-in-germany-2027-leipzig-haus-auensee-28-01-2027-2000-uhr","status":"publish","type":"product","link":"https:\/\/arena-ticket.com\/en\/product\/40-fingers-a-global-guitar-sensation-back-in-germany-2027-leipzig-haus-auensee-28-01-2027-2000-uhr\/","title":{"rendered":"40 FINGERS  - A global guitar sensation - Back in Germany 2027"},"content":{"rendered":"<p>Vier Gitarristen, 40 Finger und ein unverwechselbarer Sound: 40 FINGERS begeistern mit virtuosem Fingerpicking, kreativen Arrangements und emotionaler Tiefe ein weltweites, generationen\u00fcbergreifendes Publikum. Mit \u00fcber 120 Millionen YouTube-Aufrufen, weit mehr als 350 Millionen Views in den sozialen Medien und ausverkauften Konzerten z\u00e4hlen sie zu den spannendsten Crossover-Formationen unserer Zeit. Ihr Repertoire reicht von Rock- und Pop-Klassikern \u00fcber Filmmusik bis hin zu lateinamerikanischen und jazzigen Einfl\u00fcssen, darunter das vielfach gefeierte Arrangement von Queens \u201eBohemian Rhapsody\u201c. Wenn 40 FINGERS ab dem 25. Januar 2027 im Rahmen ihrer Deutschland-Tournee in St\u00e4dten wie D\u00fcsseldorf, Hannover, M\u00fcnchen, Berlin, Frankfurt und Dresden Halt machen, erwartet das Publikum ein Live-Erlebnis der Extraklasse mit bestem Entertainment, K\u00f6nnen auf h\u00f6chstem Niveau und einer eindrucksvollen Light-Show. Energiegeladen und zugleich feinsinnig entfaltet das Quartett eine magische Wirkung, die diesen Konzertabend lange in Erinnerung bleiben l\u00e4sst.<\/p>","protected":false},"excerpt":{"rendered":"<p>Das international gefeierte italienische Gitarrenquartett kehrt Anfang 2027 nach Deutschland zur\u00fcck!<\/p>","protected":false},"featured_media":68381,"template":"","meta":{"_acf_changed":false,"inline_featured_image":false},"product_brand":[],"product_cat":[31,344,69,86,35,6733,21,58],"product_tag":[7201,7202,941,962,942,943,944,2506,947,948],"class_list":{"0":"post-68372","1":"product","2":"type-product","3":"status-publish","4":"has-post-thumbnail","6":"product_cat-events","7":"product_cat-haus-auensee","8":"product_cat-konzert","9":"product_cat-leipzig","10":"product_cat-orte","11":"product_cat-pop","12":"product_cat-ticket","13":"product_cat-veranstaltung","14":"product_tag-40-fingers","15":"product_tag-a-global-guitar-sensation-back-in-germany-2027","16":"product_tag-events","17":"product_tag-haus-auensee","18":"product_tag-konzert","19":"product_tag-leipzig","20":"product_tag-orte","21":"product_tag-pop","22":"product_tag-ticket","23":"product_tag-veranstaltung","24":"product_shipping_class-nur_paketversand","25":"pa_discount-normalpreis","26":"pa_preiskategorie-pk-i","27":"pa_preiskategorie-pk-ii","28":"pa_preiskategorie-pk-iii","29":"pa_preiskategorie-pk-iv","31":"first","32":"instock","33":"taxable","34":"shipping-taxable","35":"purchasable","36":"product-type-variable","37":"has-default-attributes"},"group_of_quantity":0,"min_quantity":0,"max_quantity":"","exclude_order_quantity_value_rules":"no","exclude_category_quantity_rules":"no","combine_variations":"no","acf":[],"_links":{"self":[{"href":"https:\/\/arena-ticket.com\/en\/wp-json\/wp\/v2\/product\/68372","targetHints":{"allow":["GET"]}}],"collection":[{"href":"https:\/\/arena-ticket.com\/en\/wp-json\/wp\/v2\/product"}],"about":[{"href":"https:\/\/arena-ticket.com\/en\/wp-json\/wp\/v2\/types\/product"}],"wp:featuredmedia":[{"embeddable":true,"href":"https:\/\/arena-ticket.com\/en\/wp-json\/wp\/v2\/media\/68381"}],"wp:attachment":[{"href":"https:\/\/arena-ticket.com\/en\/wp-json\/wp\/v2\/media?parent=68372"}],"wp:term":[{"taxonomy":"product_brand","embeddable":true,"href":"https:\/\/arena-ticket.com\/en\/wp-json\/wp\/v2\/product_brand?post=68372"},{"taxonomy":"product_cat","embeddable":true,"href":"https:\/\/arena-ticket.com\/en\/wp-json\/wp\/v2\/product_cat?post=68372"},{"taxonomy":"product_tag","embeddable":true,"href":"https:\/\/arena-ticket.com\/en\/wp-json\/wp\/v2\/product_tag?post=68372"}],"curies":[{"name":"wp","href":"https:\/\/api.w.org\/{rel}","templated":true}]}}