{"id":68400,"date":"2026-03-06T08:37:58","date_gmt":"2026-03-06T07:37:58","guid":{"rendered":"https:\/\/arena-ticket.com\/?p=68400&#038;post_type=product&#038;preview_id=68400"},"modified":"2026-03-10T09:09:13","modified_gmt":"2026-03-10T08:09:13","slug":"dikka-boah-ist-das-krass-tour-2026-messe-dresden-12-06-2026-1700-uhr","status":"publish","type":"product","link":"https:\/\/arena-ticket.com\/en\/product\/dikka-boah-ist-das-krass-tour-2026-messe-dresden-12-06-2026-1700-uhr\/","title":{"rendered":"DIKKA  - Boah ist das krass - Tour 2026"},"content":{"rendered":"<p>DIKKA \u2014 BOAH IST DAS KRASS 2 Das frechste Nashorn der Welt geht wieder auf Tour! DIKKA k\u00fcndigt f\u00fcr 2026 eine 38 Termine umfassende \u201eBOAH IST DAS KRASS 2\u201c-Tour durch Deutschland, \u00d6sterreich und die Schweiz an. Das verspricht eine supercoole Reise, viele Abenteuer und unvergessliche Konzerterlebnisse f\u00fcr kleine und gro\u00dfe G\u00e4ste!<\/p>\n<p>Wir schreiben das Jahr 2020. Ein kleines Nashorn aus dem Berliner Zoo macht sich auf, die Musikwelt zu erobern. Im Gep\u00e4ck: Jede Menge dikke Reime und Beats \u2013 und ein bisschen Unterst\u00fctzung von einigen der gr\u00f6\u00dften Namen der deutschen Pop-Landschaft. F\u00fcnf Jahre vorgespult: heute wei\u00df jedes Kind, wer DIKKA ist. Vom Reimnozeros gibt\u2019s mittlerweile Bettw\u00e4sche, Sneaker, M\u00fcsli, Eis und sogar Skateboards \u2013 mal ganz zu schweigen von unz\u00e4hligen Hit-Songs und Features mit den ganz Gro\u00dfen der hiesigen Szene: Sido, LEA, CRO, Wincent Weiss, Nico Santos, Mark Forster, Lena, Kontra K, SDP, Alvaro Soler, Kool Savas \u2026 \u2013 ein Who-is-who der deutschen Popmusik, das zeigt, welche Strahlkraft das Nashorn l\u00e4ngst hat. Ach ja, und ganz nebenbei hat er auch noch die Berliner Uber Arena ausverkauft und gemeinsam mit 13.000 Zuschauer:innen in ein riesiges Nashorngehege verwandelt. Krass, oder?<\/p>\n<p>DIKKAs viertes Album \u201eBOAH ist das krass\u201c zeigt eindrucksvoll, wie konsequent er den Lebensalltag junger H\u00f6rerinnen und H\u00f6rer in moderne Popmusik \u00fcbersetzt: Ob \u201eSuperkind\u201c, \u201eNein hei\u00dft Nein\u201c, \u201eIch bin Ich\u201c oder \u201eLiebe Traurigkeit\u201c \u2013 DIKKA begegnet Selbstbewusstsein, Grenzen, Mut, Selbstzweifeln und gro\u00dfen Emotionen ohne erhobenen Zeigefinger, stets auf Augenh\u00f6he und mit dem ihm typischen Augenzwinkern. Gesellschaftliche Themen klingen ebenfalls an: \u201ePeace\u201c setzt ein Zeichen gegen Krieg und Gewalt, w\u00e4hrend \u201eAstronaut\u201c (feat. Giraffenaffen) Klimabewusstsein kindgerecht verhandelt. Zugleich bleibt das Album leicht, frech und spielerisch \u2013 ein Spagat, den DIKKA so gut beherrscht wie kaum ein anderer.<\/p>\n<p>Seine Tour 2025 hat deutlich gemacht, dass DIKKAs Konzerte weit mehr sind als ein Kinderprogramm: Wenn das Licht ausgeht, wenn tierische Anekdoten f\u00fcr Heiterkeit sorgen und die Kids im vorderen Bereich aus voller Kehle mitsingen, entsteht ein Gef\u00fchl, das Eltern wie Kinder verbindet. Die Shows bieten Raum zum euphorischen Herumtoben, aber auch f\u00fcr leise, \u00fcberraschend emotionale Momente \u2013 etwa, wenn Songs wie \u201eZusammen\u201c mit Montez f\u00fcr kollektive G\u00e4nsehaut sorgen.<\/p>\n<p>F\u00fcr 2026 verspricht DIKKA erneut ein energiegeladenes, farbenfrohes und empowerndes Live-Erlebnis. Die Kinder d\u00fcrfen tanzen, laut sein, tr\u00e4umen, staunen \u2013 und sich als Teil der Nashorng\u00e4ng f\u00fchlen. Genau diese Mischung aus Spa\u00df, Haltung und Herzensw\u00e4rme macht DIKKAs Liveshows einzigartig.<\/p>\n<p>Sein Erfolg basiert auf organischem Wachstum, einem unkonventionellen Ansatz und einer klaren Mission: Kinder sollen sich mit ihm sicher, gesehen und mutig f\u00fchlen. \u201eIch w\u00fcnsche mir, dass die Kinder durch meine Musik einen guten Kumpel an ihrer Seite haben\u201c, sagt DIKKA \u2013 und diese Haltung pr\u00e4gt jedes Album und jede Show.<\/p>","protected":false},"excerpt":{"rendered":"<p>DIKKA k\u00fcndigt f\u00fcr 2026 die \u201eBOAH IST DAS KRASS 2\u201c-Tour an. Das verspricht eine supercoole Reise, viele Abenteuer und unvergessliche Konzerterlebnisse f\u00fcr kleine und gro\u00dfe G\u00e4ste!<\/p>","protected":false},"featured_media":68404,"template":"","meta":{"_acf_changed":false,"inline_featured_image":false},"product_brand":[],"product_cat":[87,31,94,444,35,21,58],"product_tag":[7203,5187,4090,940,941,996,978,3772,944,947,948],"class_list":{"0":"post-68400","1":"product","2":"type-product","3":"status-publish","4":"has-post-thumbnail","6":"product_cat-dresden","7":"product_cat-events","8":"product_cat-kinder","9":"product_cat-messe-dresden","10":"product_cat-orte","11":"product_cat-ticket","12":"product_cat-veranstaltung","13":"product_tag-boah-ist-das-krass-tour-2026","14":"product_tag-boah-ist-das-krass-tour-2025","15":"product_tag-dikka","16":"product_tag-dresden","17":"product_tag-events","18":"product_tag-freilichtbuehne-grosser-garten-junge-garde","19":"product_tag-kinder","20":"product_tag-messe-dresden","21":"product_tag-orte","22":"product_tag-ticket","23":"product_tag-veranstaltung","24":"product_shipping_class-nur_paketversand","25":"pa_discount-inklusive-begleitperson","26":"pa_discount-kind","27":"pa_discount-normalpreis","28":"pa_preiskategorie-rollstuhlfahrer","29":"pa_preiskategorie-sitzplatz","30":"pa_preiskategorie-stehplatz","32":"first","33":"instock","34":"taxable","35":"shipping-taxable","36":"purchasable","37":"product-type-variable","38":"has-default-attributes"},"group_of_quantity":0,"min_quantity":0,"max_quantity":"","exclude_order_quantity_value_rules":"no","exclude_category_quantity_rules":"no","combine_variations":"no","acf":[],"_links":{"self":[{"href":"https:\/\/arena-ticket.com\/en\/wp-json\/wp\/v2\/product\/68400","targetHints":{"allow":["GET"]}}],"collection":[{"href":"https:\/\/arena-ticket.com\/en\/wp-json\/wp\/v2\/product"}],"about":[{"href":"https:\/\/arena-ticket.com\/en\/wp-json\/wp\/v2\/types\/product"}],"wp:featuredmedia":[{"embeddable":true,"href":"https:\/\/arena-ticket.com\/en\/wp-json\/wp\/v2\/media\/68404"}],"wp:attachment":[{"href":"https:\/\/arena-ticket.com\/en\/wp-json\/wp\/v2\/media?parent=68400"}],"wp:term":[{"taxonomy":"product_brand","embeddable":true,"href":"https:\/\/arena-ticket.com\/en\/wp-json\/wp\/v2\/product_brand?post=68400"},{"taxonomy":"product_cat","embeddable":true,"href":"https:\/\/arena-ticket.com\/en\/wp-json\/wp\/v2\/product_cat?post=68400"},{"taxonomy":"product_tag","embeddable":true,"href":"https:\/\/arena-ticket.com\/en\/wp-json\/wp\/v2\/product_tag?post=68400"}],"curies":[{"name":"wp","href":"https:\/\/api.w.org\/{rel}","templated":true}]}}