{"id":68482,"date":"2026-03-06T16:05:33","date_gmt":"2026-03-06T15:05:33","guid":{"rendered":"https:\/\/arena-ticket.com\/?p=68482&#038;post_type=product&#038;preview_id=68482"},"modified":"2026-03-06T16:20:09","modified_gmt":"2026-03-06T15:20:09","slug":"anna-maria-zimmermann-100-prozent-ich-taeubchenthal-leipzig-20-03-202-2000-uhr","status":"publish","type":"product","link":"https:\/\/arena-ticket.com\/en\/product\/anna-maria-zimmermann-100-prozent-ich-taeubchenthal-leipzig-20-03-202-2000-uhr\/","title":{"rendered":"Anna-Maria Zimmermann  - 100 Prozent Ich"},"content":{"rendered":"<p>Wo Anna-Maria Zimmermann auftritt, h\u00e4lt es niemanden lange auf den Sitzen. Ihre Songs gehen direkt ins Herz - und dann sofort in die Beine. Der moderne Schlagerstar besitzt eine \u201euniverselle Party-Lizenz\u201c. Auf der B\u00fchne ist sie DIE souver\u00e4ne Party-Queen: hinrei\u00dfend, energiegeladen und absolut mitrei\u00dfend.<\/p>\n<p>Die Fans haben lange darauf gewartet \u2013 jetzt ist es endlich soweit: Mit ihrer \u201eLIVE \u2013 100 Prozent ich\u201c \u2013 Tour wird Anna-Maria Zimmermann im M\u00e4rz 2027 erstmals in Deutschland unterwegs sein. Ein absolutes Muss f\u00fcr alle Fans!<\/p>\n<p>Ob im Party-Modus oder mit ruhigen, gef\u00fchlvollen Momenten: Mit ihrer packenden Mischung aus Pop und Party-Schlager begeistert Anna-Maria Zimmermann seit \u00fcber zwei Jahrzehnten ein generations-\u00fcbergreifendes Publikum und versteht es wie kaum eine andere K\u00fcnstlerin, ihre Fans von der ersten Minute an in den Bann zu ziehen. Sie ist sympathisch, nahbar und nimmt sich Zeit f\u00fcr ihr Publikum, um einzigartige Fan-Erlebnisse zu schaffen. Eben \u201e100 Prozent ich\u201c!<\/p>","protected":false},"excerpt":{"rendered":"<p>Get your tickets now!<\/p>","protected":false},"featured_media":68487,"template":"","meta":{"_acf_changed":false,"inline_featured_image":false},"product_brand":[],"product_cat":[31,69,86,35,6734,499,21,58],"product_tag":[7209,7208,941,942,943,944,2568,967,947,948],"class_list":{"0":"post-68482","1":"product","2":"type-product","3":"status-publish","4":"has-post-thumbnail","6":"product_cat-events","7":"product_cat-konzert","8":"product_cat-leipzig","9":"product_cat-orte","10":"product_cat-schlager","11":"product_cat-taeubchenthal","12":"product_cat-ticket","13":"product_cat-veranstaltung","14":"product_tag-100-prozent-ich","15":"product_tag-anna-maria-zimmermann","16":"product_tag-events","17":"product_tag-konzert","18":"product_tag-leipzig","19":"product_tag-orte","20":"product_tag-schlager","21":"product_tag-taeubchenthal","22":"product_tag-ticket","23":"product_tag-veranstaltung","24":"product_shipping_class-nur_paketversand","25":"pa_discount-normalpreis","26":"pa_preiskategorie-freie-platzwahl","27":"pa_preiskategorie-stehplatz","29":"first","30":"instock","31":"taxable","32":"shipping-taxable","33":"purchasable","34":"product-type-variable"},"group_of_quantity":0,"min_quantity":0,"max_quantity":"","exclude_order_quantity_value_rules":"no","exclude_category_quantity_rules":"no","combine_variations":"no","acf":[],"_links":{"self":[{"href":"https:\/\/arena-ticket.com\/en\/wp-json\/wp\/v2\/product\/68482","targetHints":{"allow":["GET"]}}],"collection":[{"href":"https:\/\/arena-ticket.com\/en\/wp-json\/wp\/v2\/product"}],"about":[{"href":"https:\/\/arena-ticket.com\/en\/wp-json\/wp\/v2\/types\/product"}],"wp:featuredmedia":[{"embeddable":true,"href":"https:\/\/arena-ticket.com\/en\/wp-json\/wp\/v2\/media\/68487"}],"wp:attachment":[{"href":"https:\/\/arena-ticket.com\/en\/wp-json\/wp\/v2\/media?parent=68482"}],"wp:term":[{"taxonomy":"product_brand","embeddable":true,"href":"https:\/\/arena-ticket.com\/en\/wp-json\/wp\/v2\/product_brand?post=68482"},{"taxonomy":"product_cat","embeddable":true,"href":"https:\/\/arena-ticket.com\/en\/wp-json\/wp\/v2\/product_cat?post=68482"},{"taxonomy":"product_tag","embeddable":true,"href":"https:\/\/arena-ticket.com\/en\/wp-json\/wp\/v2\/product_tag?post=68482"}],"curies":[{"name":"wp","href":"https:\/\/api.w.org\/{rel}","templated":true}]}}