{"id":68745,"date":"2026-03-11T11:14:44","date_gmt":"2026-03-11T10:14:44","guid":{"rendered":"https:\/\/arena-ticket.com\/?p=68745&#038;post_type=product&#038;preview_id=68745"},"modified":"2026-03-11T11:36:17","modified_gmt":"2026-03-11T10:36:17","slug":"mirja-regensburg-alles-wird-gut-leipzig-haus-leipzig-26-09-2027-1900-uhr","status":"publish","type":"product","link":"https:\/\/arena-ticket.com\/en\/product\/mirja-regensburg-alles-wird-gut-leipzig-haus-leipzig-26-09-2027-1900-uhr\/","title":{"rendered":"Mirja Regensburg - ALLES WIRD GUT!"},"content":{"rendered":"<p>Die Garage ist \u00fcber Nacht geschrumpft und Dein Auto hat\u2019s gemerkt? Der neue Pullover bleibt an der T\u00fcrklinke h\u00e4ngen und Du beim Passwort? Und im Internet streiten alle nur noch? Ja, manchmal m\u00f6chte man einfach nur noch laut schreien. Oder man geht zu Mirja Regensburg. Denn es gibt Hoffnung: \u201eALLES WIRD GUT!\u201c \u2013 das neue Comedy-Programm der Feel-Good-Queen.<\/p>\n<p>Wie oft im Leben haben wir schon gedacht: Schlimmer geht\u2019s nimmer! Und dann wurde doch noch ALLES GUT! Jeder erinnert sich noch an seinen ersten Liebeskummer. Die Welt stand kurz vor dem Untergang! Jahre sp\u00e4ter trifft man die Jugendliebe wieder und merkt: \u201eIst ein bisschen wie ein Kuscheltier aus Kindertagen. S\u00fc\u00df \u2013 aber mit ins Bett nehmen, m\u00f6chte ich es nicht mehr!\u201c<\/p>\n<p>Mit ihrem unvergleichlichen Mix aus Power, Herz und Schlagfertigkeit verwandelt Mirja genau diese Alltagstrag\u00f6dien in gro\u00dfe Lachmomente. Denn wer lacht, verliert nicht immer gleich die Kontrolle, aber wenigstens kurz den Verstand \u2013 und das tut manchmal richtig gut.<\/p>","protected":false},"excerpt":{"rendered":"<p>Jetzt schon Tickets f\u00fcr den Abend im Haus Leipzig sichern!<\/p>","protected":false},"featured_media":68747,"template":"","meta":{"_acf_changed":false,"inline_featured_image":false},"product_brand":[],"product_cat":[6725,31,349,95,922,86,35,6772,21,58],"product_tag":[7214,954,941,955,6774,951,943,3099,944,6779,947,948],"class_list":{"0":"post-68745","1":"product","2":"type-product","3":"status-publish","4":"has-post-thumbnail","6":"product_cat-comedy","7":"product_cat-events","8":"product_cat-haus-leipzig","9":"product_cat-humor","10":"product_cat-kultur","11":"product_cat-leipzig","12":"product_cat-orte","13":"product_cat-sonstiges_kultur","14":"product_cat-ticket","15":"product_cat-veranstaltung","16":"product_tag-alles-wird-gut","17":"product_tag-comedy","18":"product_tag-events","19":"product_tag-haus-leipzig","20":"product_tag-humor","21":"product_tag-kultur","22":"product_tag-leipzig","23":"product_tag-mirja-regensburg","24":"product_tag-orte","25":"product_tag-sonstiges","26":"product_tag-ticket","27":"product_tag-veranstaltung","28":"product_shipping_class-nur_paketversand","29":"pa_discount-normalpreis","30":"pa_preiskategorie-pk-i","32":"first","33":"instock","34":"taxable","35":"shipping-taxable","36":"purchasable","37":"product-type-variable"},"group_of_quantity":0,"min_quantity":0,"max_quantity":"","exclude_order_quantity_value_rules":"no","exclude_category_quantity_rules":"no","combine_variations":"no","acf":[],"_links":{"self":[{"href":"https:\/\/arena-ticket.com\/en\/wp-json\/wp\/v2\/product\/68745","targetHints":{"allow":["GET"]}}],"collection":[{"href":"https:\/\/arena-ticket.com\/en\/wp-json\/wp\/v2\/product"}],"about":[{"href":"https:\/\/arena-ticket.com\/en\/wp-json\/wp\/v2\/types\/product"}],"wp:featuredmedia":[{"embeddable":true,"href":"https:\/\/arena-ticket.com\/en\/wp-json\/wp\/v2\/media\/68747"}],"wp:attachment":[{"href":"https:\/\/arena-ticket.com\/en\/wp-json\/wp\/v2\/media?parent=68745"}],"wp:term":[{"taxonomy":"product_brand","embeddable":true,"href":"https:\/\/arena-ticket.com\/en\/wp-json\/wp\/v2\/product_brand?post=68745"},{"taxonomy":"product_cat","embeddable":true,"href":"https:\/\/arena-ticket.com\/en\/wp-json\/wp\/v2\/product_cat?post=68745"},{"taxonomy":"product_tag","embeddable":true,"href":"https:\/\/arena-ticket.com\/en\/wp-json\/wp\/v2\/product_tag?post=68745"}],"curies":[{"name":"wp","href":"https:\/\/api.w.org\/{rel}","templated":true}]}}