{"id":68775,"date":"2026-03-11T13:13:19","date_gmt":"2026-03-11T12:13:19","guid":{"rendered":"https:\/\/arena-ticket.com\/?p=68775&#038;post_type=product&#038;preview_id=68775"},"modified":"2026-03-11T15:10:33","modified_gmt":"2026-03-11T14:10:33","slug":"istaf-indoor-berlin-2027-uber-arena-berlin-05-02-2027-1630-uhr","status":"publish","type":"product","link":"https:\/\/arena-ticket.com\/en\/product\/istaf-indoor-berlin-2027-uber-arena-berlin-05-02-2027-1630-uhr\/","title":{"rendered":"ISTAF INDOOR  - Berlin 2027"},"content":{"rendered":"<p>Biografie - ISTAF<\/p>\n<p>Das ISTAF (Internationales Stadionfest Berlin) ist die gr\u00f6\u00dfte und traditionsreichste Leichtathletik-Veranstaltung Deutschlands. Seit 1921 lockt das Event j\u00e4hrlich Weltklasse-Athletinnen \u2013 und Athleten ins Olympiastadion Berlin und bietet Spitzenleistungen in packenden Disziplinen. Deutschlands Beste gegen Stars aus aller Welt \u2013 das ISTAF begeistert mit einer einzigartigen Atmosph\u00e4re, hochkar\u00e4tigen Wettk\u00e4mpfen und einem sportbegeisterten Publikum. Besonders Familien kommen im Olympiastadion auf ihre Kosten. In der Fanzone treffen gro\u00dfe und kleine Fans ihre Idole, ergattern Selfies und Autogramme.<\/p>\n<p>ISTAF INDOOR seit 2014 in Berlin<\/p>\n<p>Mit regelm\u00e4\u00dfig mehr als 12.000 Fans ist das ISTAF INDOOR Berlin das weltweit gr\u00f6\u00dfte Hallen-Meeting der Leichtathletik. Deutschlands Publikumslieblinge und internationale Weltklasse-Athletinnen und -Athleten, die nur wenige Meter von den Zuschauerr\u00e4ngen entfernt H\u00f6chstleistungen abliefern, Laser- und Flammenshow \u2013 die Kombination aus Spitzensport und Unterhaltung gibt\u2019s nur beim ISTAF INDOOR!<\/p>","protected":false},"excerpt":{"rendered":"<p>Get your tickets now!<\/p>","protected":false},"featured_media":68786,"template":"","meta":{"_acf_changed":false,"inline_featured_image":false},"product_brand":[],"product_cat":[31,315,6752,35,32,21,58],"product_tag":[1332,7215,941,3706,2311,944,5642,947,3638,948],"class_list":{"0":"post-68775","1":"product","2":"type-product","3":"status-publish","4":"has-post-thumbnail","6":"product_cat-events","7":"product_cat-berlin","8":"product_cat-leichtathletik","9":"product_cat-orte","10":"product_cat-sport","11":"product_cat-ticket","12":"product_cat-veranstaltung","13":"product_tag-berlin","14":"product_tag-berlin-2027","15":"product_tag-events","16":"product_tag-istaf-indoor","17":"product_tag-leichtathletik","18":"product_tag-orte","19":"product_tag-sport","20":"product_tag-ticket","21":"product_tag-uber-arena","22":"product_tag-veranstaltung","23":"product_shipping_class-nur_paketversand","24":"pa_discount-kind","25":"pa_discount-normalpreis","26":"pa_preiskategorie-pk-i","27":"pa_preiskategorie-pk-ii","28":"pa_preiskategorie-pk-iii","29":"pa_preiskategorie-pk-iv","30":"pa_preiskategorie-pk-v","32":"first","33":"instock","34":"taxable","35":"shipping-taxable","36":"purchasable","37":"product-type-variable"},"group_of_quantity":0,"min_quantity":0,"max_quantity":"","exclude_order_quantity_value_rules":"no","exclude_category_quantity_rules":"no","combine_variations":"no","acf":[],"_links":{"self":[{"href":"https:\/\/arena-ticket.com\/en\/wp-json\/wp\/v2\/product\/68775","targetHints":{"allow":["GET"]}}],"collection":[{"href":"https:\/\/arena-ticket.com\/en\/wp-json\/wp\/v2\/product"}],"about":[{"href":"https:\/\/arena-ticket.com\/en\/wp-json\/wp\/v2\/types\/product"}],"wp:featuredmedia":[{"embeddable":true,"href":"https:\/\/arena-ticket.com\/en\/wp-json\/wp\/v2\/media\/68786"}],"wp:attachment":[{"href":"https:\/\/arena-ticket.com\/en\/wp-json\/wp\/v2\/media?parent=68775"}],"wp:term":[{"taxonomy":"product_brand","embeddable":true,"href":"https:\/\/arena-ticket.com\/en\/wp-json\/wp\/v2\/product_brand?post=68775"},{"taxonomy":"product_cat","embeddable":true,"href":"https:\/\/arena-ticket.com\/en\/wp-json\/wp\/v2\/product_cat?post=68775"},{"taxonomy":"product_tag","embeddable":true,"href":"https:\/\/arena-ticket.com\/en\/wp-json\/wp\/v2\/product_tag?post=68775"}],"curies":[{"name":"wp","href":"https:\/\/api.w.org\/{rel}","templated":true}]}}