{"id":68806,"date":"2026-03-11T14:34:24","date_gmt":"2026-03-11T13:34:24","guid":{"rendered":"https:\/\/arena-ticket.com\/?p=68806&#038;post_type=product&#038;preview_id=68806"},"modified":"2026-03-11T14:43:42","modified_gmt":"2026-03-11T13:43:42","slug":"michael-nast-generation-dating-burnout-leipzig-felsenkeller-18-09-2026-2000-uhr","status":"publish","type":"product","link":"https:\/\/arena-ticket.com\/en\/product\/michael-nast-generation-dating-burnout-leipzig-felsenkeller-18-09-2026-2000-uhr\/","title":{"rendered":"Michael Nast  - Generation Dating Burnout"},"content":{"rendered":"<div class=\"v-col-sm-7 v-col-md-5 v-col-12 split-left\" data-v-e297a32b=\"\">\n<div class=\"event__container\" data-v-e297a32b=\"\">\n<div class=\"v-card v-theme--EVTLightTheme bg-transparent v-card--density-default v-card--variant-flat\" data-v-e297a32b=\"\">\n<div class=\"v-card-item\" data-v-e297a32b=\"\">\n<div class=\"v-card-item__content\">\n<div class=\"v-card-text pt-4 px-0\" data-v-e297a32b=\"\">\n<div class=\"\" role=\"region\" aria-live=\"polite\" data-v-e297a32b=\"\">\n<p>Die moderne Liebe steckt in der Krise. Wir haben die Freiheit zu lieben, wie wir wollen und wen wir wollen. Doch aus dieser historisch einmaligen Situation unz\u00e4hliger M\u00f6glichkeiten ergeben sich auch unz\u00e4hlige Dates, aus denen sich nichts entwickelt. Aus Freiheit wird \u00dcberforderung und Ersch\u00f6pfung. Im Fall von Michael Nast f\u00fchrt sie zum Dating-Burnout. In seinem neuen Buch geht er der Frage auf den Grund, warum wir dennoch immer weitersuchen und weshalb so viele Beziehungen zum Scheitern verurteilt sind, noch bevor sie entstehen. Seine eigenen Erfahrungen f\u00fchren ihn zu einer zentralen Frage: Bin ich \u00fcberhaupt bereit f\u00fcr eine Beziehung oder date ich, um unbewusst etwas aufzuarbeiten? Eine kluge, einf\u00fchlsame Analyse unserer Liebesgesellschaft.<\/p>\n<p>&nbsp;<\/p>\n<p>Wie Michael Nast die Welt sieht, bewegt im Internet Millionen. Seine B\u00fccher besetzen regelm\u00e4\u00dfig die ersten Pl\u00e4tze der Spiegel-Bestsellerliste. Mit seinen Lesungen f\u00fcllt er Konzerts\u00e4le. Er gilt als \u201eEin Suchender, der zu den Suchenden spricht\u201c (Die Zeit), als \u201eDer Singlepapst\u201c (S\u00fcddeutsche Zeitung), als \u201eDie m\u00e4nnliche Version von Carrie Bradshaw\u201c (Die Zeit) oder gleich als das \u201cSprachrohr seiner Generation (Die Welt). Auf Social Media folgen ihm 600.000 Menschen. Er lebt in Berlin.<\/p>\n<\/div>\n<\/div>\n<\/div>\n<\/div>\n<\/div>\n<\/div>\n<\/div>\n<div class=\"v-col-sm-7 v-col-md-5 v-col-12 split-right\" data-v-e297a32b=\"\">\n<div class=\"v-card v-theme--EVTLightTheme bg-surface v-card--density-default v-card--variant-flat mb-4\" role=\"region\" aria-live=\"polite\" data-v-e297a32b=\"\">\n<div class=\"v-card__loader\">\n<div class=\"v-progress-linear v-theme--EVTLightTheme v-locale--is-ltr\" role=\"progressbar\" aria-hidden=\"true\">\n<div class=\"v-progress-linear__background\"><\/div>\n<div class=\"v-progress-linear__buffer\"><\/div>\n<div class=\"v-progress-linear__indeterminate\">\n<div class=\"v-progress-linear__indeterminate long\"><\/div>\n<div class=\"v-progress-linear__indeterminate short\"><\/div>\n<\/div>\n<\/div>\n<\/div>\n<\/div>\n<\/div>","protected":false},"excerpt":{"rendered":"<p class=\"event__title title\">Michael Nast - Generation Dating Burnout<\/p>","protected":false},"featured_media":68810,"template":"","meta":{"_acf_changed":false,"inline_featured_image":false},"product_brand":[],"product_cat":[31,348,922,86,6764,35,21,58],"product_tag":[5526,7163,941,1476,7216,951,943,1691,4577,944,947,948],"class_list":{"0":"post-68806","1":"product","2":"type-product","3":"status-publish","4":"has-post-thumbnail","6":"product_cat-events","7":"product_cat-felsenkeller","8":"product_cat-kultur","9":"product_cat-leipzig","10":"product_cat-lesung","11":"product_cat-orte","12":"product_cat-ticket","13":"product_cat-veranstaltung","14":"product_tag-claudia-michelsen","15":"product_tag-ein-weihnachtsabend-voller-erzaehlungen-mit-musik","16":"product_tag-events","17":"product_tag-felsenkeller","18":"product_tag-generation-dating-burnout","19":"product_tag-kultur","20":"product_tag-leipzig","21":"product_tag-lesung","22":"product_tag-michael-nast","23":"product_tag-orte","24":"product_tag-ticket","25":"product_tag-veranstaltung","26":"product_shipping_class-nur_paketversand","27":"pa_discount-inklusive-begleitperson","28":"pa_discount-normalpreis","29":"pa_preiskategorie-freie-platzwahl","31":"first","32":"instock","33":"taxable","34":"shipping-taxable","35":"purchasable","36":"product-type-variable"},"group_of_quantity":0,"min_quantity":0,"max_quantity":"","exclude_order_quantity_value_rules":"no","exclude_category_quantity_rules":"no","combine_variations":"no","acf":[],"_links":{"self":[{"href":"https:\/\/arena-ticket.com\/en\/wp-json\/wp\/v2\/product\/68806","targetHints":{"allow":["GET"]}}],"collection":[{"href":"https:\/\/arena-ticket.com\/en\/wp-json\/wp\/v2\/product"}],"about":[{"href":"https:\/\/arena-ticket.com\/en\/wp-json\/wp\/v2\/types\/product"}],"wp:featuredmedia":[{"embeddable":true,"href":"https:\/\/arena-ticket.com\/en\/wp-json\/wp\/v2\/media\/68810"}],"wp:attachment":[{"href":"https:\/\/arena-ticket.com\/en\/wp-json\/wp\/v2\/media?parent=68806"}],"wp:term":[{"taxonomy":"product_brand","embeddable":true,"href":"https:\/\/arena-ticket.com\/en\/wp-json\/wp\/v2\/product_brand?post=68806"},{"taxonomy":"product_cat","embeddable":true,"href":"https:\/\/arena-ticket.com\/en\/wp-json\/wp\/v2\/product_cat?post=68806"},{"taxonomy":"product_tag","embeddable":true,"href":"https:\/\/arena-ticket.com\/en\/wp-json\/wp\/v2\/product_tag?post=68806"}],"curies":[{"name":"wp","href":"https:\/\/api.w.org\/{rel}","templated":true}]}}