{"id":68811,"date":"2026-03-11T14:46:04","date_gmt":"2026-03-11T13:46:04","guid":{"rendered":"https:\/\/arena-ticket.com\/?p=68811&#038;post_type=product&#038;preview_id=68811"},"modified":"2026-03-11T15:45:00","modified_gmt":"2026-03-11T14:45:00","slug":"zaz-dresden-freilichtbuehne-junge-garde-im-grossen-garten-18-07-2026-2000-uhr","status":"publish","type":"product","link":"https:\/\/arena-ticket.com\/en\/product\/zaz-dresden-freilichtbuehne-junge-garde-im-grossen-garten-18-07-2026-2000-uhr\/","title":{"rendered":"Zaz"},"content":{"rendered":"<div class=\"xdj266r x14z9mp xat24cr x1lziwak x1vvkbs x126k92a\">\n<div dir=\"auto\">\n<p data-start=\"329\" data-end=\"395\">Open-Air-Konzerte voller Energie, Emotion &amp; franz\u00f6sischem Flair<\/p>\n<p data-start=\"398\" data-end=\"760\">Es gibt Stimmen, die bleiben sofort im Herzen. Zaz, weltbekannte S\u00e4ngerin zwischen Chanson, Pop und Jazz, ber\u00fchrt seit Jahren Menschen auf der ganzen Welt \u2013 mit rauer Authentizit\u00e4t, mitrei\u00dfender B\u00fchnenenergie und einer ganz eigenen Mischung aus Freiheit, Lebensfreude und Gef\u00fchl. Im Sommer 2026 kehrt sie f\u00fcr neun Open-Air-Shows nach Deutschland zur\u00fcck .<\/p>\n<p data-start=\"762\" data-end=\"1156\">Nach ihrem umjubelten Comeback mit dem neuen Album \u201eSains et saufs\u201c und einer komplett ausverkauften Deutschlandtour im Dezember 2025, d\u00fcrfen sich Fans nun auf besondere Konzerterlebnisse unter freiem Himmel freuen . Zaz\u2019 Live-Momente sind intensiv, spontan, voller Seele \u2013 und gepr\u00e4gt von der unverwechselbaren Stimme, die sie von den Stra\u00dfen Montmartres auf die gr\u00f6\u00dften B\u00fchnen f\u00fchrte.<\/p>\n<p data-start=\"1158\" data-end=\"1370\">Mit Welthits wie \u201eJe veux\u201c, \u201eOn ira\u201c oder \u201eSi jamais j\u2019oublie\u201c sowie neuen Songs pr\u00e4sentiert sie eine Show, die Grenzen zwischen Genres, Sprachen und L\u00e4ndern ganz einfach wegsingt.<\/p>\n<p data-start=\"1158\" data-end=\"1370\">Oder wie sie selbst sagt: \u201eAuch wenn man mich nicht versteht, empf\u00e4ngt man meine Message.\u201c<\/p>\n<\/div>\n<\/div>","protected":false},"excerpt":{"rendered":"<div class=\"event__header\" data-v-331ed750=\"\">Secure your tickets!<\/div>","protected":false},"featured_media":68828,"template":"","meta":{"_acf_changed":false,"inline_featured_image":false},"product_brand":[],"product_cat":[87,31,403,69,35,6733,58],"product_tag":[6557,940,6558,941,996,942,944,2506,948,4916],"class_list":{"0":"post-68811","1":"product","2":"type-product","3":"status-publish","4":"has-post-thumbnail","6":"product_cat-dresden","7":"product_cat-events","8":"product_cat-freilichtbuehne-grosser-garten-junge-garde","9":"product_cat-konzert","10":"product_cat-orte","11":"product_cat-pop","12":"product_cat-veranstaltung","13":"product_tag-alvaro-soler","14":"product_tag-dresden","15":"product_tag-el-camino-tour-2026","16":"product_tag-events","17":"product_tag-freilichtbuehne-grosser-garten-junge-garde","18":"product_tag-konzert","19":"product_tag-orte","20":"product_tag-pop","21":"product_tag-veranstaltung","22":"product_tag-zaz","23":"product_shipping_class-nur_paketversand","24":"pa_discount-ermaessigt","25":"pa_discount-kind","26":"pa_discount-normalpreis","27":"pa_preiskategorie-freie-platzwahl","29":"first","30":"instock","31":"taxable","32":"shipping-taxable","33":"purchasable","34":"product-type-variable"},"group_of_quantity":0,"min_quantity":0,"max_quantity":"","exclude_order_quantity_value_rules":"no","exclude_category_quantity_rules":"no","combine_variations":"no","acf":[],"_links":{"self":[{"href":"https:\/\/arena-ticket.com\/en\/wp-json\/wp\/v2\/product\/68811","targetHints":{"allow":["GET"]}}],"collection":[{"href":"https:\/\/arena-ticket.com\/en\/wp-json\/wp\/v2\/product"}],"about":[{"href":"https:\/\/arena-ticket.com\/en\/wp-json\/wp\/v2\/types\/product"}],"wp:featuredmedia":[{"embeddable":true,"href":"https:\/\/arena-ticket.com\/en\/wp-json\/wp\/v2\/media\/68828"}],"wp:attachment":[{"href":"https:\/\/arena-ticket.com\/en\/wp-json\/wp\/v2\/media?parent=68811"}],"wp:term":[{"taxonomy":"product_brand","embeddable":true,"href":"https:\/\/arena-ticket.com\/en\/wp-json\/wp\/v2\/product_brand?post=68811"},{"taxonomy":"product_cat","embeddable":true,"href":"https:\/\/arena-ticket.com\/en\/wp-json\/wp\/v2\/product_cat?post=68811"},{"taxonomy":"product_tag","embeddable":true,"href":"https:\/\/arena-ticket.com\/en\/wp-json\/wp\/v2\/product_tag?post=68811"}],"curies":[{"name":"wp","href":"https:\/\/api.w.org\/{rel}","templated":true}]}}