{"id":68813,"date":"2026-03-11T15:07:48","date_gmt":"2026-03-11T14:07:48","guid":{"rendered":"https:\/\/arena-ticket.com\/?p=68813&#038;post_type=product&#038;preview_id=68813"},"modified":"2026-04-14T09:37:41","modified_gmt":"2026-04-14T07:37:41","slug":"istaf-indoor-duesseldorf-2027-duesseldorf-psd-bank-dome-duesseldorf-13-02-2027-1400-uhr","status":"publish","type":"product","link":"https:\/\/arena-ticket.com\/en\/product\/istaf-indoor-duesseldorf-2027-duesseldorf-psd-bank-dome-duesseldorf-13-02-2027-1400-uhr\/","title":{"rendered":"ISTAF INDOOR 2027 - D\u00dcSSELDORF PSD BANK DOME D\u00fcsseldorf"},"content":{"rendered":"<p>Am Samstag, den 13. Februar 2027, kommt das spektakul\u00e4rste Leichtathletik-Event unterm Hallendach wieder nach D\u00fcsseldorf.<br \/>\nDie Fans k\u00f6nnen sich wieder auf zahlreiche Stars und sieben hochklassig besetzte Disziplinen freuen (60 Meter M\u00e4nner und Frauen, 60 Meter H\u00fcrden M\u00e4nner und Frauen, Weitsprung Frauen, Stabhochsprung M\u00e4nner, 60 Meter Para-Sprint M\u00e4nner). Deutschlands Publikumslieblinge und internationale Weltklasse-Athletinnen und -Athleten, die nur wenige Meter von den Zuschauerr\u00e4ngen entfernt H\u00f6chstleistungen abliefern, Laser- und Flammenshow \u2013 die Kombination aus Spitzensport und Unterhaltung gibt\u2019s nur beim ISTAF INDOOR! (Quelle: TOP Sportevents GmbH)<\/p>","protected":false},"excerpt":{"rendered":"<p>Get your tickets now!<\/p>","protected":false},"featured_media":68825,"template":"","meta":{"_acf_changed":false,"inline_featured_image":false},"product_brand":[],"product_cat":[31,6752,35,32,21,58],"product_tag":[7218,941,7217,2311,944,5642,947,948],"class_list":{"0":"post-68813","1":"product","2":"type-product","3":"status-publish","4":"has-post-thumbnail","6":"product_cat-events","7":"product_cat-leichtathletik","8":"product_cat-orte","9":"product_cat-sport","10":"product_cat-ticket","11":"product_cat-veranstaltung","12":"product_tag-duesseldorf-psd-bank-dome-duesseldorf","13":"product_tag-events","14":"product_tag-istaf-indoor-2027","15":"product_tag-leichtathletik","16":"product_tag-orte","17":"product_tag-sport","18":"product_tag-ticket","19":"product_tag-veranstaltung","20":"product_shipping_class-nur_paketversand","21":"pa_discount-kind","22":"pa_discount-normalpreis","23":"pa_preiskategorie-pk-i","24":"pa_preiskategorie-pk-ii","25":"pa_preiskategorie-pk-iii","26":"pa_preiskategorie-pk-iv","27":"pa_preiskategorie-pk-v","29":"first","30":"instock","31":"taxable","32":"shipping-taxable","33":"purchasable","34":"product-type-variable"},"group_of_quantity":0,"min_quantity":0,"max_quantity":"","exclude_order_quantity_value_rules":"no","exclude_category_quantity_rules":"no","combine_variations":"no","acf":[],"_links":{"self":[{"href":"https:\/\/arena-ticket.com\/en\/wp-json\/wp\/v2\/product\/68813","targetHints":{"allow":["GET"]}}],"collection":[{"href":"https:\/\/arena-ticket.com\/en\/wp-json\/wp\/v2\/product"}],"about":[{"href":"https:\/\/arena-ticket.com\/en\/wp-json\/wp\/v2\/types\/product"}],"wp:featuredmedia":[{"embeddable":true,"href":"https:\/\/arena-ticket.com\/en\/wp-json\/wp\/v2\/media\/68825"}],"wp:attachment":[{"href":"https:\/\/arena-ticket.com\/en\/wp-json\/wp\/v2\/media?parent=68813"}],"wp:term":[{"taxonomy":"product_brand","embeddable":true,"href":"https:\/\/arena-ticket.com\/en\/wp-json\/wp\/v2\/product_brand?post=68813"},{"taxonomy":"product_cat","embeddable":true,"href":"https:\/\/arena-ticket.com\/en\/wp-json\/wp\/v2\/product_cat?post=68813"},{"taxonomy":"product_tag","embeddable":true,"href":"https:\/\/arena-ticket.com\/en\/wp-json\/wp\/v2\/product_tag?post=68813"}],"curies":[{"name":"wp","href":"https:\/\/api.w.org\/{rel}","templated":true}]}}