{"id":68832,"date":"2026-03-11T15:57:02","date_gmt":"2026-03-11T14:57:02","guid":{"rendered":"https:\/\/arena-ticket.com\/?p=68832&#038;post_type=product&#038;preview_id=68832"},"modified":"2026-03-28T19:41:54","modified_gmt":"2026-03-28T18:41:54","slug":"tina-dico-live-2026-haus-auensee-leipzig-21-11-2026-2000-uhr","status":"publish","type":"product","link":"https:\/\/arena-ticket.com\/en\/product\/tina-dico-live-2026-haus-auensee-leipzig-21-11-2026-2000-uhr\/","title":{"rendered":"TINA DICO  - LIVE 2026"},"content":{"rendered":"<section class=\"artist-description-wrapper\">\n<div class=\"artist text artist_description\">\n<div>\n<p data-start=\"235\" data-end=\"298\"><em>Age requirements:<\/em><br \/>\n<em>Kinder unter 6 Jahren erhalten keinen Zutritt zur Veranstaltung.<\/em><br \/>\n<em>Kindern und Jugendlichen unter 16 Jahren wird der Eintritt nur in Begleitung einer vollj.<\/em><br \/>\n<em>person responsible for their upbringing or custody.<\/em><br \/>\n<em>Jugendlichen im Alter von 16 bis 18 Jahren ohne vollj\u00e4hrige Begleitung Anwesenheit bis<\/em><br \/>\n<em>24 Uhr<\/em><\/p>\n<h4 data-start=\"235\" data-end=\"298\"><\/h4>\n<p data-start=\"235\" data-end=\"298\">Neue Songs, neues Kapitel \u2013 eine K\u00fcnstlerin, die ber\u00fchrt.<\/p>\n<p data-start=\"300\" data-end=\"760\">Mit frischem Material und voller musikalischer Neugier kehrt TINA DICO im Herbst 2026 zur\u00fcck nach Deutschland \u2013 begleitet von ihrer Band und einem Set, das jede Show zu einem besonderen Erlebnis macht. Die d\u00e4nische Singer-Songwriterin, die seit \u00fcber zwei Jahrzehnten mit ihrer warmen Stimme und ihrer poetischen Klarheit begeistert, pr\u00e4sentiert auf dieser Tour erstmals neue Songs aus ihrem kommenden Album, das im Herbst\/Winter 2026 erscheinen wird.<\/p>\n<p data-start=\"762\" data-end=\"1001\">Nat\u00fcrlich d\u00fcrfen auch die pers\u00f6nlichen Lieblingsst\u00fccke aus ihrem umfangreichen Repertoire nicht fehlen \u2013 Songs, die N\u00e4he schaffen, ber\u00fchren und diese unverwechselbare Mischung aus nordischer Klarheit und emotionaler Tiefe transportieren.<\/p>\n<p data-start=\"1003\" data-end=\"1233\">Spannend bleibt: Das Line-up der Tour wird erst noch bekannt gegeben. Wer also mit Tina Dico gemeinsam auf der B\u00fchne stehen wird, bleibt bis zur exklusiven Enth\u00fcllung ein Geheimnis. Sicher ist jedoch:\u00a0<em data-start=\"1208\" data-end=\"1231\">Alles kann passieren.<\/em><\/p>\n<p data-start=\"1235\" data-end=\"1291\">F\u00fcr Tina Dico bedeutet Touren weit mehr als einen Job.<\/p>\n<blockquote data-start=\"1292\" data-end=\"1592\">\n<p data-start=\"1294\" data-end=\"1592\">\u201eMit dem Tourbus in den S\u00fcden zu fahren, das sind einige der besten Zeiten meines Lebens\u201c, sagt sie.<br data-start=\"1394\" data-end=\"1397\" \/>\u201eWir treffen wunderbare Menschen, entdecken neue St\u00e4dte und bauen Br\u00fccken \u2013 mit alter und neuer Musik. In meinem Leben war es vielleicht noch nie so wichtig wie jetzt, diese N\u00e4he zu pflegen.\u201c<\/p>\n<\/blockquote>\n<p data-start=\"1594\" data-end=\"1836\">Die Herbsttour 2026 f\u00fchrt die Musikerin durch ausgew\u00e4hlte St\u00e4dte in Deutschland sowie nach Amsterdam, S\u0142ubice und Wien \u2013 und verspricht intime, kraftvolle Konzertabende voller Leidenschaft, Tiefgang und musikalischer Intensit\u00e4t.<\/p>\n<\/div>\n<div><\/div>\n<div><\/div>\n<\/div>\n<\/section>\n<section class=\"artist-menue tour-menue\">\n<div class=\"artist-menue_List\">\n<div id=\"tour_tickets_links\" class=\"toure_links hidden\">\n<div class=\"text_1\"><\/div>\n<div class=\"text_2\"><\/div>\n<div class=\"text_1\"><\/div>\n<div class=\"text_2\"><\/div>\n<div class=\"text_1\"><\/div>\n<\/div>\n<div id=\"tour_presse_opener\" class=\"artist-menue_Element pfeil-icon\"><\/div>\n<div id=\"tour_presse_links\" class=\"toure_links hidden\">\n<div class=\"text_1\"><\/div>\n<div class=\"text_2\"><\/div>\n<div class=\"text_1\"><\/div>\n<div class=\"text_2\"><\/div>\n<div class=\"text_1\"><\/div>\n<div class=\"text_2\"><\/div>\n<\/div>\n<\/div>\n<\/section>\n<section class=\"artist-feed\">\n<div class=\"titel\"><\/div>\n<div class=\"artist-feed-list\">\n<div class=\"artist-socials\">\n<div class=\"iconListe\">\n<div class=\"youtube-icon icon sozial-icon\"><\/div>\n<div class=\"facebook-icon icon sozial-icon\"><\/div>\n<div class=\"spotify-icon icon sozial-icon\"><\/div>\n<\/div>\n<\/div>\n<div class=\"artist-spotify\"><\/div>\n<div class=\"homepage-link-box\">\n<div class=\"artist text artist-homepage link_box\">\n<div class=\"text-link pfeil-icon\"><\/div>\n<\/div>\n<\/div>\n<\/div>\n<\/section>","protected":false},"excerpt":{"rendered":"<p>Die Herbsttour 2026 f\u00fchrt die Musikerin durch ausgew\u00e4hlte St\u00e4dte in Deutschland sowie nach Amsterdam, S\u0142ubice und Wien \u2013 und verspricht intime, kraftvolle Konzertabende voller Leidenschaft, Tiefgang und musikalischer Intensit\u00e4t. Sichern Sie sich Ihr Ticket!<\/p>","protected":false},"featured_media":68839,"template":"","meta":{"_acf_changed":false,"inline_featured_image":false},"product_brand":[],"product_cat":[31,344,69,86,35,6746,21,58],"product_tag":[941,962,942,943,4819,944,6814,947,7219,948],"class_list":{"0":"post-68832","1":"product","2":"type-product","3":"status-publish","4":"has-post-thumbnail","6":"product_cat-events","7":"product_cat-haus-auensee","8":"product_cat-konzert","9":"product_cat-leipzig","10":"product_cat-orte","11":"product_cat-singer-songwriter","12":"product_cat-ticket","13":"product_cat-veranstaltung","14":"product_tag-events","15":"product_tag-haus-auensee","16":"product_tag-konzert","17":"product_tag-leipzig","18":"product_tag-live-2026","19":"product_tag-orte","20":"product_tag-singer-songwriter","21":"product_tag-ticket","22":"product_tag-tina-dico","23":"product_tag-veranstaltung","24":"product_shipping_class-nur_paketversand","25":"pa_discount-inklusive-begleitperson","26":"pa_discount-kind","27":"pa_discount-normalpreis","28":"pa_preiskategorie-pk-i","29":"pa_preiskategorie-pk-ii","30":"pa_preiskategorie-pk-iii","31":"pa_preiskategorie-pk-iv","32":"pa_preiskategorie-rollstuhlfahrer","33":"pa_preiskategorie-schwerbeschaedigt","35":"first","36":"instock","37":"taxable","38":"shipping-taxable","39":"purchasable","40":"product-type-variable"},"group_of_quantity":0,"min_quantity":0,"max_quantity":"","exclude_order_quantity_value_rules":"no","exclude_category_quantity_rules":"no","combine_variations":"no","acf":[],"_links":{"self":[{"href":"https:\/\/arena-ticket.com\/en\/wp-json\/wp\/v2\/product\/68832","targetHints":{"allow":["GET"]}}],"collection":[{"href":"https:\/\/arena-ticket.com\/en\/wp-json\/wp\/v2\/product"}],"about":[{"href":"https:\/\/arena-ticket.com\/en\/wp-json\/wp\/v2\/types\/product"}],"wp:featuredmedia":[{"embeddable":true,"href":"https:\/\/arena-ticket.com\/en\/wp-json\/wp\/v2\/media\/68839"}],"wp:attachment":[{"href":"https:\/\/arena-ticket.com\/en\/wp-json\/wp\/v2\/media?parent=68832"}],"wp:term":[{"taxonomy":"product_brand","embeddable":true,"href":"https:\/\/arena-ticket.com\/en\/wp-json\/wp\/v2\/product_brand?post=68832"},{"taxonomy":"product_cat","embeddable":true,"href":"https:\/\/arena-ticket.com\/en\/wp-json\/wp\/v2\/product_cat?post=68832"},{"taxonomy":"product_tag","embeddable":true,"href":"https:\/\/arena-ticket.com\/en\/wp-json\/wp\/v2\/product_tag?post=68832"}],"curies":[{"name":"wp","href":"https:\/\/api.w.org\/{rel}","templated":true}]}}