{"id":68843,"date":"2026-03-11T16:26:57","date_gmt":"2026-03-11T15:26:57","guid":{"rendered":"https:\/\/arena-ticket.com\/?p=68843&#038;post_type=product&#038;preview_id=68843"},"modified":"2026-03-12T10:02:07","modified_gmt":"2026-03-12T09:02:07","slug":"maxi-gstettenbauer-komplett-absurd-brauclub-chemnitz-12-03-2027-2000-uhr","status":"publish","type":"product","link":"https:\/\/arena-ticket.com\/en\/product\/maxi-gstettenbauer-komplett-absurd-brauclub-chemnitz-12-03-2027-2000-uhr\/","title":{"rendered":"Maxi Gstettenbauer - Komplett absurd"},"content":{"rendered":"<p>Comedy ist mittlerweile ein Minenfeld. Woru\u0308ber darf man noch lachen? Das ist ein Fall fu\u0308r Maxi Gstettenbauer - der verl\u00e4ssliche Minenr\u00e4umer unter den Comedians.<br \/>\nViele halten Satire fu\u0308r eine feine Klinge, doch er bevorzugt die Axt. Warum das feine Florett, wenn\u2019s die Kettens\u00e4ge doch auch tut?<br \/>\nMit einem Timing, auf das selbst Uhren neidisch sind, hat sich Gstettenbauer zu einen der Top-Comedians des Landes hochgespielt.<br \/>\nPrivilegiert, mords heterosexuell und maximal sportvermeidend stranguliert der schwarzhumorige Familienvater das Zwerchfell der Republik. Und zwar so gekonnt, dass man sich danach fragt, ob man wei\u00dfe M\u00e4nner nicht direkt verbieten sollte. Gstettenbauer wartet nicht auf Erlaubnis, er erteilt sie sich einfach selbst - in Absprache mit seiner Frau.<br \/>\nKOMPLETT ABSURD ist der befreiende Roundhouse-Kick der deutschen Comedy. Harte Gags, hohes Tempo - mitten aus dem Leben. Und es trifft alle die es verdient haben. Es l\u00e4sst sich eben viel sch\u00f6ner austeilen, wenn man selbst der gr\u00f6\u00dfte Witz ist.<\/p>\n<p>Foto: Marvin Ruppert<\/p>","protected":false},"excerpt":{"rendered":"<p>Get your tickets now!<\/p>","protected":false},"featured_media":68845,"template":"","meta":{"_acf_changed":false,"inline_featured_image":false},"product_brand":[],"product_cat":[374,103,6725,31,95,35,21,58],"product_tag":[4337,992,954,941,6774,7220,942,5753,944,947,948],"class_list":{"0":"post-68843","1":"product","2":"type-product","3":"status-publish","4":"has-post-thumbnail","6":"product_cat-brauclub-im-turmbrauhaus","7":"product_cat-chemnitz","8":"product_cat-comedy","9":"product_cat-events","10":"product_cat-humor","11":"product_cat-orte","12":"product_cat-ticket","13":"product_cat-veranstaltung","14":"product_tag-brauclub-im-turmbrauhaus","15":"product_tag-chemnitz","16":"product_tag-comedy","17":"product_tag-events","18":"product_tag-humor","19":"product_tag-komplett-absurd","20":"product_tag-konzert","21":"product_tag-maxi-gstettenbauer","22":"product_tag-orte","23":"product_tag-ticket","24":"product_tag-veranstaltung","25":"product_shipping_class-nur_paketversand","26":"pa_discount-normalpreis","27":"pa_preiskategorie-freie-platzwahl","29":"first","30":"instock","31":"taxable","32":"shipping-taxable","33":"purchasable","34":"product-type-variable"},"group_of_quantity":0,"min_quantity":0,"max_quantity":"","exclude_order_quantity_value_rules":"no","exclude_category_quantity_rules":"no","combine_variations":"no","acf":[],"_links":{"self":[{"href":"https:\/\/arena-ticket.com\/en\/wp-json\/wp\/v2\/product\/68843","targetHints":{"allow":["GET"]}}],"collection":[{"href":"https:\/\/arena-ticket.com\/en\/wp-json\/wp\/v2\/product"}],"about":[{"href":"https:\/\/arena-ticket.com\/en\/wp-json\/wp\/v2\/types\/product"}],"wp:featuredmedia":[{"embeddable":true,"href":"https:\/\/arena-ticket.com\/en\/wp-json\/wp\/v2\/media\/68845"}],"wp:attachment":[{"href":"https:\/\/arena-ticket.com\/en\/wp-json\/wp\/v2\/media?parent=68843"}],"wp:term":[{"taxonomy":"product_brand","embeddable":true,"href":"https:\/\/arena-ticket.com\/en\/wp-json\/wp\/v2\/product_brand?post=68843"},{"taxonomy":"product_cat","embeddable":true,"href":"https:\/\/arena-ticket.com\/en\/wp-json\/wp\/v2\/product_cat?post=68843"},{"taxonomy":"product_tag","embeddable":true,"href":"https:\/\/arena-ticket.com\/en\/wp-json\/wp\/v2\/product_tag?post=68843"}],"curies":[{"name":"wp","href":"https:\/\/api.w.org\/{rel}","templated":true}]}}