{"id":68882,"date":"2026-03-12T10:28:33","date_gmt":"2026-03-12T09:28:33","guid":{"rendered":"https:\/\/arena-ticket.com\/?p=68882&#038;post_type=product&#038;preview_id=68882"},"modified":"2026-03-12T10:43:23","modified_gmt":"2026-03-12T09:43:23","slug":"sarah-hakenberg-ich-wars-nicht-leipzig-kupfersaal-24-10-2026-2000-uhr","status":"publish","type":"product","link":"https:\/\/arena-ticket.com\/en\/product\/sarah-hakenberg-ich-wars-nicht-leipzig-kupfersaal-24-10-2026-2000-uhr\/","title":{"rendered":"Sarah Hakenberg  - Ich war's nicht"},"content":{"rendered":"<p>Es gibt Zeiten, in denen der letzte Witz erz\u00e4hlt ist und alle fr\u00f6hlichen Melodien dieser Welt verklungen sind. Aber diese Zeiten sind ja zum Gl\u00fcck noch nicht angebrochen! Denn die mit dem \"Deutschen Kabarettpreis\" ausgezeichnete Liedermacherin zeigt, dass man \u00fcber fast alles lachen kann - sogar \u00fcber das, was weh tut. Mit scharfsinnigen Liedern, bissigen Texten und entwaffnendem Charme verwandelt sie Alltagsabsurdit\u00e4ten in brillante Satire. Arme alte wei\u00dfe M\u00e4nner, die mit Ver\u00e4nderungen nicht klar kommen, bleiben genauso wenig verschont wie Schnitzeljagd spielenden Kinder auf dem Schlachthof. Sarah Hakenberg haut vergn\u00fcgt in die Tasten, schrummt ihre Ukulele und erz\u00e4hlt dabei gleicherma\u00dfen von Abgr\u00fcnden, die in unserem Inneren schlummern und vom gro\u00dfen Wirrwarr da drau\u00dfen. Besser wird die Welt dadurch vielleicht auch nicht, aber zumindest besser ertr\u00e4glich. Ein Abend voller Witz und wunderbarer Musik - dreist, klug und herrlich befreiend!<\/p>","protected":false},"excerpt":{"rendered":"<p>Get your ticket now!<\/p>","protected":false},"featured_media":68885,"template":"","meta":{"_acf_changed":false,"inline_featured_image":false},"product_brand":[],"product_cat":[31,69,430,86,35,6746,21,58],"product_tag":[941,3169,7223,942,968,943,944,3979,6814,947,7109,948],"class_list":{"0":"post-68882","1":"product","2":"type-product","3":"status-publish","4":"has-post-thumbnail","6":"product_cat-events","7":"product_cat-konzert","8":"product_cat-kupfersaal","9":"product_cat-leipzig","10":"product_cat-orte","11":"product_cat-singer-songwriter","12":"product_cat-ticket","13":"product_cat-veranstaltung","14":"product_tag-events","15":"product_tag-ic-falkenberg","16":"product_tag-ich-wars-nicht","17":"product_tag-konzert","18":"product_tag-kupfersaal","19":"product_tag-leipzig","20":"product_tag-orte","21":"product_tag-sarah-hakenberg","22":"product_tag-singer-songwriter","23":"product_tag-ticket","24":"product_tag-unterstrichen-2026","25":"product_tag-veranstaltung","26":"product_shipping_class-nur_paketversand","27":"pa_discount-normalpreis","28":"pa_preiskategorie-freie-platzwahl","30":"first","31":"instock","32":"taxable","33":"shipping-taxable","34":"purchasable","35":"product-type-variable"},"group_of_quantity":0,"min_quantity":0,"max_quantity":"","exclude_order_quantity_value_rules":"no","exclude_category_quantity_rules":"no","combine_variations":"no","acf":[],"_links":{"self":[{"href":"https:\/\/arena-ticket.com\/en\/wp-json\/wp\/v2\/product\/68882","targetHints":{"allow":["GET"]}}],"collection":[{"href":"https:\/\/arena-ticket.com\/en\/wp-json\/wp\/v2\/product"}],"about":[{"href":"https:\/\/arena-ticket.com\/en\/wp-json\/wp\/v2\/types\/product"}],"wp:featuredmedia":[{"embeddable":true,"href":"https:\/\/arena-ticket.com\/en\/wp-json\/wp\/v2\/media\/68885"}],"wp:attachment":[{"href":"https:\/\/arena-ticket.com\/en\/wp-json\/wp\/v2\/media?parent=68882"}],"wp:term":[{"taxonomy":"product_brand","embeddable":true,"href":"https:\/\/arena-ticket.com\/en\/wp-json\/wp\/v2\/product_brand?post=68882"},{"taxonomy":"product_cat","embeddable":true,"href":"https:\/\/arena-ticket.com\/en\/wp-json\/wp\/v2\/product_cat?post=68882"},{"taxonomy":"product_tag","embeddable":true,"href":"https:\/\/arena-ticket.com\/en\/wp-json\/wp\/v2\/product_tag?post=68882"}],"curies":[{"name":"wp","href":"https:\/\/api.w.org\/{rel}","templated":true}]}}