{"id":68896,"date":"2026-03-12T11:02:08","date_gmt":"2026-03-12T10:02:08","guid":{"rendered":"https:\/\/arena-ticket.com\/?p=68896&#038;post_type=product&#038;preview_id=68896"},"modified":"2026-03-12T13:22:01","modified_gmt":"2026-03-12T12:22:01","slug":"pater-brown-ein-live-hoerspiel-leipzig-kupfersaal-21-12-2027-2000-uhr","status":"publish","type":"product","link":"https:\/\/arena-ticket.com\/en\/product\/pater-brown-ein-live-hoerspiel-leipzig-kupfersaal-21-12-2027-2000-uhr\/","title":{"rendered":"Pater Brown - Ein Live H\u00f6rspiel"},"content":{"rendered":"<p>&nbsp;<\/p>\n<p>Mit Wanja Mues, Antoine Monot und Beatboxer Marvelin ab Herbst 2025 auf Tour<\/p>\n<p>M\u00fcnchen \u2013 Zwei Stars, Millionen Fans und eine Kultfigur:\u00a0Antoine Monot\u00a0(\u201eBehringer und die Toten\u201c, \u201eEin Fall f\u00fcr zwei\u201c) und\u00a0Wanja Mues\u00a0(\u201eEin Fall f\u00fcr zwei\u201c) bringen ab Herbst 2025 das Live-H\u00f6rspiel\u00a0\u201ePater Brown\u201c\u00a0auf die B\u00fchne. Verst\u00e4rkt werden sie von\u00a0Marvelin, einem der gefragtesten Beatboxer im deutschsprachigen Raum, der die komplette Ger\u00e4usch- und Klangwelt live vor den Augen des Publikums erschafft.<\/p>\n<p>Statt trockener Literatur erwartet die Zuschauer:innen\u00a0spannende Krimis voller Wendungen, ein Abend zum Mitr\u00e4tseln\u00a0\u2013 mit einem Sounddesign, das es so noch nicht gegeben hat. Von Kirchenglocken und Schmiedefeuer bis zu d\u00fcsteren Windb\u00f6en und Stimmengewirr:\u00a0Marvelin verwandelt allein mit seiner Stimme die B\u00fchne in eine ganze Welt.<\/p>\n<p>Zum Auftakt stehen zwei packende F\u00e4lle auf dem Programm:<\/p>\n<ul>\n<li>\u201eDas blaue Kreuz\u201c\u00a0\u2013 ein raffiniertes Katz-und-Maus-Spiel zwischen Pater Brown, dem Meisterdieb Flambeau und einem brillanten Detektiv.<\/li>\n<li>\u201eDie fallenden Br\u00fcder\u201c\u00a0\u2013 ein d\u00fcsteres Familiendrama um Schuld, Hochmut und ein t\u00f6dliches Geheimnis.<\/li>\n<\/ul>\n<p>\u201eWir wollten Chestertons F\u00e4lle als das erlebbar machen, was sie sind: spannende Krimis, die zum Mitr\u00e4tseln einladen \u2013 nahbar, modern und mit einem Sound, der unter die Haut geht\u201c, sagt\u00a0Wanja Mues. Die Buchfassungen haben\u00a0Stefanie Sick\u00a0(auch Produktionsleitung) und\u00a0Antoine Monot\u00a0erstellt, die k\u00fcnstlerische Leitung bei der Gestaltung des Abends haben alle drei, Antoine Monot, Wanja Mues &amp; Stefanie Sick. Letztere ist auch f\u00fcr die Produktion zust\u00e4ndig.<\/p>\n<p>\u201eDas Publikum erlebt uns diesmal nicht im Fernsehen, sondern hautnah: als Pater Brown und Erz\u00e4hler live auf der B\u00fchne. Ein einzigartiger Abend f\u00fcr alle, die Lust haben, mitzufiebern und mitzuraten\u201c, erg\u00e4nzt\u00a0Antoine Monot.<\/p>\n<p>Zwei Publikumslieblinge live erleben<\/p>\n<p>Seit\u00a0\u00fcber zw\u00f6lf Jahren\u00a0begeistern\u00a0Wanja Mues und Antoine Monot\u00a0im ZDF-Krimi-Dauerbrenner\u00a0\u201eEin Fall f\u00fcr zwei\u201c\u00a0im Schnitt\u00a04,5 Millionen Zuschauer:innen pro Folge. Noch bis zum\u00a017. Oktober 2025\u00a0laufen jeden Freitag um 20:15 Uhr im ZDF neue Episoden.<br \/>\nJetzt gibt es die seltene Gelegenheit, das Duo au\u00dferhalb des Bildschirms live und hautnah auf der B\u00fchne zu erleben.<\/p>\n<p>Eine Kultfigur mit Geschichte<\/p>\n<p>Die Figur des Pater Brown wurde schon durch\u00a0Heinz R\u00fchmann\u00a0(Kino, 1960\u20131968) und\u00a0Ottfried Fischer\u00a0(ARD-Serie, 2003\u20132014) einem Millionenpublikum bekannt. Mit Monot, Mues und Marvelin wird die Reihe nun als modernes Live-H\u00f6rspiel neu inszeniert \u2013 spannend, interaktiv und zeitgem\u00e4\u00df.<\/p>\n<p>&nbsp;<\/p>\n<p>&nbsp;<\/p>\n<p>&nbsp;<\/p>","protected":false},"excerpt":{"rendered":"<p>Pater Brown live: Spannende Krimis als mitrei\u00dfendes Live-H\u00f6rspiel - jetzt Tickets hier sichern!<\/p>","protected":false},"featured_media":68902,"template":"","meta":{"_acf_changed":false,"inline_featured_image":false},"product_brand":[],"product_cat":[31,922,430,86,35,6772,21,58],"product_tag":[7048,7225,941,951,968,943,1691,7047,944,7224,6779,947,948],"class_list":{"0":"post-68896","1":"product","2":"type-product","3":"status-publish","4":"has-post-thumbnail","6":"product_cat-events","7":"product_cat-kultur","8":"product_cat-kupfersaal","9":"product_cat-leipzig","10":"product_cat-orte","11":"product_cat-sonstiges_kultur","12":"product_cat-ticket","13":"product_cat-veranstaltung","14":"product_tag-die-schoensten-krisen-podcast","15":"product_tag-ein-live-hoerspiel","16":"product_tag-events","17":"product_tag-kultur","18":"product_tag-kupfersaal","19":"product_tag-leipzig","20":"product_tag-lesung","21":"product_tag-olaf-schubert-stephan-ludwig","22":"product_tag-orte","23":"product_tag-pater-brown","24":"product_tag-sonstiges","25":"product_tag-ticket","26":"product_tag-veranstaltung","27":"product_shipping_class-nur_paketversand","28":"pa_discount-ermaessigt","29":"pa_discount-normalpreis","30":"pa_preiskategorie-pk-i","31":"pa_preiskategorie-pk-ii","32":"pa_preiskategorie-pk-iii","33":"pa_preiskategorie-pk-iv","35":"first","36":"instock","37":"taxable","38":"shipping-taxable","39":"purchasable","40":"product-type-variable"},"group_of_quantity":0,"min_quantity":0,"max_quantity":"","exclude_order_quantity_value_rules":"no","exclude_category_quantity_rules":"no","combine_variations":"no","acf":[],"_links":{"self":[{"href":"https:\/\/arena-ticket.com\/en\/wp-json\/wp\/v2\/product\/68896","targetHints":{"allow":["GET"]}}],"collection":[{"href":"https:\/\/arena-ticket.com\/en\/wp-json\/wp\/v2\/product"}],"about":[{"href":"https:\/\/arena-ticket.com\/en\/wp-json\/wp\/v2\/types\/product"}],"wp:featuredmedia":[{"embeddable":true,"href":"https:\/\/arena-ticket.com\/en\/wp-json\/wp\/v2\/media\/68902"}],"wp:attachment":[{"href":"https:\/\/arena-ticket.com\/en\/wp-json\/wp\/v2\/media?parent=68896"}],"wp:term":[{"taxonomy":"product_brand","embeddable":true,"href":"https:\/\/arena-ticket.com\/en\/wp-json\/wp\/v2\/product_brand?post=68896"},{"taxonomy":"product_cat","embeddable":true,"href":"https:\/\/arena-ticket.com\/en\/wp-json\/wp\/v2\/product_cat?post=68896"},{"taxonomy":"product_tag","embeddable":true,"href":"https:\/\/arena-ticket.com\/en\/wp-json\/wp\/v2\/product_tag?post=68896"}],"curies":[{"name":"wp","href":"https:\/\/api.w.org\/{rel}","templated":true}]}}