{"id":68908,"date":"2026-03-12T11:43:08","date_gmt":"2026-03-12T10:43:08","guid":{"rendered":"https:\/\/arena-ticket.com\/?p=68908&#038;post_type=product&#038;preview_id=68908"},"modified":"2026-03-12T16:43:58","modified_gmt":"2026-03-12T15:43:58","slug":"akkordeonale-2026-internationales-akkordeon-festival-leipzig-werk-2-04-05-2026-2000-uhr","status":"publish","type":"product","link":"https:\/\/arena-ticket.com\/en\/product\/akkordeonale-2026-internationales-akkordeon-festival-leipzig-werk-2-04-05-2026-2000-uhr\/","title":{"rendered":"Akkordeonale 2026:  - Internationales Akkordeon Festival"},"content":{"rendered":"<p><em>Reduced: <\/em><em>Kinder bis einschl. 12 Jahren, Sch\u00fcler*innen, Studierende, <\/em><br \/>\n<em>Auszubildende, Bundesfreiwilligendienstleistende und Leipzig-Pass-Inhaber*innen<\/em><\/p>\n<p>&nbsp;<\/p>\n<p>&nbsp;<\/p>\n<p><strong>Akkordeonale 2026<\/strong><br \/>\nInternationales Akkordeon Festival<\/p>\n<p>Ein Festival wird vollj\u00e4hrig!<\/p>\n<p>Zur Geburtsstunde 2009 war die Akkordeonale noch damit besch\u00e4ftigt, das Akkordeon aus seinem Nischendasein herauszuzerren und ins breite B\u00fchnenlicht zu stellen.<br \/>\nSchnell ist das Festival zu einem au\u00dfergew\u00f6hnlichen Erlebnis quer durch s\u00e4mtliche Kulturen und Stilarten geworden, immer innovativ, berauschend und erfrischend anders.<br \/>\nEine einzige Liebeserkl\u00e4rung an das \u2013 wie Akkordeonale-Gr\u00fcnder Servais Haanen sagt \u2013 sch\u00f6nste Instrument der Welt.<br \/>\nF\u00fcr Servais wird dies die letzte Tournee sein, bevor er das Festival in j\u00fcngere H\u00e4nde \u00fcbergibt.<br \/>\n(...eine \u00c4ra geht weiter!)<br \/>\nGute Gr\u00fcnde um Musiker und Weggef\u00e4hrten aus verschiedenen Akkordeonale-Jahren<br \/>\neinzuladen:<br \/>\nEuch erwartet ein Ensemble-Mix voll spr\u00fchenden Temperaments, Esprit und Poesie mit s\u00fcdbrasilianischer Gaucho-Musik, Rembetiko und Balkan-Jazz aus der griechischen Metropole, intim-expressiver Minimal-Music auf italienisch, virtuosem franz\u00f6sischen Tastenzauber sowie<br \/>\nniederl\u00e4ndischer Klang\u00e4sthetik, Cello unkonventionell und ein groovendes Saxophon.<br \/>\nWie immer sind pulsierende Wechsel von Soli und Ensemblest\u00fccken das Herzst\u00fcck der Akkordeonale.<br \/>\nSo unterschiedlich die Pers\u00f6nlichkeiten, kulturellen Hintergr\u00fcnde und Spielweisen auch sein m\u00f6gen \u2013 die gemeinsame Sprache Musik schafft eine lebendige Verst\u00e4ndigung, die sich nicht um Grenzen und Trennendes schert.<br \/>\nSpannende Interaktionen, musikalischer Reichtum und die Freude am gemeinsamen Konzert verweben sich zu etwas ganz Neuem, bis jetzt noch nicht Geh\u00f6rten.<\/p>\n<p>Ein Fest der Kl\u00e4nge! Adrenalin und Seelenbalsam!<br \/>\nSehen \u2014 H\u00f6ren \u2014 Genie\u00dfe<\/p>\n<p><strong>Adriana de Los Santos<\/strong>\u00a0(Brasilien)<br \/>\nGaucho-Frauen-Power<\/p>\n<p><strong>Maurizio Minardi<\/strong>\u00a0(Italien)<br \/>\nFellini auf Akkordeon<\/p>\n<p><strong>Zabou Gu\u00e9rin<\/strong>\u00a0(Frankreich)<br \/>\nBunt \u2013 Lebendig \u2013 Virtuos<\/p>\n<p><strong>Dimos Vougioukas<\/strong>\u00a0(Griechenland)<br \/>\nSpezialit\u00e4ten vom Olymp<\/p>\n<p><strong>Servais Haanen<\/strong>\u00a0(Niederlande)<br \/>\nDer Meister feiner Kl\u00e4nge<\/p>\n<p><strong>Diogo Pic\u00e3o<\/strong>\u00a0(Portugal)<br \/>\nSaxophon<\/p>\n<p><strong>Johanna Stein<\/strong>\u00a0(Deutschland)<br \/>\nCello<\/p>","protected":false},"excerpt":{"rendered":"<p>Get your tickets now!<\/p>","protected":false},"featured_media":68910,"template":"","meta":{"_acf_changed":false,"inline_featured_image":false},"product_brand":[],"product_cat":[31,69,86,35,6749,21,58,513],"product_tag":[7226,941,7227,942,943,944,6779,947,948,972],"class_list":{"0":"post-68908","1":"product","2":"type-product","3":"status-publish","4":"has-post-thumbnail","6":"product_cat-events","7":"product_cat-konzert","8":"product_cat-leipzig","9":"product_cat-orte","10":"product_cat-sonstiges_konzert","11":"product_cat-ticket","12":"product_cat-veranstaltung","13":"product_cat-werk-zwei","14":"product_tag-akkordeonale-2026","15":"product_tag-events","16":"product_tag-internationales-akkordeon-festival","17":"product_tag-konzert","18":"product_tag-leipzig","19":"product_tag-orte","20":"product_tag-sonstiges","21":"product_tag-ticket","22":"product_tag-veranstaltung","23":"product_tag-werk-2","24":"product_shipping_class-nur_paketversand","25":"pa_discount-ermaessigt","26":"pa_discount-normalpreis","27":"pa_preiskategorie-freie-platzwahl","28":"pa_preiskategorie-stehplatz","30":"first","31":"instock","32":"taxable","33":"shipping-taxable","34":"purchasable","35":"product-type-variable"},"group_of_quantity":0,"min_quantity":0,"max_quantity":"","exclude_order_quantity_value_rules":"no","exclude_category_quantity_rules":"no","combine_variations":"no","acf":[],"_links":{"self":[{"href":"https:\/\/arena-ticket.com\/en\/wp-json\/wp\/v2\/product\/68908","targetHints":{"allow":["GET"]}}],"collection":[{"href":"https:\/\/arena-ticket.com\/en\/wp-json\/wp\/v2\/product"}],"about":[{"href":"https:\/\/arena-ticket.com\/en\/wp-json\/wp\/v2\/types\/product"}],"wp:featuredmedia":[{"embeddable":true,"href":"https:\/\/arena-ticket.com\/en\/wp-json\/wp\/v2\/media\/68910"}],"wp:attachment":[{"href":"https:\/\/arena-ticket.com\/en\/wp-json\/wp\/v2\/media?parent=68908"}],"wp:term":[{"taxonomy":"product_brand","embeddable":true,"href":"https:\/\/arena-ticket.com\/en\/wp-json\/wp\/v2\/product_brand?post=68908"},{"taxonomy":"product_cat","embeddable":true,"href":"https:\/\/arena-ticket.com\/en\/wp-json\/wp\/v2\/product_cat?post=68908"},{"taxonomy":"product_tag","embeddable":true,"href":"https:\/\/arena-ticket.com\/en\/wp-json\/wp\/v2\/product_tag?post=68908"}],"curies":[{"name":"wp","href":"https:\/\/api.w.org\/{rel}","templated":true}]}}