{"id":68926,"date":"2026-03-12T12:48:47","date_gmt":"2026-03-12T11:48:47","guid":{"rendered":"https:\/\/arena-ticket.com\/?p=68926&#038;post_type=product&#038;preview_id=68926"},"modified":"2026-03-12T13:39:41","modified_gmt":"2026-03-12T12:39:41","slug":"piano-man-a-tribute-to-billy-joel-halle-steintor-variete-24-04-2027-1930-uhr","status":"publish","type":"product","link":"https:\/\/arena-ticket.com\/en\/product\/piano-man-a-tribute-to-billy-joel-halle-steintor-variete-24-04-2027-1930-uhr\/","title":{"rendered":"Piano Man - A Tribute to Billy Joel"},"content":{"rendered":"<p>Einmalig in Europa - erleben Sie ein Konzert der Extraklasse!<\/p>\n<p>Gehen Sie mit der Band PIANO MAN auf eine musikalische Reise und entdecken Sie die wunderbaren Geschichten in den Songs des Weltstars Billy Joel, gespickt mit Anekdoten und interessanten Infos aus seinem Leben.<\/p>\n<p>Begeistert von der musikalischen Bandbreite der anspruchsvollen Joel-Songs haben sich acht Musiker aus Deutschland inspirieren lassen. Sie und ein Gospelchor aus Ihrer Stadt pr\u00e4sentieren live und in Originalbesetzung in einem zweieinhalbst\u00fcndigen Konzert, unter der Leitung des Pianisten und S\u00e4ngers Thomas B\u00f6tig die bekannten Hits wie: \u00bbUptown Girl\u00ab, \u00bbMy Life\u00ab, \u00bbLeningrad\u00ab, \u00bbShe's Always A Woman\u00ab, \u00bbVienna\u00ab, \u00bbWe Didn't Start the Fire\u00ab und nat\u00fcrlich \u00bbPiano Man\u00ab<\/p>\n<p>Musik, die jede Generation ber\u00fchrt - ein Live-Konzert f\u00fcr die ganze Familie!<\/p>","protected":false},"excerpt":{"rendered":"<p>Gehen Sie mit der Band PIANO MAN unter der Leitung des Pianisten\/S\u00e4ngers Thomas B\u00f6tig auf eine musikalische Reise &amp; entdecken Sie die Geschichten in den Songs des Weltstars Billy Joel!<\/p>","protected":false},"featured_media":68930,"template":"","meta":{"_acf_changed":false,"inline_featured_image":false},"product_brand":[],"product_cat":[31,102,69,35,6733,496,21,58],"product_tag":[7230,941,999,942,944,6463,2506,2788,947,948],"class_list":{"0":"post-68926","1":"product","2":"type-product","3":"status-publish","4":"has-post-thumbnail","6":"product_cat-events","7":"product_cat-halle","8":"product_cat-konzert","9":"product_cat-orte","10":"product_cat-pop","11":"product_cat-steintor-variete","12":"product_cat-ticket","13":"product_cat-veranstaltung","14":"product_tag-a-tribute-to-billy-joel","15":"product_tag-events","16":"product_tag-halle","17":"product_tag-konzert","18":"product_tag-orte","19":"product_tag-piano-man","20":"product_tag-pop","21":"product_tag-steintor-variete","22":"product_tag-ticket","23":"product_tag-veranstaltung","24":"product_shipping_class-nur_paketversand","25":"pa_discount-normalpreis","26":"pa_preiskategorie-freie-platzwahl","28":"first","29":"instock","30":"taxable","31":"shipping-taxable","32":"purchasable","33":"product-type-variable","34":"has-default-attributes"},"group_of_quantity":0,"min_quantity":0,"max_quantity":"","exclude_order_quantity_value_rules":"no","exclude_category_quantity_rules":"no","combine_variations":"no","acf":[],"_links":{"self":[{"href":"https:\/\/arena-ticket.com\/en\/wp-json\/wp\/v2\/product\/68926","targetHints":{"allow":["GET"]}}],"collection":[{"href":"https:\/\/arena-ticket.com\/en\/wp-json\/wp\/v2\/product"}],"about":[{"href":"https:\/\/arena-ticket.com\/en\/wp-json\/wp\/v2\/types\/product"}],"wp:featuredmedia":[{"embeddable":true,"href":"https:\/\/arena-ticket.com\/en\/wp-json\/wp\/v2\/media\/68930"}],"wp:attachment":[{"href":"https:\/\/arena-ticket.com\/en\/wp-json\/wp\/v2\/media?parent=68926"}],"wp:term":[{"taxonomy":"product_brand","embeddable":true,"href":"https:\/\/arena-ticket.com\/en\/wp-json\/wp\/v2\/product_brand?post=68926"},{"taxonomy":"product_cat","embeddable":true,"href":"https:\/\/arena-ticket.com\/en\/wp-json\/wp\/v2\/product_cat?post=68926"},{"taxonomy":"product_tag","embeddable":true,"href":"https:\/\/arena-ticket.com\/en\/wp-json\/wp\/v2\/product_tag?post=68926"}],"curies":[{"name":"wp","href":"https:\/\/api.w.org\/{rel}","templated":true}]}}