{"id":68939,"date":"2026-03-12T13:17:46","date_gmt":"2026-03-12T12:17:46","guid":{"rendered":"https:\/\/arena-ticket.com\/?p=68939&#038;post_type=product&#038;preview_id=68939"},"modified":"2026-03-12T13:34:28","modified_gmt":"2026-03-12T12:34:28","slug":"soehne-mannheims-pianoalte-oper-erfurt-29-11-2026-1900-uhr","status":"publish","type":"product","link":"https:\/\/arena-ticket.com\/en\/product\/soehne-mannheims-pianoalte-oper-erfurt-29-11-2026-1900-uhr\/","title":{"rendered":"S\u00f6hne Mannheims Piano"},"content":{"rendered":"<p>Die Hits der legend\u00e4ren S\u00d6HNE MANNHEIMS mal ganz anders, mal ganz leise und zum Mitsingen in neu arrangierten Piano-Versionen: Dieses besondere Konzerterlebnis bietet ein S\u00d6HNE MANNHEIMS PIANO-Konzert. Das Erfolgsprogramm der S\u00f6hne kommt am 16. August live nach Vellmar zum Zeltfestival Sommer im Park: Florian Sitzmann am Konzertfl\u00fcgel und Dominic Sanz, Giuseppe Porrello, Karim Amun, Michael Klimas und Rapper Metaphysics an den Mikrofonen versprechen auf dem Festplatz einen Abend voller G\u00e4nsehaut-Momente.<\/p>\n<p>Faszinierende Piano-Linien, kombiniert mit exzellentem mehrstimmigem Gesang \u2013das ist die magische Melange, die ein S\u00d6HNE MANNHEIMS PIANO-Konzert einzigartig macht.<\/p>\n<p>Die musikalische Leitung hat der klassisch ausgebildete S\u00f6hne Mannheims-Pianist Florian Sitzmann (u.a. auch Andr\u00e9 Heller), der mit seinem ebenso sensiblen wie virtuosen Klavierspiel den S\u00f6hne-Sound seit Jahrzehnten pr\u00e4gt.<\/p>\n<p>Der in Wien lebende langj\u00e4hrige S\u00f6hne-S\u00e4nger und Produzent Michael Klimas, die S\u00f6hne-Vokalisten Dominic Sanz und Karim Amun mit ihren eindrucksvollen Soul-Stimmen, S\u00f6hne-Songwriter und S\u00e4nger Giuseppe \"Gastone\" Porrello mit seiner markanten Reibeisenstimme und der wortgewaltige S\u00f6hne-Rapper Metaphysics: Ungefiltert performen sie S\u00f6hne-Hits aus \u00fcber 30 Jahren Bandgeschichte und schaffen in der Stadthalle Gersthofen eine Atmosph\u00e4re von gro\u00dfer emotionaler Intensit\u00e4t und Tiefe.<\/p>\n<p>Auf dem Programm stehen neben den Klassikern aus \u00fcber 30 Jahren Bandgeschichte wie \"Und wenn ein Lied\" oder \"Das hat die Welt.<\/p>","protected":false},"excerpt":{"rendered":"<p>Die Hits der legend\u00e4ren S\u00d6HNE MANNHEIMS mal ganz anders, mal ganz leise und zum Mitsingen in neu arrangierten Piano-Versionen: Dieses besondere Konzerterlebnis bietet ein S\u00d6HNE MANNHEIMS PIANO-Konzert.<\/p>","protected":false},"featured_media":68937,"template":"","meta":{"_acf_changed":false,"inline_featured_image":false},"product_brand":[],"product_cat":[5615,167,31,69,35,6733,21,58],"product_tag":[5629,5628,3127,941,942,944,2506,7231,947,948],"class_list":{"0":"post-68939","1":"product","2":"type-product","3":"status-publish","4":"has-post-thumbnail","6":"product_cat-alte-oper","7":"product_cat-erfurt","8":"product_cat-events","9":"product_cat-konzert","10":"product_cat-orte","11":"product_cat-pop","12":"product_cat-ticket","13":"product_cat-veranstaltung","14":"product_tag-alte-oper","15":"product_tag-alte-oper-erfurt","16":"product_tag-erfurt","17":"product_tag-events","18":"product_tag-konzert","19":"product_tag-orte","20":"product_tag-pop","21":"product_tag-soehne-mannheims-piano","22":"product_tag-ticket","23":"product_tag-veranstaltung","24":"product_shipping_class-nur_paketversand","25":"pa_discount-normalpreis","26":"pa_preiskategorie-pk-i","27":"pa_preiskategorie-pk-ii","28":"pa_preiskategorie-pk-iii","29":"pa_preiskategorie-pk-iv","31":"first","32":"instock","33":"taxable","34":"shipping-taxable","35":"purchasable","36":"product-type-variable","37":"has-default-attributes"},"group_of_quantity":0,"min_quantity":0,"max_quantity":"","exclude_order_quantity_value_rules":"no","exclude_category_quantity_rules":"no","combine_variations":"no","acf":[],"_links":{"self":[{"href":"https:\/\/arena-ticket.com\/en\/wp-json\/wp\/v2\/product\/68939","targetHints":{"allow":["GET"]}}],"collection":[{"href":"https:\/\/arena-ticket.com\/en\/wp-json\/wp\/v2\/product"}],"about":[{"href":"https:\/\/arena-ticket.com\/en\/wp-json\/wp\/v2\/types\/product"}],"wp:featuredmedia":[{"embeddable":true,"href":"https:\/\/arena-ticket.com\/en\/wp-json\/wp\/v2\/media\/68937"}],"wp:attachment":[{"href":"https:\/\/arena-ticket.com\/en\/wp-json\/wp\/v2\/media?parent=68939"}],"wp:term":[{"taxonomy":"product_brand","embeddable":true,"href":"https:\/\/arena-ticket.com\/en\/wp-json\/wp\/v2\/product_brand?post=68939"},{"taxonomy":"product_cat","embeddable":true,"href":"https:\/\/arena-ticket.com\/en\/wp-json\/wp\/v2\/product_cat?post=68939"},{"taxonomy":"product_tag","embeddable":true,"href":"https:\/\/arena-ticket.com\/en\/wp-json\/wp\/v2\/product_tag?post=68939"}],"curies":[{"name":"wp","href":"https:\/\/api.w.org\/{rel}","templated":true}]}}