{"id":68944,"date":"2026-03-12T13:20:06","date_gmt":"2026-03-12T12:20:06","guid":{"rendered":"https:\/\/arena-ticket.com\/?p=68944&#038;post_type=product&#038;preview_id=68944"},"modified":"2026-03-12T13:31:05","modified_gmt":"2026-03-12T12:31:05","slug":"paula-lambert-finde-dich-gut-sonst-findet-dich-keiner-jetzt-erst-recht-leipzig-haus-leipzig-25-02-2027-2000-uhr","status":"publish","type":"product","link":"https:\/\/arena-ticket.com\/en\/product\/paula-lambert-finde-dich-gut-sonst-findet-dich-keiner-jetzt-erst-recht-leipzig-haus-leipzig-25-02-2027-2000-uhr\/","title":{"rendered":"Paula Lambert - Finde dich gut, sonst findet dich keiner (Jetzt erst recht!)"},"content":{"rendered":"<p>&nbsp;<\/p>\n<p>&nbsp;<\/p>\n<p>Die Show, die gl\u00fccklich macht.<\/p>\n<p>Paula Lambert geht auf Tour! Ungesch\u00f6nt, ungebremst und garantiert ohne Namast\u00e9-Bullshit.<br \/>\nEin Abend, den dein innerer Kritiker hassen und dein neues Ich lieben wird! Diese Show ist ein Frontalangriff auf Selbstzweifel und Sch\u00f6nrederei - mit Stil, Scharfsinn und einem L\u00e4cheln, das sagt: \u201eSorry, not sorry.\u201c<\/p>\n<p>Paula spricht \u00fcber Frauen, die sich klein machen, um reinzupassen. \u00dcber toxische Selbstoptimierung. Und \u00fcber das verdammt harte Business, sich selbst gut zu finden, wenn dir die Welt permanent einredet, dass du nicht gut genug bist. Sie nimmt kein Blatt vor den Mund, z\u00fcndet Pointen wie Silvesterknaller und trifft genau da, wo\u2019s z\u00e4hlt \u2013 im Kopf und im Herzen.<\/p>\n<p>Eine Show f\u00fcr alle, die keine Lust mehr haben, sich selbst zu ghosten. F\u00fcr alle, die genug davon haben, lieb, leise oder \u201ezu viel\u201c zu sein. Und f\u00fcr alle, die genau wissen, dass innerer Frieden manchmal eine Kampfansage braucht.<\/p>\n<p>Kurz:<br \/>\nPaula Lambert. Live. Direkt. Ohne Filter.<br \/>\nKomm klar \u2013 oder komm vorbei.<\/p>\n<p>&nbsp;<\/p>\n<p>&nbsp;<\/p>","protected":false},"excerpt":{"rendered":"<p>Get your tickets here now!<\/p>","protected":false},"featured_media":68950,"template":"","meta":{"_acf_changed":false,"inline_featured_image":false},"product_brand":[],"product_cat":[31,349,922,86,35,6772,21,58],"product_tag":[941,7234,7233,955,951,943,944,7232,7235,6779,947,948],"class_list":{"0":"post-68944","1":"product","2":"type-product","3":"status-publish","4":"has-post-thumbnail","6":"product_cat-events","7":"product_cat-haus-leipzig","8":"product_cat-kultur","9":"product_cat-leipzig","10":"product_cat-orte","11":"product_cat-sonstiges_kultur","12":"product_cat-ticket","13":"product_cat-veranstaltung","14":"product_tag-events","15":"product_tag-finde-dich-gut","16":"product_tag-finde-dich-gut-sonst-findet-dich-keiner-jetzt-erst-recht","17":"product_tag-haus-leipzig","18":"product_tag-kultur","19":"product_tag-leipzig","20":"product_tag-orte","21":"product_tag-paula-lambert","22":"product_tag-sonst-findet-dich-keiner-jetzt-erst-recht","23":"product_tag-sonstiges","24":"product_tag-ticket","25":"product_tag-veranstaltung","26":"product_shipping_class-nur_paketversand","27":"pa_discount-ermaessigt","28":"pa_discount-normalpreis","29":"pa_preiskategorie-pk-i","30":"pa_preiskategorie-pk-ii","31":"pa_preiskategorie-pk-iii","32":"pa_preiskategorie-pk-iv","34":"first","35":"instock","36":"taxable","37":"shipping-taxable","38":"purchasable","39":"product-type-variable"},"group_of_quantity":0,"min_quantity":0,"max_quantity":"","exclude_order_quantity_value_rules":"no","exclude_category_quantity_rules":"no","combine_variations":"no","acf":[],"_links":{"self":[{"href":"https:\/\/arena-ticket.com\/en\/wp-json\/wp\/v2\/product\/68944","targetHints":{"allow":["GET"]}}],"collection":[{"href":"https:\/\/arena-ticket.com\/en\/wp-json\/wp\/v2\/product"}],"about":[{"href":"https:\/\/arena-ticket.com\/en\/wp-json\/wp\/v2\/types\/product"}],"wp:featuredmedia":[{"embeddable":true,"href":"https:\/\/arena-ticket.com\/en\/wp-json\/wp\/v2\/media\/68950"}],"wp:attachment":[{"href":"https:\/\/arena-ticket.com\/en\/wp-json\/wp\/v2\/media?parent=68944"}],"wp:term":[{"taxonomy":"product_brand","embeddable":true,"href":"https:\/\/arena-ticket.com\/en\/wp-json\/wp\/v2\/product_brand?post=68944"},{"taxonomy":"product_cat","embeddable":true,"href":"https:\/\/arena-ticket.com\/en\/wp-json\/wp\/v2\/product_cat?post=68944"},{"taxonomy":"product_tag","embeddable":true,"href":"https:\/\/arena-ticket.com\/en\/wp-json\/wp\/v2\/product_tag?post=68944"}],"curies":[{"name":"wp","href":"https:\/\/api.w.org\/{rel}","templated":true}]}}