{"id":68964,"date":"2026-03-12T13:49:50","date_gmt":"2026-03-12T12:49:50","guid":{"rendered":"https:\/\/arena-ticket.com\/?p=68964&#038;post_type=product&#038;preview_id=68964"},"modified":"2026-03-12T16:53:06","modified_gmt":"2026-03-12T15:53:06","slug":"pit-und-paula-frisch-versalzen-leipzig-schaubuehne-lindenfels-05-07-2026-1100-uhr","status":"publish","type":"product","link":"https:\/\/arena-ticket.com\/en\/product\/pit-und-paula-frisch-versalzen-leipzig-schaubuehne-lindenfels-05-07-2026-1100-uhr\/","title":{"rendered":"Pit und Paula - Frisch versalzen"},"content":{"rendered":"<p>&nbsp;<\/p>\n<p>&nbsp;<\/p>\n<article class=\"cell small-12 medium-8 body\">In einem gro\u00dfen Schloss lebte Prinzessin Paula mit ihrem Vater, K\u00f6nig Konrad, und ihren Schwestern. \u00bbWie sieht eure Liebe zu mir aus?\u00ab, will der Vater wissen. \u00bbWie Gold, wie sch\u00f6ne Kleider!\u00ab, antworten Paulas Schwestern. \u00bbWie Salz\u00ab, meint Paula. \u00bbWie Salz? Salz ist doch nichts Besonderes!\u00ab, entgegnet der Vater und wird darauf hin so w\u00fctend, dass er Paula aus dem Schloss jagt.Als pl\u00f6tzlich im ganzen Land das Salz ausgeht, erkennt der K\u00f6nig, dass er einen gro\u00dfen Fehler gemacht hat. Zum Gl\u00fcck ist Paula nicht nachtragend. Gemeinsam mit ihrem Freund Pit und einem magischen Sack Salz macht Paula sich auf den Weg, das K\u00f6nigreich zu retten. Auf ihrer Reise treffen sie auf allerlei Abenteuer \u2013 ob die Geschichte am Ende wohl gut ausgeht? Die m\u00e4rchenhafte Oper f\u00fcr Kinder \u00fcber Werte und Freundschaft verbindet klassische Musik mit modernen Elementen<\/article>\n<blockquote class=\"grid-x align-center module-quote padding-default event-description__quote\">\n<div class=\"cell small-12 medium-8\">\n<div class=\"word\">Ich\u00a0hab\u2018\u00a0es\u00a0satt,\u00a0ich\u00a0seh\u2019s\u00a0nicht\u00a0ein!\u00a0Ich\u00a0will\u00a0nicht\u00a0mehr\u00a0<u><\/u>Prinzessin\u00a0sein.<\/div>\n<\/div>\n<\/blockquote>\n<p>&nbsp;<\/p>","protected":false},"excerpt":{"rendered":"<p>Ein musikalisches M\u00e4rchen von Bernd und Imke Wilden - jetzt Tickets sichern!<\/p>","protected":false},"featured_media":68968,"template":"","meta":{"_acf_changed":false,"inline_featured_image":false},"product_brand":[],"product_cat":[31,94,922,86,6770,35,486,6749,21,58],"product_tag":[941,7239,978,942,951,943,6830,944,7238,7240,6779,947,948],"class_list":{"0":"post-68964","1":"product","2":"type-product","3":"status-publish","4":"has-post-thumbnail","6":"product_cat-events","7":"product_cat-kinder","8":"product_cat-kultur","9":"product_cat-leipzig","10":"product_cat-oper-operette","11":"product_cat-orte","12":"product_cat-schaubuehne-lindenfels","13":"product_cat-sonstiges_konzert","14":"product_cat-ticket","15":"product_cat-veranstaltung","16":"product_tag-events","17":"product_tag-frisch-versalzen","18":"product_tag-kinder","19":"product_tag-konzert","20":"product_tag-kultur","21":"product_tag-leipzig","22":"product_tag-oper-operette","23":"product_tag-orte","24":"product_tag-pit-und-paula","25":"product_tag-schaubuehne-lindenfels","26":"product_tag-sonstiges","27":"product_tag-ticket","28":"product_tag-veranstaltung","29":"product_shipping_class-nur_paketversand","30":"pa_discount-azubi-studi","31":"pa_discount-ermaessigt","32":"pa_discount-kind","33":"pa_discount-normalpreis","34":"pa_discount-schueler-student-auszubildende-personen-im-bfd","35":"pa_preiskategorie-freie-platzwahl","37":"first","38":"instock","39":"taxable","40":"shipping-taxable","41":"purchasable","42":"product-type-variable"},"group_of_quantity":0,"min_quantity":0,"max_quantity":"","exclude_order_quantity_value_rules":"no","exclude_category_quantity_rules":"no","combine_variations":"no","acf":[],"_links":{"self":[{"href":"https:\/\/arena-ticket.com\/en\/wp-json\/wp\/v2\/product\/68964","targetHints":{"allow":["GET"]}}],"collection":[{"href":"https:\/\/arena-ticket.com\/en\/wp-json\/wp\/v2\/product"}],"about":[{"href":"https:\/\/arena-ticket.com\/en\/wp-json\/wp\/v2\/types\/product"}],"wp:featuredmedia":[{"embeddable":true,"href":"https:\/\/arena-ticket.com\/en\/wp-json\/wp\/v2\/media\/68968"}],"wp:attachment":[{"href":"https:\/\/arena-ticket.com\/en\/wp-json\/wp\/v2\/media?parent=68964"}],"wp:term":[{"taxonomy":"product_brand","embeddable":true,"href":"https:\/\/arena-ticket.com\/en\/wp-json\/wp\/v2\/product_brand?post=68964"},{"taxonomy":"product_cat","embeddable":true,"href":"https:\/\/arena-ticket.com\/en\/wp-json\/wp\/v2\/product_cat?post=68964"},{"taxonomy":"product_tag","embeddable":true,"href":"https:\/\/arena-ticket.com\/en\/wp-json\/wp\/v2\/product_tag?post=68964"}],"curies":[{"name":"wp","href":"https:\/\/api.w.org\/{rel}","templated":true}]}}