{"id":69017,"date":"2026-03-12T18:48:18","date_gmt":"2026-03-12T17:48:18","guid":{"rendered":"https:\/\/arena-ticket.com\/?p=69017&#038;post_type=product&#038;preview_id=69017"},"modified":"2026-03-12T18:53:28","modified_gmt":"2026-03-12T17:53:28","slug":"lesung-mit-delle-kriese-nach-der-schlacht-die-renft-story-leipzig-der-anker-09-10-2026-2000-uhr-kopie","status":"publish","type":"product","link":"https:\/\/arena-ticket.com\/en\/product\/lesung-mit-delle-kriese-nach-der-schlacht-die-renft-story-leipzig-der-anker-09-10-2026-2000-uhr-kopie\/","title":{"rendered":"Lesung mit Delle Kriese \u201cNach der Schlacht  - die Renft-Story\u201d"},"content":{"rendered":"<p>Ab 20 Uhr liest Delle Kriese aus seinen B\u00fcchern \u201eNach der Schlacht \u2013 Die Renft-Story I und II\u201c und nimmt das Publikum mit auf eine bewegende Reise durch Musik-, Zeit- und Kulturgeschichte.<\/p>\n<p>_<br \/>\nDelle Kriese, Musiker, Autor und ehemaliges Mitglied der legend\u00e4ren DDR-Band Renft (1994 bis 2020), gilt als wichtiger Zeitzeuge der ostdeutschen Musikgeschichte. In seinen B\u00fcchern erz\u00e4hlt er offen und pers\u00f6nlich von Aufbruch, Verboten, Br\u00fcchen und dem Leben nach der \u201eSchlacht\u201c. Dabei geht es nicht nur um Musik, sondern um Haltung, k\u00fcnstlerische Freiheit und die Folgen politischer Repression.<br \/>\n_<br \/>\n\u201cZwischen Liebe und Zorn\u201d, \u201cG\u00e4nselieschen\u201d, \u201cOtto-Ballade\u201d, \u201cNach der Schlacht\u201d, \u201cAls ich ein Vogel war\u201d: Mit diesen und anderen Liedern wurde die 1975 verbotene Klaus-Renft Combo zum Mythos ganzer Generationen. Kriese erz\u00e4hlt aus der Geschichte der legend\u00e4ren Band: Wie ihre Karriere in den 60ern begann, das absurde Verbot in den 70ern, das Leben im Westen oder in der DDR in den 80ern, und die Chancen nach der Wende, als es pl\u00f6tzlich zwei Gruppen namens \u201cRenft\u201d gab\u2026<br \/>\nSeit Gr\u00fcndung der Band ist der ANKER die musikalische Heimat der Renftgruppe \u2013 Ein perfekter R\u00fcckblick zum Ausklang des Vereins-Geburtstages.<\/p>","protected":false},"excerpt":{"rendered":"<p>Get your tickets here now!<\/p>","protected":false},"featured_media":69013,"template":"","meta":{"_acf_changed":false,"inline_featured_image":false},"product_brand":[],"product_cat":[388,31,922,86,6764,35,6733,21,58],"product_tag":[971,2859,7246,941,951,943,1691,7247,7245,944,2506,947,948],"class_list":{"0":"post-69017","1":"product","2":"type-product","3":"status-publish","4":"has-post-thumbnail","6":"product_cat-anker","7":"product_cat-events","8":"product_cat-kultur","9":"product_cat-leipzig","10":"product_cat-lesung","11":"product_cat-orte","12":"product_cat-pop","13":"product_cat-ticket","14":"product_cat-veranstaltung","15":"product_tag-anker","16":"product_tag-der-anker","17":"product_tag-die-renft-story","18":"product_tag-events","19":"product_tag-kultur","20":"product_tag-leipzig","21":"product_tag-lesung","22":"product_tag-lesung-mit-delle-kriese-nach-der-schlacht","23":"product_tag-llesung-mit-delle-kriese-nach-der-schlacht","24":"product_tag-orte","25":"product_tag-pop","26":"product_tag-ticket","27":"product_tag-veranstaltung","28":"product_shipping_class-nur_paketversand","29":"pa_discount-normalpreis","30":"pa_preiskategorie-freie-platzwahl","32":"first","33":"instock","34":"taxable","35":"shipping-taxable","36":"purchasable","37":"product-type-variable"},"group_of_quantity":0,"min_quantity":0,"max_quantity":"","exclude_order_quantity_value_rules":"no","exclude_category_quantity_rules":"no","combine_variations":"no","acf":[],"_links":{"self":[{"href":"https:\/\/arena-ticket.com\/en\/wp-json\/wp\/v2\/product\/69017","targetHints":{"allow":["GET"]}}],"collection":[{"href":"https:\/\/arena-ticket.com\/en\/wp-json\/wp\/v2\/product"}],"about":[{"href":"https:\/\/arena-ticket.com\/en\/wp-json\/wp\/v2\/types\/product"}],"wp:featuredmedia":[{"embeddable":true,"href":"https:\/\/arena-ticket.com\/en\/wp-json\/wp\/v2\/media\/69013"}],"wp:attachment":[{"href":"https:\/\/arena-ticket.com\/en\/wp-json\/wp\/v2\/media?parent=69017"}],"wp:term":[{"taxonomy":"product_brand","embeddable":true,"href":"https:\/\/arena-ticket.com\/en\/wp-json\/wp\/v2\/product_brand?post=69017"},{"taxonomy":"product_cat","embeddable":true,"href":"https:\/\/arena-ticket.com\/en\/wp-json\/wp\/v2\/product_cat?post=69017"},{"taxonomy":"product_tag","embeddable":true,"href":"https:\/\/arena-ticket.com\/en\/wp-json\/wp\/v2\/product_tag?post=69017"}],"curies":[{"name":"wp","href":"https:\/\/api.w.org\/{rel}","templated":true}]}}