{"id":69050,"date":"2026-03-13T13:17:31","date_gmt":"2026-03-13T12:17:31","guid":{"rendered":"https:\/\/arena-ticket.com\/?p=69050&#038;post_type=product&#038;preview_id=69050"},"modified":"2026-04-01T15:59:56","modified_gmt":"2026-04-01T13:59:56","slug":"ikkimel-poppstar-leipzig-haus-auensee-17-11-2026-2000-uhr","status":"publish","type":"product","link":"https:\/\/arena-ticket.com\/en\/product\/ikkimel-poppstar-leipzig-haus-auensee-17-11-2026-2000-uhr\/","title":{"rendered":"Ikkimel  - POPPSTAR"},"content":{"rendered":"<div id=\"content\">\n<section class=\"c-full c-inner c-narrow\" data-c=\"stageteasertext\" data-qa=\"stageteasertext-component\">\n<div class=\"container\">\n<div class=\"external-content no-margin\">\n<div class=\"u-position-relative js-moretext-wrapper\">\n<div class=\"moretext js-moretext expanded\" data-qa=\"readMoreText\">\n<div class=\"moretext-teaser\">\n<p>Na, was jetzt? Knapp ein Jahr ist es her, dass Ikkimel mit ihrem Deb\u00fctalbum FOTZE alles zerlegt hat: \u201eIst das jetzt \u00fcberhaupt noch feministisch?\u201c-Debatten auf TikTok und im Feuilleton. Schockierte Boomer. W\u00fctende Clean Girls. Die Moral verdorben, die Jugend vergiftet mit Analsex und Keta.<\/p>\n<p>Als Headlinerin tourte sie \u00fcber die Mainstages des Landes: Hurricane, Southside, MS Dockville, Frequency Festival. Neben Deutschland eroberte sie auch den Rest Europas: 12 St\u00e4dte bespielte sie bei ihrer eigenen Tour, von Warschau bis nach Luxemburg. Bei ihren Shows lie\u00dfen sich Familienv\u00e4ter die Hundemaske auf den Kopf setzen und in einen K\u00e4fig sperren, konkurrierten gegeneinander bei Deep-Throat-Contests mit Riesendildos oder schlichen sich ins Backstage, um vor Mutter Ikki wie ein Spanferkel niederzuknien.<\/p>\n<p>Kurzgesagt: Neben den Girls, Gays und Theys in den FLINTA*-Moshpits, neben den Schwangeren, Stillenden und Neurodivergenten in den Ruhebereichen, hatten auch die cis hetero Mackers ne richtig gute Zeit, sobald Ikki mit wallender M\u00e4hne auf einem \u00fcberdimensionalen K\u00f6ter (ja, das war wirklich ein Hund, das ist kein Euphemismus f\u00fcr \u201aMann\u2018) die B\u00fchne betreten hat.<\/p>\n<p>Als zweifache Gewinnerin der 1LIVE-Krone und EUROPAS GR\u00d6SSTE FOTZE hat Ikki den ordentlichen Anstand in Deutschland \u2013 in ganz Europa! \u2013 angez\u00fcndet, abgefackelt, niedergebrannt.<\/p>\n<p>HipHop in den Arsch. Das ist Fotzenstyle im Original. Ob als Rapperin, S\u00e4ngerin, Sexsymbol, Baddie oder Ausgeburt des Fotzentums \u2013 Ikkimel fickt euch alle, denn Ikkimel ist POPPSTAR!<\/p>\n<p>Und dieser POPPSTAR will kommen. Macht euch ab November 2026 f\u00fcr Ikkimels bisher gr\u00f6\u00dfte Tour bereit. Max-Schmeling-Halle in Berlin, Jahrhunderthalle in Frankfurt am Main. Halle 622 in Z\u00fcrich (uvm.) \u2013 POPPSTAR wird eine Show, die euch zittern, beben, schreien, vor Freude st\u00f6hnen lassen wird.<\/p>\n<\/div>\n<\/div>\n<\/div>\n<\/div>\n<\/div>\n<\/section>\n<\/div>","protected":false},"excerpt":{"rendered":"<div class=\"event__header\" data-v-331ed750=\"\">Ikkimel geht im Herbst auf ihre bislang gr\u00f6\u00dfte Headline-Tour<\/div>","protected":false},"featured_media":69055,"template":"","meta":{"_acf_changed":false,"inline_featured_image":false},"product_brand":[],"product_cat":[31,344,6737,69,86,35,58],"product_tag":[941,962,6803,7249,942,943,944,7250,948],"class_list":{"0":"post-69050","1":"product","2":"type-product","3":"status-publish","4":"has-post-thumbnail","6":"product_cat-events","7":"product_cat-haus-auensee","8":"product_cat-hip-hop-rnb","9":"product_cat-konzert","10":"product_cat-leipzig","11":"product_cat-orte","12":"product_cat-veranstaltung","13":"product_tag-events","14":"product_tag-haus-auensee","15":"product_tag-hip-hop-rnb","16":"product_tag-ikkimel","17":"product_tag-konzert","18":"product_tag-leipzig","19":"product_tag-orte","20":"product_tag-poppstar","21":"product_tag-veranstaltung","22":"product_shipping_class-nur_paketversand","23":"pa_discount-inklusive-begleitperson","24":"pa_discount-normalpreis","25":"pa_preiskategorie-rollstuhlfahrer","26":"pa_preiskategorie-stehplatz","28":"first","29":"instock","30":"taxable","31":"shipping-taxable","32":"purchasable","33":"product-type-variable"},"group_of_quantity":0,"min_quantity":0,"max_quantity":"","exclude_order_quantity_value_rules":"no","exclude_category_quantity_rules":"no","combine_variations":"no","acf":[],"_links":{"self":[{"href":"https:\/\/arena-ticket.com\/en\/wp-json\/wp\/v2\/product\/69050","targetHints":{"allow":["GET"]}}],"collection":[{"href":"https:\/\/arena-ticket.com\/en\/wp-json\/wp\/v2\/product"}],"about":[{"href":"https:\/\/arena-ticket.com\/en\/wp-json\/wp\/v2\/types\/product"}],"wp:featuredmedia":[{"embeddable":true,"href":"https:\/\/arena-ticket.com\/en\/wp-json\/wp\/v2\/media\/69055"}],"wp:attachment":[{"href":"https:\/\/arena-ticket.com\/en\/wp-json\/wp\/v2\/media?parent=69050"}],"wp:term":[{"taxonomy":"product_brand","embeddable":true,"href":"https:\/\/arena-ticket.com\/en\/wp-json\/wp\/v2\/product_brand?post=69050"},{"taxonomy":"product_cat","embeddable":true,"href":"https:\/\/arena-ticket.com\/en\/wp-json\/wp\/v2\/product_cat?post=69050"},{"taxonomy":"product_tag","embeddable":true,"href":"https:\/\/arena-ticket.com\/en\/wp-json\/wp\/v2\/product_tag?post=69050"}],"curies":[{"name":"wp","href":"https:\/\/api.w.org\/{rel}","templated":true}]}}