{"id":69067,"date":"2026-03-13T14:39:31","date_gmt":"2026-03-13T13:39:31","guid":{"rendered":"https:\/\/arena-ticket.com\/?p=69067&#038;post_type=product&#038;preview_id=69067"},"modified":"2026-03-13T18:59:45","modified_gmt":"2026-03-13T17:59:45","slug":"solar-fake-silenced-acoustic-tour-2027-peterskirche-leipzig-20-02-2027-2000-uhr","status":"publish","type":"product","link":"https:\/\/arena-ticket.com\/en\/product\/solar-fake-silenced-acoustic-tour-2027-peterskirche-leipzig-20-02-2027-2000-uhr\/","title":{"rendered":"Solar Fake  - Silenced Acoustic Tour 2027"},"content":{"rendered":"<p>Neun Jahre nach der Sedated Live Acoustic Tour planen Solar Fake wieder ganz besondere Shows.<\/p>\n<p>Die Silenced Live Acoustic Tour verspricht Zeit f\u00fcr N\u00e4he und die leisen Nuancen zwischen den T\u00f6nen.<br \/>\nBekannte St\u00fccke werden auf ihre emotionale Essenz reduziert, neu arrangiert und in einem v\u00f6llig anderen Licht pr\u00e4sentiert \u2013 direkter und pers\u00f6nlicher geht es kaum.<\/p>\n<p>Die Tour f\u00fchrt Solar Fake in ausgew\u00e4hlte, stimmungsvolle Spielst\u00e4tten, in denen diese Musik ihre ganz eigene Wirkung entfalten kann.<br \/>\nBesondere Arrangements, gespielt von sieben Ausnahmek\u00fcnstlern an besonderen Orten \u2013 f\u00fcr eine Atmosph\u00e4re, die diese Abende zu etwas Einmaligem und Unvergesslichem macht.<\/p>\n<p>With<br \/>\nSven Friedrich (vocals)<br \/>\nDirk Riegner (piano)<br \/>\nJens Halbauer (drums)<br \/>\nAndr\u00e9 Feller (bass)<br \/>\nNorman Selbig (guitars)<br \/>\nBenni Cellini (cello)<br \/>\nKatja M\u00fcller (violin)<\/p>\n<p>English:<\/p>\n<p>Nine years after the Sedated Live Acoustic Tour, Solar Fake are planning a series of very special shows again.<\/p>\n<p>The Silenced Live Acoustic Tour promises an intimate experience focusing on the quiet nuances between the notes. Well - known tracks will be stripped down to their emotional essence, rearranged and presented in an entirely different light \u2013 it can hardly get any more direct and personal than this.<\/p>\n<p>The tour will take Solar Fake to carefully selected, atmospheric venues, where this music can truly unfold its unique impact. Special arrangements performed by seven exceptional artists inunique locations \u2013 creating an atmosphere that will make these evenings one-of-a-kind and unforgettable.<\/p>\n<p>Featuring<br \/>\nSven Friedrich (vocals)<br \/>\nDirk Riegner (piano)<br \/>\nJens Halbauer (drums)<br \/>\nAndr\u00e9 Feller (bass)<br \/>\nNorman Selbig (guitars)<br \/>\nBenni Cellini (cello)<br \/>\nKatja M\u00fcller (violin)<\/p>","protected":false},"excerpt":{"rendered":"<p>Get your tickets here now!<\/p>","protected":false},"featured_media":69071,"template":"","meta":{"_acf_changed":false,"inline_featured_image":false},"product_brand":[],"product_cat":[31,69,86,35,476,6733,21,58],"product_tag":[941,942,943,944,964,2506,7251,2975,947,948],"class_list":{"0":"post-69067","1":"product","2":"type-product","3":"status-publish","4":"has-post-thumbnail","6":"product_cat-events","7":"product_cat-konzert","8":"product_cat-leipzig","9":"product_cat-orte","10":"product_cat-peterskirche","11":"product_cat-pop","12":"product_cat-ticket","13":"product_cat-veranstaltung","14":"product_tag-events","15":"product_tag-konzert","16":"product_tag-leipzig","17":"product_tag-orte","18":"product_tag-peterskirche","19":"product_tag-pop","20":"product_tag-silenced-acoustic-tour-2027","21":"product_tag-solar-fake","22":"product_tag-ticket","23":"product_tag-veranstaltung","24":"product_shipping_class-nur_paketversand","25":"pa_discount-normalpreis","26":"pa_preiskategorie-freie-platzwahl","28":"first","29":"instock","30":"taxable","31":"shipping-taxable","32":"purchasable","33":"product-type-variable"},"group_of_quantity":0,"min_quantity":0,"max_quantity":"","exclude_order_quantity_value_rules":"no","exclude_category_quantity_rules":"no","combine_variations":"no","acf":[],"_links":{"self":[{"href":"https:\/\/arena-ticket.com\/en\/wp-json\/wp\/v2\/product\/69067","targetHints":{"allow":["GET"]}}],"collection":[{"href":"https:\/\/arena-ticket.com\/en\/wp-json\/wp\/v2\/product"}],"about":[{"href":"https:\/\/arena-ticket.com\/en\/wp-json\/wp\/v2\/types\/product"}],"wp:featuredmedia":[{"embeddable":true,"href":"https:\/\/arena-ticket.com\/en\/wp-json\/wp\/v2\/media\/69071"}],"wp:attachment":[{"href":"https:\/\/arena-ticket.com\/en\/wp-json\/wp\/v2\/media?parent=69067"}],"wp:term":[{"taxonomy":"product_brand","embeddable":true,"href":"https:\/\/arena-ticket.com\/en\/wp-json\/wp\/v2\/product_brand?post=69067"},{"taxonomy":"product_cat","embeddable":true,"href":"https:\/\/arena-ticket.com\/en\/wp-json\/wp\/v2\/product_cat?post=69067"},{"taxonomy":"product_tag","embeddable":true,"href":"https:\/\/arena-ticket.com\/en\/wp-json\/wp\/v2\/product_tag?post=69067"}],"curies":[{"name":"wp","href":"https:\/\/api.w.org\/{rel}","templated":true}]}}