{"id":69077,"date":"2026-03-13T17:22:50","date_gmt":"2026-03-13T16:22:50","guid":{"rendered":"https:\/\/arena-ticket.com\/?p=69077&#038;post_type=product&#038;preview_id=69077"},"modified":"2026-04-10T09:26:09","modified_gmt":"2026-04-10T07:26:09","slug":"giovanni-zarrella-die-tournee-zum-neuen-album-live-2027-leipzig-gewandhaus-zu-leipzig-grosser-saal-21-04-2027-1930-uhr","status":"publish","type":"product","link":"https:\/\/arena-ticket.com\/en\/product\/giovanni-zarrella-die-tournee-zum-neuen-album-live-2027-leipzig-gewandhaus-zu-leipzig-grosser-saal-21-04-2027-1930-uhr\/","title":{"rendered":"Giovanni Zarrella - Die Tournee zum neuen Album - Live 2027"},"content":{"rendered":"<p>Er ist ein Entertainer durch und durch: Giovanni Zarrella. Einer, der mit Herzblut, einem bezaubernden Charme und gro\u00dfem Talent gesegnet ist. Einer, der es liebt, auf der B\u00fchne zu stehen und sein Publikum auf h\u00f6chstem Niveau zu unterhalten. Sobald er im Scheinwerferlicht erscheint, ist unmittelbar sp\u00fcrbar, warum Live-Konzerte zu den sch\u00f6nsten Augenblicken im k\u00fcnstlerischen Leben des Publikumslieblings geh\u00f6ren: Sie sind das Herzst\u00fcck seines Schaffens und der Moment, in dem er seinen Fans am n\u00e4chsten ist.<\/p>\n<p>\u201eGIOVANNI ZARRELLA \u2013 LIVE 2027\u201c steht f\u00fcr gro\u00dfe Emotionen, eine packende Energie und italienische Lebensfreude. F\u00fcr gro\u00dfes stimmliches Talent, herausragende Songs und eine Show, die generations\u00fcbergreifend begeistert. Zwischen Dolce Vita und Pop-Appeal entsteht ein Konzerterlebnis, das gleicherma\u00dfen ber\u00fchrt und fasziniert, das moderne Pop-Produktion mit italienischer Leidenschaft verbindet.<\/p>\n<p>Es wird intensiv, emotional und sehr unterhaltsam. Im Zentrum der Tour steht das kommende Album, das den Arbeitstitel \u201eItalian Songbook\u201c tr\u00e4gt. Mit leidenschaftlichen Balladen, gro\u00dfen Refrains, mitrei\u00dfenden Uptempo-Nummern \u2013 Songs, die wie f\u00fcr die Arena gemacht sind. Aber auch Songs seines aktuellen Erfolgsalbums \u201eUniverso\u201c sowie eine kuratierte Auswahl der gr\u00f6\u00dften italienischen Welthits, die Giovanni Zarrella in seinem ganz eigenen Stil interpretieren wird, treffen auf internationale Evergreens und werden Teil einer spektakul\u00e4ren Show, die Nostalgie und Gegenwart harmonisch verbindet. Dabei wird der Ausnahmek\u00fcnstler von seiner Original-TV-Band aus \u201eDie Giovanni Zarrella Show\u201c begleitet.<\/p>","protected":false},"excerpt":{"rendered":"<p>Mit seinem neuen Album \"Italian Songbook\" geht Giovanni Zarella auf gro\u00dfe Tournee!<\/p>","protected":false},"featured_media":69085,"template":"","meta":{"_acf_changed":false,"inline_featured_image":false},"product_brand":[],"product_cat":[31,345,936,69,86,35,6733,21,58],"product_tag":[7253,941,956,2832,7252,957,942,943,944,2506,947,948],"class_list":{"0":"post-69077","1":"product","2":"type-product","3":"status-publish","4":"has-post-thumbnail","6":"product_cat-events","7":"product_cat-gewandhaus","8":"product_cat-grosser-saal","9":"product_cat-konzert","10":"product_cat-leipzig","11":"product_cat-orte","12":"product_cat-pop","13":"product_cat-ticket","14":"product_cat-veranstaltung","15":"product_tag-die-tournee-zum-neuen-album-live-2027","16":"product_tag-events","17":"product_tag-gewandhaus","18":"product_tag-gewandhaus-grosser-saal","19":"product_tag-giovanni-zarrella","20":"product_tag-grosser-saal","21":"product_tag-konzert","22":"product_tag-leipzig","23":"product_tag-orte","24":"product_tag-pop","25":"product_tag-ticket","26":"product_tag-veranstaltung","27":"product_shipping_class-nur_paketversand","28":"pa_discount-ermaessigt","29":"pa_discount-normalpreis","30":"pa_preiskategorie-pk-i","31":"pa_preiskategorie-pk-ii","32":"pa_preiskategorie-pk-iii","33":"pa_preiskategorie-pk-iv","34":"pa_preiskategorie-pk-v","35":"pa_preiskategorie-premium","36":"pa_preiskategorie-premium-sitzplatz","38":"first","39":"instock","40":"taxable","41":"shipping-taxable","42":"purchasable","43":"product-type-variable"},"group_of_quantity":0,"min_quantity":0,"max_quantity":"","exclude_order_quantity_value_rules":"no","exclude_category_quantity_rules":"no","combine_variations":"no","acf":[],"_links":{"self":[{"href":"https:\/\/arena-ticket.com\/en\/wp-json\/wp\/v2\/product\/69077","targetHints":{"allow":["GET"]}}],"collection":[{"href":"https:\/\/arena-ticket.com\/en\/wp-json\/wp\/v2\/product"}],"about":[{"href":"https:\/\/arena-ticket.com\/en\/wp-json\/wp\/v2\/types\/product"}],"wp:featuredmedia":[{"embeddable":true,"href":"https:\/\/arena-ticket.com\/en\/wp-json\/wp\/v2\/media\/69085"}],"wp:attachment":[{"href":"https:\/\/arena-ticket.com\/en\/wp-json\/wp\/v2\/media?parent=69077"}],"wp:term":[{"taxonomy":"product_brand","embeddable":true,"href":"https:\/\/arena-ticket.com\/en\/wp-json\/wp\/v2\/product_brand?post=69077"},{"taxonomy":"product_cat","embeddable":true,"href":"https:\/\/arena-ticket.com\/en\/wp-json\/wp\/v2\/product_cat?post=69077"},{"taxonomy":"product_tag","embeddable":true,"href":"https:\/\/arena-ticket.com\/en\/wp-json\/wp\/v2\/product_tag?post=69077"}],"curies":[{"name":"wp","href":"https:\/\/api.w.org\/{rel}","templated":true}]}}