{"id":69088,"date":"2026-03-13T18:28:50","date_gmt":"2026-03-13T17:28:50","guid":{"rendered":"https:\/\/arena-ticket.com\/?p=69088&#038;post_type=product&#038;preview_id=69088"},"modified":"2026-03-13T18:57:45","modified_gmt":"2026-03-13T17:57:45","slug":"robert-palfrader-testament-leipzig-academixer-keller-05-05-2027-1930-uhr","status":"publish","type":"product","link":"https:\/\/arena-ticket.com\/en\/product\/robert-palfrader-testament-leipzig-academixer-keller-05-05-2027-1930-uhr\/","title":{"rendered":"Robert Palfrader - Testament"},"content":{"rendered":"<p>Testament - nicht unbedingt sein letzter Wille, aber definitiv sein neues Solo-Programm. K\u00f6nnte aber sein, dass es trotzdem etwas bei Robert Palfrader zu erben gibt. Seine Betrachtungen und \u00dcberlegungen zum Thema L\u00f6ffelabgabe zum Beispiel. Alles was man wissen muss, damit man in Frieden ruhen kann, aber trotzdem aus der letzten Ruhest\u00e4tte noch laut und deutlich gehoert wird.<br \/>\nRobert Palfrader, einer der prominentesten und vielseitigsten Kuenstler Oesterreichs, kommt erstmals nach Garmisch-Partenkirchen. Der Schauspieler, Kabarettist und Autor begeistert sein Publikum auf verschiedenen Buhnen und in unterschiedlichen Medienformaten.<\/p>","protected":false},"excerpt":{"rendered":"<p>Robert Palfrader entwirft mit lakonischem Witz ein Solo ueber Erbe, L\u00f6ffelabgabe und letzte Worte, so dass man in Frieden ruht und doch laut gesehen wird.<\/p>","protected":false},"featured_media":69092,"template":"","meta":{"_acf_changed":false,"inline_featured_image":false},"product_brand":[],"product_cat":[351,31,95,6726,86,35,21,58],"product_tag":[3304,941,6774,960,943,944,7254,7255,947,948],"class_list":{"0":"post-69088","1":"product","2":"type-product","3":"status-publish","4":"has-post-thumbnail","6":"product_cat-academixer-keller","7":"product_cat-events","8":"product_cat-humor","9":"product_cat-kabarett","10":"product_cat-leipzig","11":"product_cat-orte","12":"product_cat-ticket","13":"product_cat-veranstaltung","14":"product_tag-academixer-keller","15":"product_tag-events","16":"product_tag-humor","17":"product_tag-kabarett","18":"product_tag-leipzig","19":"product_tag-orte","20":"product_tag-robert-palfrader","21":"product_tag-testament","22":"product_tag-ticket","23":"product_tag-veranstaltung","24":"product_shipping_class-nur_paketversand","25":"pa_discount-normalpreis","26":"pa_preiskategorie-pk-i","27":"pa_preiskategorie-pk-ii","28":"pa_preiskategorie-pk-iii","30":"first","31":"instock","32":"taxable","33":"shipping-taxable","34":"purchasable","35":"product-type-variable"},"group_of_quantity":0,"min_quantity":0,"max_quantity":"","exclude_order_quantity_value_rules":"no","exclude_category_quantity_rules":"no","combine_variations":"no","acf":[],"_links":{"self":[{"href":"https:\/\/arena-ticket.com\/en\/wp-json\/wp\/v2\/product\/69088","targetHints":{"allow":["GET"]}}],"collection":[{"href":"https:\/\/arena-ticket.com\/en\/wp-json\/wp\/v2\/product"}],"about":[{"href":"https:\/\/arena-ticket.com\/en\/wp-json\/wp\/v2\/types\/product"}],"wp:featuredmedia":[{"embeddable":true,"href":"https:\/\/arena-ticket.com\/en\/wp-json\/wp\/v2\/media\/69092"}],"wp:attachment":[{"href":"https:\/\/arena-ticket.com\/en\/wp-json\/wp\/v2\/media?parent=69088"}],"wp:term":[{"taxonomy":"product_brand","embeddable":true,"href":"https:\/\/arena-ticket.com\/en\/wp-json\/wp\/v2\/product_brand?post=69088"},{"taxonomy":"product_cat","embeddable":true,"href":"https:\/\/arena-ticket.com\/en\/wp-json\/wp\/v2\/product_cat?post=69088"},{"taxonomy":"product_tag","embeddable":true,"href":"https:\/\/arena-ticket.com\/en\/wp-json\/wp\/v2\/product_tag?post=69088"}],"curies":[{"name":"wp","href":"https:\/\/api.w.org\/{rel}","templated":true}]}}