{"id":69095,"date":"2026-03-13T19:16:42","date_gmt":"2026-03-13T18:16:42","guid":{"rendered":"https:\/\/arena-ticket.com\/?p=69095&#038;post_type=product&#038;preview_id=69095"},"modified":"2026-03-16T15:17:07","modified_gmt":"2026-03-16T14:17:07","slug":"lori-ich-geh-mit-mir-auf-tour-2026-taeubchenthal-leipzig-22-10-2026-2000-uhr","status":"publish","type":"product","link":"https:\/\/arena-ticket.com\/en\/product\/lori-ich-geh-mit-mir-auf-tour-2026-taeubchenthal-leipzig-22-10-2026-2000-uhr\/","title":{"rendered":"Lori  - Ich geh mit mir auf Tour 2026"},"content":{"rendered":"<p>LORI ist eine Pop-K\u00fcnstlerin aus Berlin (urspr\u00fcnglich aus Hannover). Als Kind war sie umgeben von Musik, die CD Sammlung ihrer Eltern bestand aus Rock und Pop Artists wie Genesis, AC\/DC, Robbie Williams und Michael Jackson. Das Wohnzimmer ihres Elternhauses wurde f\u00fcr sie zur kleinen Showb\u00fchne und so entwickelte sich schnell den Wunsch, ein Instrument zu lernen. LORI wollte unbedingt Xylophon spielen und kam \u00fcber Umwege zum Klavier. Ihrer damaligen Grundschullehrerin fiel sofort auf, sie hat das Zeug zum Popstar. So folgte f\u00fcr LORI der Eintritt in einen Kinderchor. Sie entwickelte dadurch eine gro\u00dfe Leidenschaft f\u00fcr\u2019s Singen und hatte ihre ersten kleinen Auftritte. Durch eine Diagnose an ihren Stimmb\u00e4ndern meinte ihre Logop\u00e4din, sie sollte Stimmtraining nehmen. Gesagt, getan und sie wusste, sie muss S\u00e4ngerin werden. LORI schrieb schon als Teenie viele Texte \u00fcber ihr Dasein und gewann Preise bei Gesangs- und Songwriting Wettbewerben wie Jugend musiziert und treffen junge musikszene. Sie hat \u00fcber die Zeit schnell gemerkt, dass sie es liebt, Texte zu schreiben und auf der B\u00fchne zu stehen. Ihre Eltern waren immer ein gro\u00dfer Support f\u00fcr LORI und gr\u00fcndeten mit ihr ein Musiklabel mit dem sie ihre erste EP releaste. Das alles klang so vielversprechend und genau der Weg, den LORI einschlagen sollte. Dann folgte ein Schicksalsschlag, den die S\u00e4ngerin nicht so einfach wegstecken konnte. Zwei \u00d6deme auf den Stimmb\u00e4ndern erkl\u00e4rten ihr vorab ein Aus in der Musikszene. Sie musste komplett von Anfang an sprechen und singen lernen. Um eine OP an ihrem 17. Geburtstag kam sie nicht rum. Dennoch gab sie ihren Traum nicht auf. Nach einer langen Genesung und leicht traumatisiert von diesem Schicksalsschlag, begann LORI ein Studium im Bereich Medienmanagement, das sie nach drei Jahren erfolgreich abschloss. W\u00e4hrenddessen arbeitete sie weiter an ihrer Musik mit einem Produzenten, mit dem die Zusammenarbeit aber leider nicht funktionierte. Nach dieser Frustration gab es aber wieder einen Lichtblick in ihrem Musikerin-Dasein, ein Label wollte sie unbedingt signen. Sie ver\u00f6ffentlichten ein Album zusammen, damals unter anderem Namen, doch es kommt zu Meinungsverschiedenheiten, die in einem Streit enden. Was sie aber zu diesem Zeitpunkt noch nicht wusste, sie kommt erst drei Jahre sp\u00e4ter aus dem Knebelvertrag raus. Drei Jahre, die sie nutzt, um ein Masterstudium an der Popakademie Baden-W\u00fcrttemberg (Schwerpunkt Gesang\/Songwriting) zu absolvieren und im F\u00f6rderprogramm Bandpool neue Kontakte zu kn\u00fcpfen. Sie findet sich endlich selbst und ihren ganz eigenen Sound. Die sowohl finsterste als auch ironischer Weise hellste Zeit, die sie so schnell nicht vergessen wird, aber zu dem Menschen gemacht hat, der sie heute ist. Mit viel Herz und einem starken Selbstbewusstsein, ist sie die LORI geworden, die jetzt den Musikmarkt so richtig aufmischt.<\/p>\n<p>Sie ber\u00fchrt und begeistert Menschen auf ihre eigene starke, authentische und feinf\u00fchlige Art. Die S\u00e4ngerin steht f\u00fcr autobiografische Texte und eing\u00e4ngige Melodien. Sie schafft es, internationalen Glamour mit Authentizit\u00e4t zu paaren - in B\u00fchnenperformance, Sound und ihrem Look. Inspiration holt sie sich bei internationalen Artists wie Dua Lipa, Sabrina Carpenter oder Queen Bey. Auf LORIs Agenda stehen Pers\u00f6nlichkeitsentwicklung, Empowerment und Self Love. Thematisch greift sie alles auf, was sie bewegt. Ihre Masterarbeit - \u201cWarum steckt so viel Penis im Pop?\u201d (2022) - widmete sie der Unsichtbarkeit von Frauen in der Musikbranche und landet damit einen mehrseitigen Artikel in der Musikwoche. LORI nimmt ihre Follower*innen bei Social Media hautnah auf ihre ganz pers\u00f6nliche musikalische Reise mit und \u00fcberzeugt durch ihren positiven und einf\u00fchlsamen Charakter. Zu ihr kann man aufschauen, will mit ihr aber auch gern mal ein Bier trinken gehen. Eine Bossin mit perfektem Make-up. Eine Macherin in Sneakers. Eine Espresso Martini trinkende Fashionista.<\/p>\n<p>Wer mit LORI \u00fcber ihre Musik spricht, merkt sofort: Die Frau hat einen Auftrag: \u201cMenschen auf eine Art und Weise zu ber\u00fchren, zu empowern, zum Nachdenken anzuregen und einen Impact zu haben \u2013 auf positive Weise.\u201d.<\/p>\n<p>Mit ihren bisher ver\u00f6ffentlichten Songs erzielt sie bereits \u00fcber 8.000.000 Streams auf Spotify und platziert ihre letzten Singles komplett DIY im Radio (JAM FM, Bayern 3, BigFM, Bremen Vier, radio ffn, delta radio, Energy Bremen, hr3, Hitradio \u00d63 etc.) sowie in Editorial Playlisten (New Music Friday, Popland, Entourage, Neu in: Pop, New Music Daily, Amazon Music PopWecker, Amazon Music Best in 2022, Tidal Neon, Tiktok Pop Hits, Tiktok Neue K\u00fcnstler*innen).<\/p>\n<p>LORIs Single \u201cICH GEH MIT MIR\u201d, mit der Botschaft \u201eSei dein eigener Leuchtturm\u201c, ihre eigene Version des 1983 erschienenen Tracks \u201cLeuchtturm\u201d der Pop-Ikone Nena, ging auf TikTok sofort viral und generierte \u00fcber 22.000 Creations. Die Hitsingle landete in den Top 5 der iTunes Single Charts sowie in den Top 50 der TikTok Charts. Das ist der erste Song, den Nena jemals aus ihrem Repertoire freigegeben hat. Chapeau LORI, das macht ihr so schnell keiner nach.<\/p>\n<p>Auf ihren Konzerten rei\u00dft die Pop-S\u00e4ngerin die Menge durch eine energiegeladene B\u00fchnenperformance mit und punktet mit starken Beats und eing\u00e4ngigen Hooklines, die zum Mittanzen und Mitsingen anregen. Ihr Talent zum Pop-Star stellt LORI bei diversen live Auftritten unter Beweis: 2x Main Stage Kieler Woche, Double A Festival, myBuddy Festival, Pixxen Festival, DB Youngster Festival, Hanse Sail Rostock, 20 Jahre Popakademie mit Joris, Hamelner Pflasterfest, Madsack Open Air Festival vor \u00fcber 50.000 Besucher*innen, Support f\u00fcr Becks, Open Air und Arena Tour mit FiNCH vor \u00fcber 170.000 Menschen.<\/p>\n<p>LORI ist Bosslady, Wild Heart und Pop-Star in einer Person. Eine Frau, die wei\u00df, was sie will und die genug Liebe hat, um sie an alle, die noch ein bisschen Liebe und Empowerment brauchen, weiterzugeben. Kompromisslos erk\u00e4mpft sie sich eine Karriere nach ganz oben auf den Pop-R\u00e4ngen. Her mit dem Glamour, rein in die Sneakers und los geht\u2019s. All Eyes on LORI.<\/p>","protected":false},"excerpt":{"rendered":"<p>Get your tickets here now!<\/p>","protected":false},"featured_media":69098,"template":"","meta":{"_acf_changed":false,"inline_featured_image":false},"product_brand":[],"product_cat":[31,69,86,35,6733,21,499,58],"product_tag":[7145,941,7257,942,943,7256,5345,944,2506,947,967,948],"class_list":{"0":"post-69095","1":"product","2":"type-product","3":"status-publish","4":"has-post-thumbnail","6":"product_cat-events","7":"product_cat-konzert","8":"product_cat-leipzig","9":"product_cat-orte","10":"product_cat-pop","11":"product_cat-ticket","12":"product_cat-taeubchenthal","13":"product_cat-veranstaltung","14":"product_tag-can-you-see-me","15":"product_tag-events","16":"product_tag-ich-geh-mit-mir-auf-tour-2026","17":"product_tag-konzert","18":"product_tag-leipzig","19":"product_tag-lori","20":"product_tag-monet192","21":"product_tag-orte","22":"product_tag-pop","23":"product_tag-ticket","24":"product_tag-taeubchenthal","25":"product_tag-veranstaltung","26":"product_shipping_class-nur_paketversand","27":"pa_discount-normalpreis","28":"pa_preiskategorie-freie-platzwahl","29":"pa_preiskategorie-stehplatz","31":"first","32":"instock","33":"taxable","34":"shipping-taxable","35":"purchasable","36":"product-type-variable"},"group_of_quantity":0,"min_quantity":0,"max_quantity":"","exclude_order_quantity_value_rules":"no","exclude_category_quantity_rules":"no","combine_variations":"no","acf":[],"_links":{"self":[{"href":"https:\/\/arena-ticket.com\/en\/wp-json\/wp\/v2\/product\/69095","targetHints":{"allow":["GET"]}}],"collection":[{"href":"https:\/\/arena-ticket.com\/en\/wp-json\/wp\/v2\/product"}],"about":[{"href":"https:\/\/arena-ticket.com\/en\/wp-json\/wp\/v2\/types\/product"}],"wp:featuredmedia":[{"embeddable":true,"href":"https:\/\/arena-ticket.com\/en\/wp-json\/wp\/v2\/media\/69098"}],"wp:attachment":[{"href":"https:\/\/arena-ticket.com\/en\/wp-json\/wp\/v2\/media?parent=69095"}],"wp:term":[{"taxonomy":"product_brand","embeddable":true,"href":"https:\/\/arena-ticket.com\/en\/wp-json\/wp\/v2\/product_brand?post=69095"},{"taxonomy":"product_cat","embeddable":true,"href":"https:\/\/arena-ticket.com\/en\/wp-json\/wp\/v2\/product_cat?post=69095"},{"taxonomy":"product_tag","embeddable":true,"href":"https:\/\/arena-ticket.com\/en\/wp-json\/wp\/v2\/product_tag?post=69095"}],"curies":[{"name":"wp","href":"https:\/\/api.w.org\/{rel}","templated":true}]}}