{"id":69125,"date":"2026-03-14T10:49:52","date_gmt":"2026-03-14T09:49:52","guid":{"rendered":"https:\/\/arena-ticket.com\/?p=69125&#038;post_type=product&#038;preview_id=69125"},"modified":"2026-04-16T00:19:10","modified_gmt":"2026-04-15T22:19:10","slug":"musikparade-2027-europas-groesste-tournee-der-militaer-und-blasmusik-leipzig-quarterback-immobilien-arena-05-03-2027-1830-uhr","status":"publish","type":"product","link":"https:\/\/arena-ticket.com\/en\/product\/musikparade-2027-europas-groesste-tournee-der-militaer-und-blasmusik-leipzig-quarterback-immobilien-arena-05-03-2027-1830-uhr\/","title":{"rendered":"Musikparade 2027 - Europas gr\u00f6\u00dfte Tournee der Milit\u00e4r- und Blasmusik"},"content":{"rendered":"<p>Musikparade 2027 - Europas gr\u00f6\u00dfte Tournee der Milit\u00e4r- und Blasmusik<\/p>\n<p>Erleben Sie die Stars der internationalen Milit\u00e4r - und Blasmusik. Mehr als 400 Musiker aus sieben Nationen pr\u00e4sentieren ihr riesiges Repertoire der beliebtesten M\u00e4rsche, der sch\u00f6nsten Melodien und Evergreens mit einer Prise Klassik, Folklore und moderner Unterhaltungsmusik. Freuen Sie sich auf fesselnde Choreographien, atemberaubende Uniformen und Kost\u00fcme, auf ein Feuerwerk an Musik und Licht - auf eine beeindruckende Show, die auch Sie mit Pauken und Trompeten in Ihren Bann ziehen wird.<\/p>","protected":false},"excerpt":{"rendered":"<p>Secure your tickets!<\/p>","protected":false},"featured_media":50098,"template":"","meta":{"_acf_changed":false,"inline_featured_image":false},"product_brand":[],"product_cat":[31,69,86,64,35,37,6730,6749,21,22,58],"product_tag":[3269,941,942,943,6773,7259,944,945,958,6779,947,973,948],"class_list":{"0":"post-69125","1":"product","2":"type-product","3":"status-publish","4":"has-post-thumbnail","6":"product_cat-events","7":"product_cat-konzert","8":"product_cat-leipzig","9":"product_cat-musical-show","10":"product_cat-orte","11":"product_cat-quarterback-immobilien-arena","12":"product_cat-show","13":"product_cat-sonstiges_konzert","14":"product_cat-ticket","15":"product_cat-ticketupgrades-zusatzleistungen","16":"product_cat-veranstaltung","17":"product_tag-europas-groesste-tournee-der-militaer-und-blasmusik","18":"product_tag-events","19":"product_tag-konzert","20":"product_tag-leipzig","21":"product_tag-musical-show","22":"product_tag-musikparade-2027","23":"product_tag-orte","24":"product_tag-quarterback-immobilien-arena","25":"product_tag-show","26":"product_tag-sonstiges","27":"product_tag-ticket","28":"product_tag-ticketupgrades-zusatzleistungen","29":"product_tag-veranstaltung","30":"product_shipping_class-abholung_paketversand","31":"pa_discount-begleitperson-schwerbeschaedigte","32":"pa_discount-inklusive-begleitperson","33":"pa_discount-kind","34":"pa_discount-normalpreis","35":"pa_preiskategorie-ggv-up","36":"pa_preiskategorie-pgv-up","37":"pa_preiskategorie-pk-i","38":"pa_preiskategorie-pk-ii","39":"pa_preiskategorie-pk-iii","40":"pa_preiskategorie-pk-iv","41":"pa_preiskategorie-rollstuhlfahrer","42":"pa_preiskategorie-schwerbeschaedigt","44":"first","45":"instock","46":"taxable","47":"shipping-taxable","48":"purchasable","49":"product-type-variable"},"group_of_quantity":0,"min_quantity":0,"max_quantity":"","exclude_order_quantity_value_rules":"no","exclude_category_quantity_rules":"no","combine_variations":"no","acf":[],"_links":{"self":[{"href":"https:\/\/arena-ticket.com\/en\/wp-json\/wp\/v2\/product\/69125","targetHints":{"allow":["GET"]}}],"collection":[{"href":"https:\/\/arena-ticket.com\/en\/wp-json\/wp\/v2\/product"}],"about":[{"href":"https:\/\/arena-ticket.com\/en\/wp-json\/wp\/v2\/types\/product"}],"wp:featuredmedia":[{"embeddable":true,"href":"https:\/\/arena-ticket.com\/en\/wp-json\/wp\/v2\/media\/50098"}],"wp:attachment":[{"href":"https:\/\/arena-ticket.com\/en\/wp-json\/wp\/v2\/media?parent=69125"}],"wp:term":[{"taxonomy":"product_brand","embeddable":true,"href":"https:\/\/arena-ticket.com\/en\/wp-json\/wp\/v2\/product_brand?post=69125"},{"taxonomy":"product_cat","embeddable":true,"href":"https:\/\/arena-ticket.com\/en\/wp-json\/wp\/v2\/product_cat?post=69125"},{"taxonomy":"product_tag","embeddable":true,"href":"https:\/\/arena-ticket.com\/en\/wp-json\/wp\/v2\/product_tag?post=69125"}],"curies":[{"name":"wp","href":"https:\/\/api.w.org\/{rel}","templated":true}]}}