{"id":69323,"date":"2026-03-18T09:37:33","date_gmt":"2026-03-18T08:37:33","guid":{"rendered":"https:\/\/arena-ticket.com\/?p=69323&#038;post_type=product&#038;preview_id=69323"},"modified":"2026-04-17T12:48:59","modified_gmt":"2026-04-17T10:48:59","slug":"placebo-30th-anniversary-tour-leipzig-quarterback-immobilien-arena-12-10-2026-2000-uhr","status":"publish","type":"product","link":"https:\/\/arena-ticket.com\/en\/product\/placebo-30th-anniversary-tour-leipzig-quarterback-immobilien-arena-12-10-2026-2000-uhr\/","title":{"rendered":"Placebo - 30th Anniversary Tour"},"content":{"rendered":"<p>Manchmal beginnt eine Geschichte nicht am Anfang, sondern im Echo. Ein Gitarrenakkord, der nachhallt wie eine Erinnerung, eine Stimme, die sich anf\u00fchlt, als h\u00e4tte sie die Jahre \u00fcberdauert ohne leiser zu werden. Drei Jahrzehnte nach ihrem Deb\u00fct holen Placebo genau dieses Echo zur\u00fcck \u2013 und stellen fest, dass es nie wirklich verschwunden war.<\/p>\n<p>Wer einmal erlebt hat, wie Molkos Stimme einen Raum durchschneidet, wei\u00df, dass hier keine Nostalgie verwaltet wird. Es ist eher ein Dialog zwischen Vergangenheit und Gegenwart. Die neuen Versionen tragen noch immer die Nervosit\u00e4t der Neunziger in sich, aber auch die Wucht einer Band, die gelernt hat, sich selbst zu vertrauen. Es geht nicht um Verbesserung, sagen sie, sondern um Vollendung.<\/p>\n<p>Vielleicht ist das der eigentliche Kern dieses Projekts: ein Innehalten, ohne stillzustehen. Ein Blick zur\u00fcck, der nicht verkl\u00e4rt, sondern sch\u00e4rfer macht, was damals schon angelegt war. In einer Gegenwart, in der Fragen nach Identit\u00e4t, K\u00f6rper und Zugeh\u00f6rigkeit wieder mit neuer H\u00e4rte verhandelt werden, wirken diese alten Songs pl\u00f6tzlich wieder erstaunlich aktuell.<\/p>\n<p>Und dann ist da noch die B\u00fchne. Dort, wo alles begann und sich immer wieder neu erfindet. Im Herbst kehren Placebo genau dorthin zur\u00fcck auf gro\u00dfe Deutschlandtour, mit Songs der ersten beiden Alben, von denen einige seit \u00fcber zwanzig Jahren nicht mehr live gespielt wurden. Ein Jubil\u00e4um, ja. Aber vor allem: ein Versprechen.<\/p>\n<p>&nbsp;<\/p>\n<p>&nbsp;<\/p>","protected":false},"excerpt":{"rendered":"<p>Placebo geht im Herbst auf \u201e30th Anniversary Tour\u201c. Unbedingt dabei sein!<\/p>","protected":false},"featured_media":69335,"template":"","meta":{"_acf_changed":false,"inline_featured_image":false},"product_brand":[],"product_cat":[37,86,31,69,35,6732,21,22,58],"product_tag":[3150,941,942,943,944,7266,945,6804,6779,947,973,948],"class_list":{"0":"post-69323","1":"product","2":"type-product","3":"status-publish","4":"has-post-thumbnail","6":"product_cat-quarterback-immobilien-arena","7":"product_cat-leipzig","8":"product_cat-events","9":"product_cat-konzert","10":"product_cat-orte","11":"product_cat-rock-hard-rock","12":"product_cat-ticket","13":"product_cat-ticketupgrades-zusatzleistungen","14":"product_cat-veranstaltung","15":"product_tag-30th-anniversary-tour","16":"product_tag-events","17":"product_tag-konzert","18":"product_tag-leipzig","19":"product_tag-orte","20":"product_tag-placebo","21":"product_tag-quarterback-immobilien-arena","22":"product_tag-rock-hard-rock","23":"product_tag-sonstiges","24":"product_tag-ticket","25":"product_tag-ticketupgrades-zusatzleistungen","26":"product_tag-veranstaltung","27":"product_shipping_class-abholung_paketversand","28":"pa_discount-vip-sitzplatz","29":"pa_discount-normalpreis","30":"pa_discount-inklusive-begleitperson","31":"pa_preiskategorie-pk-i","32":"pa_preiskategorie-pk-ii","33":"pa_preiskategorie-pk-iii","34":"pa_preiskategorie-pk-iv","35":"pa_preiskategorie-pk-v","36":"pa_preiskategorie-pk1-stehplatz","37":"pa_preiskategorie-pk2-stehplatz","38":"pa_preiskategorie-rollstuhlfahrer","39":"pa_preiskategorie-vip-package-backstage-club","40":"pa_preiskategorie-ggv-up","41":"pa_preiskategorie-pgv-up","42":"pa_preiskategorie-vipu-up","44":"first","45":"instock","46":"featured","47":"taxable","48":"shipping-taxable","49":"purchasable","50":"product-type-variable"},"group_of_quantity":0,"min_quantity":0,"max_quantity":"","exclude_order_quantity_value_rules":"no","exclude_category_quantity_rules":"no","combine_variations":"no","acf":[],"_links":{"self":[{"href":"https:\/\/arena-ticket.com\/en\/wp-json\/wp\/v2\/product\/69323","targetHints":{"allow":["GET"]}}],"collection":[{"href":"https:\/\/arena-ticket.com\/en\/wp-json\/wp\/v2\/product"}],"about":[{"href":"https:\/\/arena-ticket.com\/en\/wp-json\/wp\/v2\/types\/product"}],"wp:featuredmedia":[{"embeddable":true,"href":"https:\/\/arena-ticket.com\/en\/wp-json\/wp\/v2\/media\/69335"}],"wp:attachment":[{"href":"https:\/\/arena-ticket.com\/en\/wp-json\/wp\/v2\/media?parent=69323"}],"wp:term":[{"taxonomy":"product_brand","embeddable":true,"href":"https:\/\/arena-ticket.com\/en\/wp-json\/wp\/v2\/product_brand?post=69323"},{"taxonomy":"product_cat","embeddable":true,"href":"https:\/\/arena-ticket.com\/en\/wp-json\/wp\/v2\/product_cat?post=69323"},{"taxonomy":"product_tag","embeddable":true,"href":"https:\/\/arena-ticket.com\/en\/wp-json\/wp\/v2\/product_tag?post=69323"}],"curies":[{"name":"wp","href":"https:\/\/api.w.org\/{rel}","templated":true}]}}