{"id":69442,"date":"2026-03-20T13:32:53","date_gmt":"2026-03-20T12:32:53","guid":{"rendered":"https:\/\/arena-ticket.com\/?p=69442&#038;post_type=product&#038;preview_id=69442"},"modified":"2026-04-14T14:02:34","modified_gmt":"2026-04-14T12:02:34","slug":"taeubchenthal-leipzig-17-09-2026-2000-uhr-kopie","status":"publish","type":"product","link":"https:\/\/arena-ticket.com\/en\/product\/taeubchenthal-leipzig-17-09-2026-2000-uhr-kopie\/","title":{"rendered":"Monet192 - Can You See me"},"content":{"rendered":"<p>&nbsp;<\/p>\n<article class=\"vt:bg-black vt:text-white\">\n<section class=\"my-10 md:my-14\">\n<div class=\"relative max-h-full overflow-hidden transition-all duration-500\">\n<div class=\"space-y-8\">\n<div class=\"panel panel-grid\">\n<div class=\"col-span-full md:col-span-10 md:col-start-2 lg:col-span-8 lg:col-start-3\">\n<div class=\"prose xl:text-md text-black vt:text-white\">\n<p>Nach der erfolgreichen AURA TOUR legt Monet192 nach. Der zweite Block der Tour war nach einem starken ersten Abschnitt restlos ausverkauft und hat klar gezeigt, wie gro\u00df die Nachfrage nach seinen Live-Shows ist.<\/p>\n<p>Mit \u201eCAN YOU SEE ME\u201c startet 2026\/2027 das n\u00e4chste Kapitel. Die neue Tour ist in drei Bl\u00f6cke aufgeteilt und f\u00fchrt durch Deutschland, \u00d6sterreich und die Schweiz. Inhaltlich bleibt Monet192 seinem Stil treu: ehrliche, pers\u00f6nliche Texte treffen auf dunkle Sounds und eine Atmosph\u00e4re, die live besonders intensiv wirkt.<\/p>\n<p>Musikalisch z\u00e4hlt Monet192 l\u00e4ngst zu den festen Gr\u00f6\u00dfen der Szene. Mit mehreren erfolgreichen Releases, Chartplatzierungen und Millionen Streams hat er sich eine breite Fanbase aufgebaut. Songs wie \u201eH&lt;3tel\u201c oder \u201eBody\u201c stehen exemplarisch f\u00fcr seinen emotionalen, direkten Sound, der sich auch auf dem Album AURA konsequent weiterentwickelt hat.<\/p>\n<p>\u201eCAN YOU SEE ME\u201c steht f\u00fcr Entwicklung, N\u00e4he und echte Momente auf der B\u00fchne. Nach dem Erfolg von AURA ist klar: Monet192 hebt sein Live-Setup auf das n\u00e4chste Level.<\/p>\n<\/div>\n<\/div>\n<\/div>\n<\/div>\n<\/div>\n<\/section>\n<section class=\"mod-purple mt-16 lg:mt-24 vt:mod-orange text-black select-none\">\n<div class=\"bg-[color:var(--primary-color)] py-12 overflow-hidden\">\n<div class=\"panel\">\n<div class=\"flex justify-between md:items-end mb-6 md:mb-8\"><\/div>\n<div class=\"swiper-initialized swiper-horizontal swiper-pointer-events swiper-backface-hidden\">\n<div class=\"swiper-wrapper\">\n<div class=\"swiper-slide swiper-slide-active\">\n<div class=\"relative aspect-w-4 aspect-h-5 overflow-hidden\">\n<figure class=\" h-full w-full flex flex-col justify-center\"><\/figure>\n<div class=\"absolute z-10 top-0 w-full h-full transition duration-500 bg-[color:var(--primary-color)] opacity-0 md:group-hover:scale-105 md:group-hover:opacity-100\"><\/div>\n<\/div>\n<div class=\"mt-4 mb-4 md:mt-6 text-center text-sm\"><\/div>\n<div class=\"text-center\">\n<div class=\" cursor-pointer group rounded-full transition duration-75 uppercase whitespace-nowrap inline-flex items-center justify-center leading-tight font-medium text-xs py-3 px-5 xl:text-sm xl:py-3.5 xl:px-6 bg-[color:var(--secondary-color)] text-[color:var(--primary-color)] hover:text-white \"><\/div>\n<\/div>\n<\/div>\n<div class=\"swiper-slide swiper-slide-next\">\n<div class=\"relative aspect-w-4 aspect-h-5 overflow-hidden\">\n<figure class=\" h-full w-full flex flex-col justify-center\"><\/figure>\n<div class=\"absolute z-10 top-0 w-full h-full transition duration-500 bg-[color:var(--primary-color)] opacity-0 md:group-hover:scale-105 md:group-hover:opacity-100\"><\/div>\n<\/div>\n<div class=\"mt-4 mb-4 md:mt-6 text-center text-sm\"><\/div>\n<div class=\"text-center\">\n<div class=\" cursor-pointer group rounded-full transition duration-75 uppercase whitespace-nowrap inline-flex items-center justify-center leading-tight font-medium text-xs py-3 px-5 xl:text-sm xl:py-3.5 xl:px-6 bg-[color:var(--secondary-color)] text-[color:var(--primary-color)] hover:text-white \"><\/div>\n<\/div>\n<\/div>\n<div class=\"swiper-slide\">\n<div class=\"relative aspect-w-4 aspect-h-5 overflow-hidden\">\n<figure class=\" h-full w-full flex flex-col justify-center\"><\/figure>\n<div class=\"absolute z-10 top-0 w-full h-full transition duration-500 bg-[color:var(--primary-color)] opacity-0 md:group-hover:scale-105 md:group-hover:opacity-100\"><\/div>\n<\/div>\n<div class=\"mt-4 mb-4 md:mt-6 text-center text-sm\"><\/div>\n<div class=\"text-center\">\n<div class=\" cursor-pointer group rounded-full transition duration-75 uppercase whitespace-nowrap inline-flex items-center justify-center leading-tight font-medium text-xs py-3 px-5 xl:text-sm xl:py-3.5 xl:px-6 bg-[color:var(--secondary-color)] text-[color:var(--primary-color)] hover:text-white \"><\/div>\n<\/div>\n<\/div>\n<div class=\"swiper-slide\">\n<div class=\"relative aspect-w-4 aspect-h-5 overflow-hidden\">\n<figure class=\" h-full w-full flex flex-col justify-center\"><\/figure>\n<div class=\"absolute z-10 top-0 w-full h-full transition duration-500 bg-[color:var(--primary-color)] opacity-0 md:group-hover:scale-105 md:group-hover:opacity-100\"><\/div>\n<\/div>\n<div class=\"mt-4 mb-4 md:mt-6 text-center text-sm\"><\/div>\n<div class=\"text-center\">\n<div class=\" cursor-pointer group rounded-full transition duration-75 uppercase whitespace-nowrap inline-flex items-center justify-center leading-tight font-medium text-xs py-3 px-5 xl:text-sm xl:py-3.5 xl:px-6 bg-[color:var(--secondary-color)] text-[color:var(--primary-color)] hover:text-white \"><\/div>\n<\/div>\n<\/div>\n<div class=\"swiper-slide\">\n<div class=\"relative aspect-w-4 aspect-h-5 overflow-hidden\">\n<figure class=\" h-full w-full flex flex-col justify-center\"><\/figure>\n<div class=\"absolute z-10 top-0 w-full h-full transition duration-500 bg-[color:var(--primary-color)] opacity-0 md:group-hover:scale-105 md:group-hover:opacity-100\"><\/div>\n<\/div>\n<div class=\"mt-4 mb-4 md:mt-6 text-center text-sm\"><\/div>\n<div class=\"text-center\">\n<div class=\" group rounded-full transition duration-75 uppercase whitespace-nowrap inline-flex items-center justify-center leading-tight font-medium text-xs py-3 px-5 xl:text-sm xl:py-3.5 xl:px-6 bg-brand-red text-white \"><\/div>\n<\/div>\n<\/div>\n<div class=\"swiper-slide\">\n<div class=\"relative aspect-w-4 aspect-h-5 overflow-hidden\">\n<figure class=\" h-full w-full flex flex-col justify-center\"><\/figure>\n<div class=\"absolute z-10 top-0 w-full h-full transition duration-500 bg-[color:var(--primary-color)] opacity-0 md:group-hover:scale-105 md:group-hover:opacity-100\"><\/div>\n<\/div>\n<div class=\"mt-4 mb-4 md:mt-6 text-center text-sm\"><\/div>\n<div class=\"text-center\">\n<div class=\" cursor-pointer group rounded-full transition duration-75 uppercase whitespace-nowrap inline-flex items-center justify-center leading-tight font-medium text-xs py-3 px-5 xl:text-sm xl:py-3.5 xl:px-6 bg-[color:var(--secondary-color)] text-[color:var(--primary-color)] hover:text-white \"><\/div>\n<\/div>\n<\/div>\n<div class=\"swiper-slide\">\n<div class=\"relative aspect-w-4 aspect-h-5 overflow-hidden\">\n<figure class=\" h-full w-full flex flex-col justify-center\"><\/figure>\n<div class=\"absolute z-10 top-0 w-full h-full transition duration-500 bg-[color:var(--primary-color)] opacity-0 md:group-hover:scale-105 md:group-hover:opacity-100\"><\/div>\n<\/div>\n<div class=\"mt-4 mb-4 md:mt-6 text-center text-sm\"><\/div>\n<div class=\"text-center\">\n<div class=\" group rounded-full transition duration-75 uppercase whitespace-nowrap inline-flex items-center justify-center leading-tight font-medium text-xs py-3 px-5 xl:text-sm xl:py-3.5 xl:px-6 bg-brand-red text-white \"><\/div>\n<\/div>\n<\/div>\n<div class=\"swiper-slide\">\n<div class=\"relative aspect-w-4 aspect-h-5 overflow-hidden\">\n<figure class=\" h-full w-full flex flex-col justify-center\"><\/figure>\n<div class=\"absolute z-10 top-0 w-full h-full transition duration-500 bg-[color:var(--primary-color)] opacity-0 md:group-hover:scale-105 md:group-hover:opacity-100\"><\/div>\n<\/div>\n<div class=\"mt-4 mb-4 md:mt-6 text-center text-sm\"><\/div>\n<div class=\"text-center\">\n<div class=\" cursor-pointer group rounded-full transition duration-75 uppercase whitespace-nowrap inline-flex items-center justify-center leading-tight font-medium text-xs py-3 px-5 xl:text-sm xl:py-3.5 xl:px-6 bg-[color:var(--secondary-color)] text-[color:var(--primary-color)] hover:text-white \"><\/div>\n<\/div>\n<\/div>\n<div class=\"swiper-slide\">\n<div class=\"relative aspect-w-4 aspect-h-5 overflow-hidden\">\n<figure class=\" h-full w-full flex flex-col justify-center\"><\/figure>\n<div class=\"absolute z-10 top-0 w-full h-full transition duration-500 bg-[color:var(--primary-color)] opacity-0 md:group-hover:scale-105 md:group-hover:opacity-100\"><\/div>\n<\/div>\n<div class=\"mt-4 mb-4 md:mt-6 text-center text-sm\"><\/div>\n<div class=\"text-center\">\n<div class=\" cursor-pointer group rounded-full transition duration-75 uppercase whitespace-nowrap inline-flex items-center justify-center leading-tight font-medium text-xs py-3 px-5 xl:text-sm xl:py-3.5 xl:px-6 bg-[color:var(--secondary-color)] text-[color:var(--primary-color)] hover:text-white \"><\/div>\n<\/div>\n<\/div>\n<div class=\"swiper-slide\">\n<div class=\"relative aspect-w-4 aspect-h-5 overflow-hidden\">\n<figure class=\" h-full w-full flex flex-col justify-center\"><\/figure>\n<div class=\"absolute z-10 top-0 w-full h-full transition duration-500 bg-[color:var(--primary-color)] opacity-0 md:group-hover:scale-105 md:group-hover:opacity-100\"><\/div>\n<\/div>\n<div class=\"mt-4 mb-4 md:mt-6 text-center text-sm\"><\/div>\n<div class=\"text-center\">\n<div class=\" cursor-pointer group rounded-full transition duration-75 uppercase whitespace-nowrap inline-flex items-center justify-center leading-tight font-medium text-xs py-3 px-5 xl:text-sm xl:py-3.5 xl:px-6 bg-[color:var(--secondary-color)] text-[color:var(--primary-color)] hover:text-white \"><\/div>\n<\/div>\n<\/div>\n<\/div>\n<\/div>\n<\/div>\n<\/div>\n<\/section>\n<\/article>\n<p>&nbsp;<\/p>\n<aside>\n<div><\/div>\n<\/aside>\n<footer class=\"bg-black text-white py-12\">\n<div class=\"panel panel-grid\">\n<div class=\"col-span-full 2md:col-span-4 flex flex-col 2md:justify-between h-full\">\n<div class=\"flex space-x-6\"><\/div>\n<\/div>\n<div class=\"mt-12 2md:mt-0 2md:col-start-7 col-span-full 2md:col-span-6\">\n<div><\/div>\n<\/div>\n<\/div>\n<\/footer>\n","protected":false},"excerpt":{"rendered":"<p>Get your tickets now!<\/p>","protected":false},"featured_media":69464,"template":"","meta":{"_acf_changed":false,"inline_featured_image":false},"product_brand":[],"product_cat":[31,69,86,35,6749,499,21,58],"product_tag":[7145,941,942,943,5345,944,6779,967,947,948],"class_list":{"0":"post-69442","1":"product","2":"type-product","3":"status-publish","4":"has-post-thumbnail","6":"product_cat-events","7":"product_cat-konzert","8":"product_cat-leipzig","9":"product_cat-orte","10":"product_cat-sonstiges_konzert","11":"product_cat-taeubchenthal","12":"product_cat-ticket","13":"product_cat-veranstaltung","14":"product_tag-can-you-see-me","15":"product_tag-events","16":"product_tag-konzert","17":"product_tag-leipzig","18":"product_tag-monet192","19":"product_tag-orte","20":"product_tag-sonstiges","21":"product_tag-taeubchenthal","22":"product_tag-ticket","23":"product_tag-veranstaltung","24":"product_shipping_class-nur_paketversand","25":"pa_discount-normalpreis","26":"pa_preiskategorie-freie-platzwahl","27":"pa_preiskategorie-stehplatz","29":"first","30":"instock","31":"taxable","32":"shipping-taxable","33":"purchasable","34":"product-type-variable"},"group_of_quantity":0,"min_quantity":0,"max_quantity":"","exclude_order_quantity_value_rules":"no","exclude_category_quantity_rules":"no","combine_variations":"no","acf":[],"_links":{"self":[{"href":"https:\/\/arena-ticket.com\/en\/wp-json\/wp\/v2\/product\/69442","targetHints":{"allow":["GET"]}}],"collection":[{"href":"https:\/\/arena-ticket.com\/en\/wp-json\/wp\/v2\/product"}],"about":[{"href":"https:\/\/arena-ticket.com\/en\/wp-json\/wp\/v2\/types\/product"}],"wp:featuredmedia":[{"embeddable":true,"href":"https:\/\/arena-ticket.com\/en\/wp-json\/wp\/v2\/media\/69464"}],"wp:attachment":[{"href":"https:\/\/arena-ticket.com\/en\/wp-json\/wp\/v2\/media?parent=69442"}],"wp:term":[{"taxonomy":"product_brand","embeddable":true,"href":"https:\/\/arena-ticket.com\/en\/wp-json\/wp\/v2\/product_brand?post=69442"},{"taxonomy":"product_cat","embeddable":true,"href":"https:\/\/arena-ticket.com\/en\/wp-json\/wp\/v2\/product_cat?post=69442"},{"taxonomy":"product_tag","embeddable":true,"href":"https:\/\/arena-ticket.com\/en\/wp-json\/wp\/v2\/product_tag?post=69442"}],"curies":[{"name":"wp","href":"https:\/\/api.w.org\/{rel}","templated":true}]}}