{"id":69444,"date":"2026-03-20T13:40:07","date_gmt":"2026-03-20T12:40:07","guid":{"rendered":"https:\/\/arena-ticket.com\/?p=69444&#038;post_type=product&#038;preview_id=69444"},"modified":"2026-03-28T18:30:57","modified_gmt":"2026-03-28T17:30:57","slug":"lenny-kravitz-live-2026-berlin-uber-arena-27-07-2026-2000-uhr","status":"publish","type":"product","link":"https:\/\/arena-ticket.com\/en\/product\/lenny-kravitz-live-2026-berlin-uber-arena-27-07-2026-2000-uhr\/","title":{"rendered":"Lenny Kravitz - Live 2026"},"content":{"rendered":"<section class=\"c-full c-inner c-narrow\" data-c=\"stageteasertext\" data-qa=\"stageteasertext-component\">\n<div class=\"container\">\n<div class=\"external-content no-margin\">\n<div class=\"u-position-relative js-moretext-wrapper\">\n<div class=\"moretext js-moretext expanded\" data-qa=\"readMoreText\">\n<div class=\"moretext-teaser\">\n<p>&nbsp;<\/p>\n<\/div>\n<\/div>\n<div class=\"link moretext-toggle\">Lenny Kravitz Live 2026<\/div>\n<div class=\"link moretext-toggle\">\n<p>&nbsp;<\/p>\n<p><span style=\"font-size: 16px\">Erst im M\u00e4rz diesen Jahres beendete Lenny Kravitz die Deutschland-Etappe der \u201eBlue Electric Light Tour 2025\u201c. Mit 50.000 verkauften Tickets wurde es die erfolgreichste Tour des K\u00fcnstlers hierzulande. Sowohl Publikum, als auch Kritiker zeigten sich von den diesj\u00e4hrigen Auftritten begeistert, so schrieb die WAZ,\u00a0<\/span><em style=\"font-size: 16px\">\u201eLenny Kravitz geh\u00f6rt zu einer aussterbenden Art Rockmusiker, die sich als Gesamtkunstwerk begreifen: Musik, Outfit, Habitus; all das ist unverwechselbar. Dazu\u00a0 bringt Kravitz eine Samtstimme mit, die noch immer schwindelerregende H\u00f6hen erreichen kann\u201c<\/em><span style=\"font-size: 16px\">\u00a0und die Abendzeitung M\u00fcnchen best\u00e4tigt, \u201e<\/span><em style=\"font-size: 16px\">Mit dem US-Amerikaner ist es wie mit seinen gr\u00f6\u00dften Hits \u2013 sie klingen auf der B\u00fchne noch so frisch, als seien sie erst gestern erschienen.\u201c<\/em><\/p>\n<p>Nach seiner gefeierten \u201eBlue Electric Light Tour 2025\u201c, die mit ausverkauften Konzerten in Europa, S\u00fcdamerika, Australien und einer Las-Vegas-Residency aufwartete, setzte Kravitz fort, was Billboard als \u201eLennaissance\u201c bezeichnet, eine Zeit des weltweiten Erfolgs f\u00fcr Kravitz, der im Mai 2024 sein von der Kritik gefeiertes 12. Studioalbum \u201eBlue Electric Light\u201c (BMG) ver\u00f6ffentlichte. Die Associated Press beschrieb das Projekt als \u201eglorreich \u2026 das Beste, was der Rocker seit Jahren gemacht hat\u201c, w\u00e4hrend NPR es als \u201eKaleidoskop aus treibendem Rock, psychedelischem Funk, sanftem Soul und mehr\u201c bezeichnete. Au\u00dferdem wurde Kravitz 2024 mit einem Stern auf dem Hollywood Walk of Fame, dem \u201eMusic Icon Award\u201c bei den People\u2019s Choice Awards 2024, dem \u201eBest Rock Award\u201c bei den Video Music Awards 2024 und dem \u201eFashion Icon Award\u201c des CFDA ausgezeichnet.<\/p>\n<p>Ob \u201cIt Ain\u2019t over \u2019til it\u2019s Over\u201d, \u201cAre You Gonna Go My Way\u201d oder \u201cFly Away \u201d, die Liste der erfolgreichen Hits des Ausnahmek\u00fcnstlers ist lang, die Live 2026-Tour wird zahlreiche dieser Klassiker, als auch pers\u00f6nliche Favoriten aus seinem jahrzehntelangen Schaffen pr\u00e4sentieren.<\/p>\n<\/div>\n<\/div>\n<\/div>\n<\/div>\n<\/section>\n<section class=\"c container\" data-c=\"eviwidget\" data-qa=\"evi-widget\">\n<div class=\"js-evi-wrapper theme-element-border evi-wrapper\">\n<div class=\"js-evi-box\">\n<p id=\"evi-widget-rule-11e8fcb5-8a5e-aaee-e6eb-996adb054c48\" class=\"evi-widget evi-widget evi-widget-type-ticket-alarm-single\">\n<\/div>\n<\/div>\n<\/section>","protected":false},"excerpt":{"rendered":"<div>Jetzt hier Tickets sichern!<\/div>\n<div>\n<p>&nbsp;<\/p>\n<p style=\"font-weight: 400\">\n<\/div>","protected":false},"featured_media":69452,"template":"","meta":{"_acf_changed":false,"inline_featured_image":false},"product_brand":[],"product_cat":[31,315,69,35,6733,517,58],"product_tag":[1332,941,942,7268,4819,944,2506,3638,5389,948],"class_list":{"0":"post-69444","1":"product","2":"type-product","3":"status-publish","4":"has-post-thumbnail","6":"product_cat-events","7":"product_cat-berlin","8":"product_cat-konzert","9":"product_cat-orte","10":"product_cat-pop","11":"product_cat-uber-arena","12":"product_cat-veranstaltung","13":"product_tag-berlin","14":"product_tag-events","15":"product_tag-konzert","16":"product_tag-lenny-kravitz","17":"product_tag-live-2026","18":"product_tag-orte","19":"product_tag-pop","20":"product_tag-uber-arena","21":"product_tag-una-storia-importante-world-tour","22":"product_tag-veranstaltung","23":"product_shipping_class-nur_paketversand","24":"pa_discount-inklusive-begleitperson","25":"pa_discount-normalpreis","26":"pa_preiskategorie-front-of-stage-stehplatz","27":"pa_preiskategorie-golden-circle-stehplatz","28":"pa_preiskategorie-golden-circle-i-sitzplatz","29":"pa_preiskategorie-golden-circle-ii-sitzplatz","30":"pa_preiskategorie-pk-i","31":"pa_preiskategorie-pk-ii","32":"pa_preiskategorie-pk-iii","33":"pa_preiskategorie-pk-iv","34":"pa_preiskategorie-stehplatz","36":"first","37":"instock","38":"taxable","39":"shipping-taxable","40":"purchasable","41":"product-type-variable","42":"has-default-attributes"},"group_of_quantity":0,"min_quantity":0,"max_quantity":"","exclude_order_quantity_value_rules":"no","exclude_category_quantity_rules":"no","combine_variations":"no","acf":[],"_links":{"self":[{"href":"https:\/\/arena-ticket.com\/en\/wp-json\/wp\/v2\/product\/69444","targetHints":{"allow":["GET"]}}],"collection":[{"href":"https:\/\/arena-ticket.com\/en\/wp-json\/wp\/v2\/product"}],"about":[{"href":"https:\/\/arena-ticket.com\/en\/wp-json\/wp\/v2\/types\/product"}],"wp:featuredmedia":[{"embeddable":true,"href":"https:\/\/arena-ticket.com\/en\/wp-json\/wp\/v2\/media\/69452"}],"wp:attachment":[{"href":"https:\/\/arena-ticket.com\/en\/wp-json\/wp\/v2\/media?parent=69444"}],"wp:term":[{"taxonomy":"product_brand","embeddable":true,"href":"https:\/\/arena-ticket.com\/en\/wp-json\/wp\/v2\/product_brand?post=69444"},{"taxonomy":"product_cat","embeddable":true,"href":"https:\/\/arena-ticket.com\/en\/wp-json\/wp\/v2\/product_cat?post=69444"},{"taxonomy":"product_tag","embeddable":true,"href":"https:\/\/arena-ticket.com\/en\/wp-json\/wp\/v2\/product_tag?post=69444"}],"curies":[{"name":"wp","href":"https:\/\/api.w.org\/{rel}","templated":true}]}}