{"id":69506,"date":"2026-03-20T18:29:04","date_gmt":"2026-03-20T17:29:04","guid":{"rendered":"https:\/\/arena-ticket.com\/?p=69506&#038;post_type=product&#038;preview_id=69506"},"modified":"2026-03-20T18:59:16","modified_gmt":"2026-03-20T17:59:16","slug":"sommerfestspiele-2026-jim-knopf-und-lukas-der-lokomotivfuehrer-thale-harzer-bergtheater-28-06-2026-1500-uhr","status":"publish","type":"product","link":"https:\/\/arena-ticket.com\/en\/product\/sommerfestspiele-2026-jim-knopf-und-lukas-der-lokomotivfuehrer-thale-harzer-bergtheater-28-06-2026-1500-uhr\/","title":{"rendered":"Sommerfestspiele 2026 - Jim Knopf und Lukas der Lokomotivf\u00fchrer"},"content":{"rendered":"<h4><span class=\"semibold\"><span class=\"text-color-8\">Jim Knopf und Lukas der Lokomotivf\u00fchrer<\/span><\/span><\/h4>\n<p>&nbsp;<\/p>\n<p>\u201eEine Insel mit zwei Bergen liegt im tiefen, weiten Meer, mit viel Tunnels und Geleisen und\u2026 \u201c - genau, das ist Lummerland. Auf Lummerland wohnen nicht nur allerhand muntere Menschen, sondern auch eine alte, schnaubende Dampflok Namens Emma. Eines sonnigen Tages beschlie\u00dft K\u00f6nig Alfons der Viertelvorzw\u00f6lfte, dass \u00dcberbev\u00f6lkerung herrsche und befiehlt, Emma auszusortieren. Das k\u00f6nnen Lukas der Lokomotivf\u00fchrer und sein kleiner Freund Jim Knopf nicht zulassen. Emma geh\u00f6rt ja zu ihnen. Und so machen sich die 3 sich auf eine abenteuerliche Reise ins Unbekannte. Wem Sie dort begegnen, wer die Wilde 13 ist und wie sie Prinzessin Li Si aus den F\u00e4ngen der gef\u00e4hrlichen Frau Mahlzahn retten, das ist ab dem 4. Juni im Harzer Bergtheater Thale in einer phantasievollen Inszenierung des Harztheaters zu erleben.<\/p>\n<p>&nbsp;<\/p>\n<p>&nbsp;<\/p>\n<p><em>Erm\u00e4\u00dfigte Tickets gelten f\u00fcr:<\/em><\/p>\n<p><em>Kinder, Sch\u00fcler, Bundesfreiwilligendienstleistende, behinderte Menschen (B) und Betreuer<\/em><\/p>","protected":false},"excerpt":{"rendered":"<p>Ein Schauspiel f\u00fcr Kinder nach dem gleichnamigen Kinderbuch von Michael Ende - jetzt schon Tickets sichern!<\/p>","protected":false},"featured_media":69476,"template":"","meta":{"_acf_changed":false,"inline_featured_image":false},"product_brand":[],"product_cat":[31,7270,94,6729,64,35,7269,21,58],"product_tag":[941,7273,7272,978,963,6773,944,7271,7274,947,948],"class_list":{"0":"post-69506","1":"product","2":"type-product","3":"status-publish","4":"has-post-thumbnail","6":"product_cat-events","7":"product_cat-harzer-bergtheater","8":"product_cat-kinder","9":"product_cat-musical","10":"product_cat-musical-show","11":"product_cat-orte","12":"product_cat-thale","13":"product_cat-ticket","14":"product_cat-veranstaltung","15":"product_tag-events","16":"product_tag-harzer-bergtheater","17":"product_tag-jim-knopf-und-lukas-der-lokomotivfuehrer","18":"product_tag-kinder","19":"product_tag-musical","20":"product_tag-musical-show","21":"product_tag-orte","22":"product_tag-sommerfestspiele-2026","23":"product_tag-thale","24":"product_tag-ticket","25":"product_tag-veranstaltung","26":"product_shipping_class-nur_paketversand","27":"pa_discount-ermaessigt","28":"pa_discount-inklusive-begleitperson","29":"pa_discount-kind","30":"pa_discount-normalpreis","31":"pa_preiskategorie-pk-i","32":"pa_preiskategorie-pk-ii","33":"pa_preiskategorie-pk-iii","34":"pa_preiskategorie-rollstuhlfahrer","36":"first","37":"instock","38":"taxable","39":"shipping-taxable","40":"purchasable","41":"product-type-variable"},"group_of_quantity":0,"min_quantity":0,"max_quantity":"","exclude_order_quantity_value_rules":"no","exclude_category_quantity_rules":"no","combine_variations":"no","acf":[],"_links":{"self":[{"href":"https:\/\/arena-ticket.com\/en\/wp-json\/wp\/v2\/product\/69506","targetHints":{"allow":["GET"]}}],"collection":[{"href":"https:\/\/arena-ticket.com\/en\/wp-json\/wp\/v2\/product"}],"about":[{"href":"https:\/\/arena-ticket.com\/en\/wp-json\/wp\/v2\/types\/product"}],"wp:featuredmedia":[{"embeddable":true,"href":"https:\/\/arena-ticket.com\/en\/wp-json\/wp\/v2\/media\/69476"}],"wp:attachment":[{"href":"https:\/\/arena-ticket.com\/en\/wp-json\/wp\/v2\/media?parent=69506"}],"wp:term":[{"taxonomy":"product_brand","embeddable":true,"href":"https:\/\/arena-ticket.com\/en\/wp-json\/wp\/v2\/product_brand?post=69506"},{"taxonomy":"product_cat","embeddable":true,"href":"https:\/\/arena-ticket.com\/en\/wp-json\/wp\/v2\/product_cat?post=69506"},{"taxonomy":"product_tag","embeddable":true,"href":"https:\/\/arena-ticket.com\/en\/wp-json\/wp\/v2\/product_tag?post=69506"}],"curies":[{"name":"wp","href":"https:\/\/api.w.org\/{rel}","templated":true}]}}