{"id":69639,"date":"2026-03-23T14:28:18","date_gmt":"2026-03-23T13:28:18","guid":{"rendered":"https:\/\/arena-ticket.com\/?p=69639&#038;post_type=product&#038;preview_id=69639"},"modified":"2026-03-23T14:59:01","modified_gmt":"2026-03-23T13:59:01","slug":"walpurga-das-musical-thale-harzer-bergtheater-12-09-2026-2000-uhr","status":"publish","type":"product","link":"https:\/\/arena-ticket.com\/en\/product\/walpurga-das-musical-thale-harzer-bergtheater-12-09-2026-2000-uhr\/","title":{"rendered":"WALPURGA - das Musical"},"content":{"rendered":"<p class=\"lead mt-0 mb-40\"><span class=\"word\" data-word=\"Ein\">A<\/span><span class=\"whitespace\">\u00a0<\/span><span class=\"word\" data-word=\"Reich\">Reich<\/span><span class=\"whitespace\">\u00a0<\/span><span class=\"word\" data-word=\"voller\">voller<\/span><span class=\"whitespace\">\u00a0<\/span><span class=\"word\" data-word=\"Geheimnisse,\">Geheimnisse,<\/span><span class=\"whitespace\">\u00a0<\/span><span class=\"word\" data-word=\"Magie\">Magie<\/span><span class=\"whitespace\">\u00a0<\/span><span class=\"word\" data-word=\"und\">and<\/span><span class=\"whitespace\">\u00a0<\/span><span class=\"word\" data-word=\"unergr\u00fcndlicher\">unergr\u00fcndlicher<\/span><span class=\"whitespace\">\u00a0<\/span><span class=\"word\" data-word=\"M\u00e4chte.\">M\u00e4chte.<\/span><span class=\"whitespace\">\u00a0<\/span><span class=\"word\" data-word=\"Eine\">Eine<\/span><span class=\"whitespace\">\u00a0<\/span><span class=\"word\" data-word=\"fesselnde\">fesselnde<\/span><span class=\"whitespace\">\u00a0<\/span><span class=\"word\" data-word=\"Reise\">Reise<\/span><span class=\"whitespace\">\u00a0<\/span><span class=\"word\" data-word=\"durch\">durch<\/span><span class=\"whitespace\">\u00a0<\/span><span class=\"word\" data-word=\"d\u00fcstere\">d\u00fcstere<\/span><span class=\"whitespace\">\u00a0<\/span><span class=\"word\" data-word=\"W\u00e4lder,\">W\u00e4lder,<\/span><span class=\"whitespace\">\u00a0<\/span><span class=\"word\" data-word=\"geheimnisvolle\">geheimnisvolle<\/span><span class=\"whitespace\">\u00a0<\/span><span class=\"word\" data-word=\"Ritualpl\u00e4tze\">Ritualpl\u00e4tze<\/span><span class=\"whitespace\">\u00a0<\/span><span class=\"word\" data-word=\"und\">and<\/span><span class=\"whitespace\">\u00a0<\/span><span class=\"word\" data-word=\"verborgene\">verborgene<\/span><span class=\"whitespace\">\u00a0<\/span><span class=\"word\" data-word=\"Welten\">Welten<\/span><span class=\"whitespace\">\u00a0<\/span><span class=\"word\" data-word=\"jenseits\">jenseits<\/span><span class=\"whitespace\">\u00a0<\/span><span class=\"word\" data-word=\"unserer\">unserer<\/span><span class=\"whitespace\">\u00a0<\/span><span class=\"word\" data-word=\"Vorstellungskraft.\">Vorstellungskraft.<\/span><\/p>\n<p class=\"mb-40\"><span class=\"word\" data-word=\"Erlebe\">Erlebe<\/span><span class=\"whitespace\">\u00a0<\/span><span class=\"word\" data-word=\"die\">the<\/span><span class=\"whitespace\">\u00a0<\/span><span class=\"word\" data-word=\"Kraft\">Kraft<\/span><span class=\"whitespace\">\u00a0<\/span><span class=\"word\" data-word=\"der\">the<\/span><span class=\"whitespace\">\u00a0<\/span><span class=\"word\" data-word=\"Liebe,\">Love,<\/span><span class=\"whitespace\">\u00a0<\/span><span class=\"word\" data-word=\"den\">den<\/span><span class=\"whitespace\">\u00a0<\/span><span class=\"word\" data-word=\"Kampf\">Kampf<\/span><span class=\"whitespace\">\u00a0<\/span><span class=\"word\" data-word=\"zwischen\">zwischen<\/span><span class=\"whitespace\">\u00a0<\/span><span class=\"word\" data-word=\"Gut\">Gut<\/span><span class=\"whitespace\">\u00a0<\/span><span class=\"word\" data-word=\"und\">and<\/span><span class=\"whitespace\">\u00a0<\/span><span class=\"word\" data-word=\"B\u00f6se\">B\u00f6se<\/span><span class=\"whitespace\">\u00a0<\/span><span class=\"word\" data-word=\"und\">and<\/span><span class=\"whitespace\">\u00a0<\/span><span class=\"word\" data-word=\"die\">the<\/span><span class=\"whitespace\">\u00a0<\/span><span class=\"word\" data-word=\"unvergessliche\">unvergessliche<\/span><span class=\"whitespace\">\u00a0<\/span><span class=\"word\" data-word=\"Magie\">Magie<\/span><span class=\"whitespace\">\u00a0<\/span><span class=\"word\" data-word=\"des\">des<\/span><span class=\"whitespace\">\u00a0<\/span><span class=\"word\" data-word=\"Unbekannten.\">Unbekannten.<\/span><span class=\"whitespace\">\u00a0<\/span><span class=\"word\" data-word=\"Verzaubernde\">Verzaubernde<\/span><span class=\"whitespace\">\u00a0<\/span><span class=\"word\" data-word=\"Melodien,\">Melodien,<\/span><span class=\"whitespace\">\u00a0<\/span><span class=\"word\" data-word=\"atemberaubenden\">atemberaubenden<\/span><span class=\"whitespace\">\u00a0<\/span><span class=\"word\" data-word=\"Choreografien\">Choreografien<\/span><span class=\"whitespace\">\u00a0<\/span><span class=\"word\" data-word=\"und\">and<\/span><span class=\"whitespace\">\u00a0<\/span><span class=\"word\" data-word=\"eine\">one<\/span><span class=\"whitespace\">\u00a0<\/span><span class=\"word\" data-word=\"Geschichte,\">Geschichte,<\/span><span class=\"whitespace\">\u00a0<\/span><span class=\"word\" data-word=\"die\">the<\/span><span class=\"whitespace\">\u00a0<\/span><span class=\"word\" data-word=\"deine\">deine<\/span><span class=\"whitespace\">\u00a0<\/span><span class=\"word\" data-word=\"Sinne\">Sinne<\/span><span class=\"whitespace\">\u00a0<\/span><span class=\"word\" data-word=\"gefangen\">gefangen<\/span><span class=\"whitespace\">\u00a0<\/span><span class=\"word\" data-word=\"nehmen\">nehmen<\/span><span class=\"whitespace\">\u00a0<\/span><span class=\"word\" data-word=\"wird.\">wird.<\/span><span class=\"whitespace\">\u00a0<\/span><span class=\"word\" data-word=\"Erwecke\">Erwecke<\/span><span class=\"whitespace\">\u00a0<\/span><span class=\"word\" data-word=\"deine\">deine<\/span><span class=\"whitespace\">\u00a0<\/span><span class=\"word\" data-word=\"Neugier\">Neugier<\/span><span class=\"whitespace\">\u00a0<\/span><span class=\"word\" data-word=\"und\">and<\/span><span class=\"whitespace\">\u00a0<\/span><span class=\"word\" data-word=\"sei\">sei<\/span><span class=\"whitespace\">\u00a0<\/span><span class=\"word\" data-word=\"bereit\">bereit<\/span><span class=\"whitespace\">\u00a0<\/span><span class=\"word\" data-word=\"f\u00fcr\">for<\/span><span class=\"whitespace\">\u00a0<\/span><span class=\"word\" data-word=\"ein\">ein<\/span><span class=\"whitespace\">\u00a0<\/span><span class=\"word\" data-word=\"einzigartiges\">einzigartiges<\/span><span class=\"whitespace\">\u00a0<\/span><span class=\"word\" data-word=\"Theatererlebnis,\">Theatererlebnis,<\/span><span class=\"whitespace\">\u00a0<\/span><span class=\"word\" data-word=\"das\">das<\/span><span class=\"whitespace\">\u00a0<\/span><span class=\"word\" data-word=\"deine\">deine<\/span><span class=\"whitespace\">\u00a0<\/span><span class=\"word\" data-word=\"Vorstellungskraft\">Vorstellungskraft<\/span><span class=\"whitespace\">\u00a0<\/span><span class=\"word\" data-word=\"\u00fcbersteigt.\">\u00fcbersteigt.<\/span><span class=\"whitespace\">\u00a0<\/span><span class=\"word\" data-word=\"&quot;Walpurga&quot;\">\"Walpurga\"<\/span><span class=\"whitespace\">\u00a0<\/span><span class=\"word\" data-word=\"\u2013\">\u2013<\/span><span class=\"whitespace\">\u00a0<\/span><span class=\"word\" data-word=\"Ein\">A<\/span><span class=\"whitespace\">\u00a0<\/span><span class=\"word\" data-word=\"Musical,\">Musical,<\/span><span class=\"whitespace\">\u00a0<\/span><span class=\"word\" data-word=\"das\">das<\/span><span class=\"whitespace\">\u00a0<\/span><span class=\"word\" data-word=\"dich\">dich<\/span><span class=\"whitespace\">\u00a0<\/span><span class=\"word\" data-word=\"in\">in<\/span><span class=\"whitespace\">\u00a0<\/span><span class=\"word\" data-word=\"seinen\">seinen<\/span><span class=\"whitespace\">\u00a0<\/span><span class=\"word\" data-word=\"Bann\">Bann<\/span><span class=\"whitespace\">\u00a0<\/span><span class=\"word\" data-word=\"ziehen\">ziehen<\/span><span class=\"whitespace\">\u00a0<\/span><span class=\"word\" data-word=\"wird.\">wird.<\/span><span class=\"whitespace\">\u00a0<\/span><span class=\"word\" data-word=\"Sei\">Sei<\/span><span class=\"whitespace\">\u00a0<\/span><span class=\"word\" data-word=\"dabei\">dabei<\/span><span class=\"whitespace\">\u00a0<\/span><span class=\"word\" data-word=\"und\">and<\/span><span class=\"whitespace\">\u00a0<\/span><span class=\"word\" data-word=\"erlebe\">erlebe<\/span><span class=\"whitespace\">\u00a0<\/span><span class=\"word\" data-word=\"die\">the<\/span><span class=\"whitespace\">\u00a0<\/span><span class=\"word\" data-word=\"Magie\">Magie<\/span><span class=\"whitespace\">\u00a0<\/span><span class=\"word\" data-word=\"hautnah!\">hautnah!<\/span><\/p>\n<p>&nbsp;<\/p>\n<p><em>Erm\u00e4\u00dfigte Tickets gelten f\u00fcr:<\/em><\/p>\n<p><em>Kinder, Sch\u00fcler, Bundesfreiwilligendienstleistende, behinderte Menschen (B) und Betreuer<\/em><\/p>","protected":false},"excerpt":{"rendered":"<p><span class=\"word\" data-word=\"Sei\">Sei<\/span><span class=\"whitespace\">\u00a0<\/span><span class=\"word\" data-word=\"dabei\">dabei<\/span><span class=\"whitespace\">\u00a0<\/span><span class=\"word\" data-word=\"und\">and<\/span><span class=\"whitespace\">\u00a0<\/span><span class=\"word\" data-word=\"erlebe\">erlebe<\/span><span class=\"whitespace\">\u00a0<\/span><span class=\"word\" data-word=\"die\">the<\/span><span class=\"whitespace\">\u00a0<\/span><span class=\"word\" data-word=\"Magie\">Magie<\/span><span class=\"whitespace\">\u00a0<\/span><span class=\"word\" data-word=\"hautnah!\">hautnah! J<\/span>Get your tickets now!<\/p>","protected":false},"featured_media":69650,"template":"","meta":{"_acf_changed":false,"inline_featured_image":false},"product_brand":[],"product_cat":[31,7270,6729,64,35,7269,21,58],"product_tag":[2777,941,7273,963,6773,944,7271,7274,947,948,7275],"class_list":{"0":"post-69639","1":"product","2":"type-product","3":"status-publish","4":"has-post-thumbnail","6":"product_cat-events","7":"product_cat-harzer-bergtheater","8":"product_cat-musical","9":"product_cat-musical-show","10":"product_cat-orte","11":"product_cat-thale","12":"product_cat-ticket","13":"product_cat-veranstaltung","14":"product_tag-das-musical","15":"product_tag-events","16":"product_tag-harzer-bergtheater","17":"product_tag-musical","18":"product_tag-musical-show","19":"product_tag-orte","20":"product_tag-sommerfestspiele-2026","21":"product_tag-thale","22":"product_tag-ticket","23":"product_tag-veranstaltung","24":"product_tag-walpurga","25":"product_shipping_class-nur_paketversand","26":"pa_discount-ermaessigt","27":"pa_discount-inklusive-begleitperson","28":"pa_discount-kind","29":"pa_discount-normalpreis","30":"pa_preiskategorie-pk-i","31":"pa_preiskategorie-pk-ii","32":"pa_preiskategorie-pk-iii","33":"pa_preiskategorie-rollstuhlfahrer","35":"first","36":"instock","37":"taxable","38":"shipping-taxable","39":"purchasable","40":"product-type-variable"},"group_of_quantity":0,"min_quantity":0,"max_quantity":"","exclude_order_quantity_value_rules":"no","exclude_category_quantity_rules":"no","combine_variations":"no","acf":[],"_links":{"self":[{"href":"https:\/\/arena-ticket.com\/en\/wp-json\/wp\/v2\/product\/69639","targetHints":{"allow":["GET"]}}],"collection":[{"href":"https:\/\/arena-ticket.com\/en\/wp-json\/wp\/v2\/product"}],"about":[{"href":"https:\/\/arena-ticket.com\/en\/wp-json\/wp\/v2\/types\/product"}],"wp:featuredmedia":[{"embeddable":true,"href":"https:\/\/arena-ticket.com\/en\/wp-json\/wp\/v2\/media\/69650"}],"wp:attachment":[{"href":"https:\/\/arena-ticket.com\/en\/wp-json\/wp\/v2\/media?parent=69639"}],"wp:term":[{"taxonomy":"product_brand","embeddable":true,"href":"https:\/\/arena-ticket.com\/en\/wp-json\/wp\/v2\/product_brand?post=69639"},{"taxonomy":"product_cat","embeddable":true,"href":"https:\/\/arena-ticket.com\/en\/wp-json\/wp\/v2\/product_cat?post=69639"},{"taxonomy":"product_tag","embeddable":true,"href":"https:\/\/arena-ticket.com\/en\/wp-json\/wp\/v2\/product_tag?post=69639"}],"curies":[{"name":"wp","href":"https:\/\/api.w.org\/{rel}","templated":true}]}}