{"id":69685,"date":"2026-03-24T14:51:46","date_gmt":"2026-03-24T13:51:46","guid":{"rendered":"https:\/\/arena-ticket.com\/?p=69685&#038;post_type=product&#038;preview_id=69685"},"modified":"2026-03-24T15:07:17","modified_gmt":"2026-03-24T14:07:17","slug":"arielle-die-kleine-meerjungfrau-thale-harzer-bergtheater-30-06-2026-1100-uhr","status":"publish","type":"product","link":"https:\/\/arena-ticket.com\/en\/product\/arielle-die-kleine-meerjungfrau-thale-harzer-bergtheater-30-06-2026-1100-uhr\/","title":{"rendered":"Arielle, die kleine Meerjungfrau"},"content":{"rendered":"<p>Eigentlich ist es Arielle, der kleinen Meerjungfrau, verboten, an die Meeresoberfl\u00e4che zu schwimmen. Doch ihr Wunsch, einmal die Menschen zu sehen, ist so stark, dass sie sich dem Verbot ihres Vaters Triton, dem K\u00f6nig der Meere, widersetzt. Auch ihr Freund Flippi, kann sie nicht davon abhalten. Als sie an der Meeresoberfl\u00e4che den sch\u00f6nen Prinzen Eric an Bord seines Schiffes erblickt, verliebt sie sich unsterblich in ihn. Arielle muss mitansehen, wie das Schiff in einen schweren Sturm ger\u00e4t. Ohne zu z\u00f6gern rettet sie Eric vor dem sicheren Tod. Arielles Liebe zu Eric ist so stark, dass sie beschlie\u00dft, ein Mensch zu werden, um immer bei ihm sein zu k\u00f6nnen. Die b\u00f6se und heimt\u00fcckische Meerhexe Hydra verspricht Hilfe, doch als Gegenleistung verlangt sie Arielles sch\u00f6ne Stimme. Mutig tauscht sie ihren Fischschwanz gegen Menschenbeine ein. Sie hat allerdings nur drei Tage Zeit, von Eric den Kuss der wahren Liebe zu empfangen und dadurch f\u00fcr immer ein Mensch zu werden, ansonsten ist sie f\u00fcr immer verloren und wird in den Schaum der Meere verwandelt.<br \/>\nEric ist von Arielle sehr angetan, doch seiner wahren Liebe geh\u00f6rt der Stimme seiner Retterin. Da taucht die b\u00f6se Hydra auf und behauptet, den Prinzen gerettet zu haben, doch der kann sich nach seinem Schiffbruch nur noch an die liebliche Stimme von Arielle erinnern... Am Ende gibt es ein verliebtes Paar, was die unterschiedlichen Lebewesen der Unterwasserwelt und der Erde in Einklang bringen wird, und nat\u00fcrlich eine gro\u00dfe Party mit Tanz und Musik.<\/p>\n<p>&nbsp;<\/p>\n<p><em>Erm\u00e4\u00dfigte Tickets gelten f\u00fcr:<\/em><\/p>\n<p><em>Kinder, Sch\u00fcler, Bundesfreiwilligendienstleistende, behinderte Menschen (B) und Betreuer<\/em><\/p>","protected":false},"excerpt":{"rendered":"<p>Ein Theaterst\u00fcck f\u00fcr gro\u00dfe und kleine Kinder nach der Geschichte von Hans Christian Andersen von Jan Bodinus mit Musik von Stefan Hiller - jetzt Tickets sichern!<\/p>","protected":false},"featured_media":69694,"template":"","meta":{"_acf_changed":false,"inline_featured_image":false},"product_brand":[],"product_cat":[31,7270,94,6729,64,35,7269,21,58],"product_tag":[7277,7276,4483,941,7273,978,963,6773,944,7274,947,948],"class_list":{"0":"post-69685","1":"product","2":"type-product","3":"status-publish","4":"has-post-thumbnail","6":"product_cat-events","7":"product_cat-harzer-bergtheater","8":"product_cat-kinder","9":"product_cat-musical","10":"product_cat-musical-show","11":"product_cat-orte","12":"product_cat-thale","13":"product_cat-ticket","14":"product_cat-veranstaltung","15":"product_tag-arielle","16":"product_tag-arielle-die-kleine-meerjungfrau","17":"product_tag-die-kleine-meerjungfrau","18":"product_tag-events","19":"product_tag-harzer-bergtheater","20":"product_tag-kinder","21":"product_tag-musical","22":"product_tag-musical-show","23":"product_tag-orte","24":"product_tag-thale","25":"product_tag-ticket","26":"product_tag-veranstaltung","27":"product_shipping_class-nur_paketversand","28":"pa_discount-ermaessigt","29":"pa_discount-inklusive-begleitperson","30":"pa_discount-kind","31":"pa_discount-normalpreis","32":"pa_preiskategorie-pk-i","33":"pa_preiskategorie-pk-ii","34":"pa_preiskategorie-pk-iii","35":"pa_preiskategorie-rollstuhlfahrer","37":"first","38":"instock","39":"taxable","40":"shipping-taxable","41":"purchasable","42":"product-type-variable"},"group_of_quantity":0,"min_quantity":0,"max_quantity":"","exclude_order_quantity_value_rules":"no","exclude_category_quantity_rules":"no","combine_variations":"no","acf":[],"_links":{"self":[{"href":"https:\/\/arena-ticket.com\/en\/wp-json\/wp\/v2\/product\/69685","targetHints":{"allow":["GET"]}}],"collection":[{"href":"https:\/\/arena-ticket.com\/en\/wp-json\/wp\/v2\/product"}],"about":[{"href":"https:\/\/arena-ticket.com\/en\/wp-json\/wp\/v2\/types\/product"}],"wp:featuredmedia":[{"embeddable":true,"href":"https:\/\/arena-ticket.com\/en\/wp-json\/wp\/v2\/media\/69694"}],"wp:attachment":[{"href":"https:\/\/arena-ticket.com\/en\/wp-json\/wp\/v2\/media?parent=69685"}],"wp:term":[{"taxonomy":"product_brand","embeddable":true,"href":"https:\/\/arena-ticket.com\/en\/wp-json\/wp\/v2\/product_brand?post=69685"},{"taxonomy":"product_cat","embeddable":true,"href":"https:\/\/arena-ticket.com\/en\/wp-json\/wp\/v2\/product_cat?post=69685"},{"taxonomy":"product_tag","embeddable":true,"href":"https:\/\/arena-ticket.com\/en\/wp-json\/wp\/v2\/product_tag?post=69685"}],"curies":[{"name":"wp","href":"https:\/\/api.w.org\/{rel}","templated":true}]}}