{"id":69755,"date":"2026-03-25T11:50:17","date_gmt":"2026-03-25T10:50:17","guid":{"rendered":"https:\/\/arena-ticket.com\/?p=69755&#038;post_type=product&#038;preview_id=69755"},"modified":"2026-03-25T12:07:58","modified_gmt":"2026-03-25T11:07:58","slug":"sommerphilharmonie-2026-h%c2%b2o-der-klang-des-wassers-chemnitz-theaterplatz-09-07-2026-2000-uhr","status":"publish","type":"product","link":"https:\/\/arena-ticket.com\/en\/product\/sommerphilharmonie-2026-h%c2%b2o-der-klang-des-wassers-chemnitz-theaterplatz-09-07-2026-2000-uhr\/","title":{"rendered":"Sommerphilharmonie 2026  - H\u00b2O der Klang des Wassers"},"content":{"rendered":"<p>H\u00b2O der Klang des Wassers<br \/>\nEurop\u00e4ische Sommerphilharmonnie und -chor 2026<br \/>\nBed\u0159ich Smetana \u2013 Die Moldau<br \/>\nClaude Debussy \u2013 La Mer<br \/>\nRalph Vaughan Williams \u2013 A Sea Symphony<br \/>\nGeorg Streuber \u2013 Bariton<br \/>\nChor und Orchester der Europ\u00e4ischen Sommerphilharmonie 2026<br \/>\nDavid Timm \u2013 Dirigent<\/p>\n<p>&nbsp;<\/p>\n<p>Die Europ\u00e4ische Sommerphilharmonie und -Chor (#SoPhi26) widmet sich dem Klang des Wassers:<br \/>\nDas Fallen des Tropfens, Sprudeln einer Quelle, Pl\u00e4tschern eines Baches, Prasseln des Regens, Rauschen der Wellen, dem Tosen des Sturms\u2026 da steckt Musik drin!<\/p>\n<p>&nbsp;<\/p>\n<p>Neben den symphonischen Dichtungen \u201eDie Moldau\u201c von Bedrich Smetana und\u00a0\u201eLa Mer\u201c von Claude Debussy erklingt die monumentale \u201eA Sea Symphony\u201c<\/p>\n<p>des britischen Komponisten Ralph Vaughan Williams, in welcher dem Orchester gleichberechtigt Solisten und Chor gegen\u00fcbertreten.<\/p>\n<p>&nbsp;<\/p>\n<p><em>Erm\u00e4\u00dfigt: f\u00fcr Inhaber der Freie Presse-Karte, Mitglieder der S\u00e4chsischen Mozartgesellschaft e. V., Sch\u00fcler\/ Studenten,\u00a0Inhaber des Chemnitz Passes, der enviaM-Card sowie Schwerbesch\u00e4digte und deren Begleiter (bei Merkzeichen B\/BI)\u00a0gegen Vorlage des entsprechenden Nachweises<\/em>.<\/p>","protected":false},"excerpt":{"rendered":"<p>Das Fallen des Tropfens, Sprudeln einer Quelle, Pl\u00e4tschern eines Baches, Prasseln des Regens, Rauschen der Wellen, dem Tosen des Sturms\u2026 da steckt Musik drin! Sichern Sie sich Ihre Tickets f\u00fcr dieses Event!<\/p>","protected":false},"featured_media":69760,"template":"","meta":{"_acf_changed":false,"inline_featured_image":false},"product_brand":[],"product_cat":[103,31,6741,69,35,4783,21,58],"product_tag":[992,941,7279,2504,942,944,7278,4784,947,948],"class_list":{"0":"post-69755","1":"product","2":"type-product","3":"status-publish","4":"has-post-thumbnail","6":"product_cat-chemnitz","7":"product_cat-events","8":"product_cat-klassik","9":"product_cat-konzert","10":"product_cat-orte","11":"product_cat-theaterplatz-chemnitz","12":"product_cat-ticket","13":"product_cat-veranstaltung","14":"product_tag-chemnitz","15":"product_tag-events","16":"product_tag-ho-der-klang-des-wassers","17":"product_tag-klassik","18":"product_tag-konzert","19":"product_tag-orte","20":"product_tag-sommerphilharmonie-2026","21":"product_tag-theaterplatz-chemnitz","22":"product_tag-ticket","23":"product_tag-veranstaltung","24":"product_shipping_class-nur_paketversand","25":"pa_discount-ermaessigt","26":"pa_discount-normalpreis","27":"pa_preiskategorie-pk-i","28":"pa_preiskategorie-pk-ii","30":"first","31":"instock","32":"taxable","33":"shipping-taxable","34":"purchasable","35":"product-type-variable"},"group_of_quantity":0,"min_quantity":0,"max_quantity":"","exclude_order_quantity_value_rules":"no","exclude_category_quantity_rules":"no","combine_variations":"no","acf":[],"_links":{"self":[{"href":"https:\/\/arena-ticket.com\/en\/wp-json\/wp\/v2\/product\/69755","targetHints":{"allow":["GET"]}}],"collection":[{"href":"https:\/\/arena-ticket.com\/en\/wp-json\/wp\/v2\/product"}],"about":[{"href":"https:\/\/arena-ticket.com\/en\/wp-json\/wp\/v2\/types\/product"}],"wp:featuredmedia":[{"embeddable":true,"href":"https:\/\/arena-ticket.com\/en\/wp-json\/wp\/v2\/media\/69760"}],"wp:attachment":[{"href":"https:\/\/arena-ticket.com\/en\/wp-json\/wp\/v2\/media?parent=69755"}],"wp:term":[{"taxonomy":"product_brand","embeddable":true,"href":"https:\/\/arena-ticket.com\/en\/wp-json\/wp\/v2\/product_brand?post=69755"},{"taxonomy":"product_cat","embeddable":true,"href":"https:\/\/arena-ticket.com\/en\/wp-json\/wp\/v2\/product_cat?post=69755"},{"taxonomy":"product_tag","embeddable":true,"href":"https:\/\/arena-ticket.com\/en\/wp-json\/wp\/v2\/product_tag?post=69755"}],"curies":[{"name":"wp","href":"https:\/\/api.w.org\/{rel}","templated":true}]}}