{"id":69773,"date":"2026-03-25T12:35:39","date_gmt":"2026-03-25T11:35:39","guid":{"rendered":"https:\/\/arena-ticket.com\/?p=69773&#038;post_type=product&#038;preview_id=69773"},"modified":"2026-03-25T12:50:37","modified_gmt":"2026-03-25T11:50:37","slug":"carl-carlton-melanie-wiegmann-and-the-great-band-miles-of-time-tour-dresden-jazzclub-tonne-20-10-2026-2000-uhr","status":"publish","type":"product","link":"https:\/\/arena-ticket.com\/en\/product\/carl-carlton-melanie-wiegmann-and-the-great-band-miles-of-time-tour-dresden-jazzclub-tonne-20-10-2026-2000-uhr\/","title":{"rendered":"Carl Carlton & Melanie Wiegmann and The Great Band  - Miles Of Time Tour"},"content":{"rendered":"<p>&nbsp;<\/p>\n<div class=\"col-md-6\" data-v-0d4c50a8=\"\">\n<div data-v-0d4c50a8=\"\">\n<p data-start=\"183\" data-end=\"551\">Mit ihrem neuen Album \u201eMiles Of Time\u201c schlagen Carl Carlton &amp; Melanie Wiegmann ein weiteres gemeinsames Kapitel auf \u2013 intensiv, facettenreich und voller musikalischer Tiefe. Nach dem erfolgreichen Deb\u00fct \u201eGlory Of Love\u201c setzen die beiden ihre au\u00dfergew\u00f6hnliche Zusammenarbeit fort und gehen 2026 mit dem neuen Werk auf Tour.<\/p>\n<p data-start=\"553\" data-end=\"1012\">Zwischen Rhythm &amp; Blues, Americana und Soul interpretieren sie vergessene Songjuwelen ebenso eindrucksvoll wie eigene Kompositionen. Im Zentrum steht die besondere k\u00fcnstlerische Verbindung: Carl Carltons virtuoses Gitarrenspiel und seine markante Stimme treffen auf den gef\u00fchlvollen, authentischen Gesang von Melanie Wiegmann \u2013 eine Kombination, die sowohl im Studio als auch live eine besondere Intensit\u00e4t entfaltet.<\/p>\n<p data-start=\"1014\" data-end=\"1275\">Begleitet von einer hochkar\u00e4tigen Band entsteht ein Sound, der kraftvoll, warm und zugleich fein nuanciert ist. Die Konzerte der \u201eMiles Of Time\u201c-Tour sind mehr als klassische Live-Shows \u2013 sie sind musikalische Reisen durch Zeit, Emotion und Genregrenzen hinweg.<\/p>\n<p data-start=\"1277\" data-end=\"1365\" data-is-last-node=\"\" data-is-only-node=\"\">Ein Abend f\u00fcr alle, die handgemachte Musik, gro\u00dfe Stimmen und echte Atmosph\u00e4re sch\u00e4tzen.<\/p>\n<\/div>\n<\/div>\n<div class=\"col-md-6\" data-v-0d4c50a8=\"\">\n<div class=\"event-image showimg\" data-v-0d4c50a8=\"\"><\/div>\n<\/div>","protected":false},"excerpt":{"rendered":"<p>Ein Abend f\u00fcr alle, die handgemachte Musik, gro\u00dfe Stimmen und echte Atmosph\u00e4re sch\u00e4tzen. Jetzt Tickets sichern!<\/p>","protected":false},"featured_media":69775,"template":"","meta":{"_acf_changed":false,"inline_featured_image":false},"product_brand":[],"product_cat":[87,31,7280,69,35,21,58],"product_tag":[7283,940,941,7285,942,7284,944,947,948],"class_list":{"0":"post-69773","1":"product","2":"type-product","3":"status-publish","4":"has-post-thumbnail","6":"product_cat-dresden","7":"product_cat-events","8":"product_cat-jazzclub-tonne","9":"product_cat-konzert","10":"product_cat-orte","11":"product_cat-ticket","12":"product_cat-veranstaltung","13":"product_tag-carl-carlton-melanie-wiegmann-and-the-great-band","14":"product_tag-dresden","15":"product_tag-events","16":"product_tag-jazzclub-tonne","17":"product_tag-konzert","18":"product_tag-miles-of-time-tour","19":"product_tag-orte","20":"product_tag-ticket","21":"product_tag-veranstaltung","22":"product_shipping_class-nur_paketversand","23":"pa_discount-normalpreis","24":"pa_preiskategorie-freie-platzwahl","26":"first","27":"instock","28":"taxable","29":"shipping-taxable","30":"purchasable","31":"product-type-variable","32":"has-default-attributes"},"group_of_quantity":0,"min_quantity":0,"max_quantity":"","exclude_order_quantity_value_rules":"no","exclude_category_quantity_rules":"no","combine_variations":"no","acf":[],"_links":{"self":[{"href":"https:\/\/arena-ticket.com\/en\/wp-json\/wp\/v2\/product\/69773","targetHints":{"allow":["GET"]}}],"collection":[{"href":"https:\/\/arena-ticket.com\/en\/wp-json\/wp\/v2\/product"}],"about":[{"href":"https:\/\/arena-ticket.com\/en\/wp-json\/wp\/v2\/types\/product"}],"wp:featuredmedia":[{"embeddable":true,"href":"https:\/\/arena-ticket.com\/en\/wp-json\/wp\/v2\/media\/69775"}],"wp:attachment":[{"href":"https:\/\/arena-ticket.com\/en\/wp-json\/wp\/v2\/media?parent=69773"}],"wp:term":[{"taxonomy":"product_brand","embeddable":true,"href":"https:\/\/arena-ticket.com\/en\/wp-json\/wp\/v2\/product_brand?post=69773"},{"taxonomy":"product_cat","embeddable":true,"href":"https:\/\/arena-ticket.com\/en\/wp-json\/wp\/v2\/product_cat?post=69773"},{"taxonomy":"product_tag","embeddable":true,"href":"https:\/\/arena-ticket.com\/en\/wp-json\/wp\/v2\/product_tag?post=69773"}],"curies":[{"name":"wp","href":"https:\/\/api.w.org\/{rel}","templated":true}]}}