{"id":69804,"date":"2026-03-25T14:54:48","date_gmt":"2026-03-25T13:54:48","guid":{"rendered":"https:\/\/arena-ticket.com\/?p=69804&#038;post_type=product&#038;preview_id=69804"},"modified":"2026-03-25T14:58:56","modified_gmt":"2026-03-25T13:58:56","slug":"anna-grey-ohne-moral-tour-2027-leipzig-werk-2-11-03-2027-2000-uhr","status":"publish","type":"product","link":"https:\/\/arena-ticket.com\/en\/product\/anna-grey-ohne-moral-tour-2027-leipzig-werk-2-11-03-2027-2000-uhr\/","title":{"rendered":"ANNA GREY  - Ohne Moral Tour 2027"},"content":{"rendered":"<p data-start=\"229\" data-end=\"380\">Anna Grey ist die Stimme einer Generation, die zwischen emotionaler Tiefe und kompromissloser Power zerrissen ist \u2013 und genau darin ihre St\u00e4rke findet.<\/p>\n<p data-start=\"382\" data-end=\"485\">Ihre Musik vereint verletzliche Ehrlichkeit mit einer modernen, urbanen H\u00e4rte, die unter die Haut geht.<\/p>\n<p data-start=\"487\" data-end=\"896\">Geboren in einem kleinen Ort bei Hamburg, zog es sie fr\u00fch hinaus in die Welt. Mit 19 Jahren stand sie allein in Nashville auf den ersten B\u00fchnen, spielte ihre eigenen Songs und fand dort die Co Writer und Produzenten, die ihre Vision erkannten. Sp\u00e4ter arbeitete sie in Stockholm und Berlin weiter an einem Sound, der heute unverwechselbar ist: d\u00fcster, kraftvoll, emotional aufgeladen und immer radikal ehrlich.<\/p>\n<p data-start=\"898\" data-end=\"1104\">Parallel zu ihrem musikalischen Weg begann Anna offen \u00fcber mentale Gesundheit zu sprechen \u2013 nicht als Schw\u00e4che, sondern als Haltung. Damit formte sie eine Community, die ihre Worte tr\u00e4gt und zur\u00fcckspiegelt.<\/p>\n<p data-start=\"1106\" data-end=\"1363\">Nach ihren ersten Releases stand 2023 als Opening Act auf Leony\u2019s Deutschlandtour. 2024 er\u00f6ffnete sie zum ersten Mal die Arena-Tour von Kontra K und ver\u00f6ffentlichte kurz darauf ihre erste deutsche EP Tr\u00e4ume, die ihre erste eigene Tour komplett ausverkaufte.<\/p>\n<p data-start=\"1365\" data-end=\"1565\">2025 zeigte Anna eine neue Seite: selbstbewusster, energetischer, dunkler. Auf ihrer ersten Clubtour im M\u00e4rz verwandelte sie Venues wie das Lido Berlin in explosive R\u00e4ume voller Emotion und Adrenalin.<\/p>\n<p data-start=\"1567\" data-end=\"1749\">Ihre Songs sind l\u00e4ngst mehr als Pop \u2013 sie sind Statements. Zwischen zerbrechlichen Zeilen und brachialen Hooks erz\u00e4hlt Anna Grey vom Freiwerden, vom Scheitern, vom Wiederauferstehen.<\/p>\n<p data-start=\"1751\" data-end=\"1847\">2025 er\u00f6ffnet Anna Grey die Kontra K Arena Tour und spielt im Anschluss ihre eigene Winter-Tour.<\/p>\n<p data-start=\"1849\" data-end=\"1984\">2026 geht sie erneut auf Tour \u2013 gr\u00f6\u00dfer, lauter, kompromissloser. Anna Grey ist nicht nur bereit f\u00fcr die n\u00e4chste \u00c4ra. Sie gestaltet sie.<\/p>","protected":false},"excerpt":{"rendered":"<p>Get your tickets now!<\/p>","protected":false},"featured_media":69807,"template":"","meta":{"_acf_changed":false,"inline_featured_image":false},"product_brand":[],"product_cat":[31,69,86,35,6749,21,58,513],"product_tag":[5123,7241,941,942,943,7242,7291,944,6779,947,948,972],"class_list":{"0":"post-69804","1":"product","2":"type-product","3":"status-publish","4":"has-post-thumbnail","6":"product_cat-events","7":"product_cat-konzert","8":"product_cat-leipzig","9":"product_cat-orte","10":"product_cat-sonstiges_konzert","11":"product_cat-ticket","12":"product_cat-veranstaltung","13":"product_cat-werk-zwei","14":"product_tag-anna-grey","15":"product_tag-bluthund","16":"product_tag-events","17":"product_tag-konzert","18":"product_tag-leipzig","19":"product_tag-modus-moshpit-tour-2026","20":"product_tag-ohne-moral-tour-2027","21":"product_tag-orte","22":"product_tag-sonstiges","23":"product_tag-ticket","24":"product_tag-veranstaltung","25":"product_tag-werk-2","26":"product_shipping_class-nur_paketversand","27":"pa_discount-ermaessigt","28":"pa_discount-normalpreis","29":"pa_preiskategorie-freie-platzwahl","30":"pa_preiskategorie-stehplatz","32":"first","33":"instock","34":"taxable","35":"shipping-taxable","36":"purchasable","37":"product-type-variable"},"group_of_quantity":0,"min_quantity":0,"max_quantity":"","exclude_order_quantity_value_rules":"no","exclude_category_quantity_rules":"no","combine_variations":"no","acf":[],"_links":{"self":[{"href":"https:\/\/arena-ticket.com\/en\/wp-json\/wp\/v2\/product\/69804","targetHints":{"allow":["GET"]}}],"collection":[{"href":"https:\/\/arena-ticket.com\/en\/wp-json\/wp\/v2\/product"}],"about":[{"href":"https:\/\/arena-ticket.com\/en\/wp-json\/wp\/v2\/types\/product"}],"wp:featuredmedia":[{"embeddable":true,"href":"https:\/\/arena-ticket.com\/en\/wp-json\/wp\/v2\/media\/69807"}],"wp:attachment":[{"href":"https:\/\/arena-ticket.com\/en\/wp-json\/wp\/v2\/media?parent=69804"}],"wp:term":[{"taxonomy":"product_brand","embeddable":true,"href":"https:\/\/arena-ticket.com\/en\/wp-json\/wp\/v2\/product_brand?post=69804"},{"taxonomy":"product_cat","embeddable":true,"href":"https:\/\/arena-ticket.com\/en\/wp-json\/wp\/v2\/product_cat?post=69804"},{"taxonomy":"product_tag","embeddable":true,"href":"https:\/\/arena-ticket.com\/en\/wp-json\/wp\/v2\/product_tag?post=69804"}],"curies":[{"name":"wp","href":"https:\/\/api.w.org\/{rel}","templated":true}]}}