{"id":69812,"date":"2026-03-25T15:02:32","date_gmt":"2026-03-25T14:02:32","guid":{"rendered":"https:\/\/arena-ticket.com\/?p=69812&#038;post_type=product&#038;preview_id=69812"},"modified":"2026-03-25T15:47:53","modified_gmt":"2026-03-25T14:47:53","slug":"legenden-katrin-hart-und-gisela-oechelhaeuser-leipziger-pfeffermuehle-kabarett-leipzig-25-10-2026-1500-uhr","status":"publish","type":"product","link":"https:\/\/arena-ticket.com\/en\/product\/legenden-katrin-hart-und-gisela-oechelhaeuser-leipziger-pfeffermuehle-kabarett-leipzig-25-10-2026-1500-uhr\/","title":{"rendered":"Lachmesse - Legenden:  - Katrin Hart und Gisela Oechelhaeuser"},"content":{"rendered":"<p>&nbsp;<\/p>\n<p>Freuen Sie sich auf pers\u00f6nliche Anekdoten, feinsinnigen Humor und lebendige Erinnerungen an pr\u00e4gende Jahre der Kabarettgeschichte. Ein einmaliger Abend voller Charme, Haltung und Leipziger Geist \u2013\u00a0nostalgisch, klug undherzhaft komisch.<\/p>\n<p>Katrin Hart: Nach einer Ausbildung zur Filmkopierfacharbeiterin in Berlin studierte sie Kultur- und Theaterwissenschaft in Leipzig. Seit 1969 war sie festes Ensemblemitglied des Kabaretts\u00a0academixer\u00a0und stand \u00fcber Jahrzehnte f\u00fcr kluges, gesellschaftskritisches und zugleich warmherziges Kabarett. Gemeinsam mit ihrem Mann und Mitbegr\u00fcnder der academixer, J\u00fcrgen Hart, trat sie viele Jahre auch in erfolgreichen Soloprogrammen auf. Neben der B\u00fchne engagierte sie sich als Lektorin, Redakteurin und kulturpolitisch aktive B\u00fcrgerin. Seit 2025 hat sie sich weitgehend vom Kabarett verabschiedet und ist heute vor allem in ausgew\u00e4hlten Lesungen zu erleben.<\/p>\n<p>Gisela Oechelh\u00e4user: Gisela Oechlehaueser ist eine der bekanntesten Kabarettistinnen Deutschlands und eine Ikone des politischen Kabaretts der DDR und der Nachwendezeit. W\u00e4hrend ihres Studiums spielte sie Studententheater und wurde 1975 Mitglied des Studentenkabaretts\u00a0<em>academixer<\/em>. Sp\u00e4ter war sie Dozentin f\u00fcr Schauspielkunst, Kabarettistin und ab September 1984 Vizepr\u00e4sidentin des neukonstituierten Komitees f\u00fcr Unterhaltungskunst der DDR. Sie war seit 1989 als Kabarettistin in der\u00a0<em>Distel<\/em>\u00a0t\u00e4tig und leitete diese nach dem Zusammenbruch der DDR 1990.\u00a0 Au\u00dferdem moderierte sie beim ORF. Auch nach ihrem Abschied von der aktiven Ensemblearbeit blieb sie dem Kabarett als Autorin, Solok\u00fcnstlerin und streitbare Stimme des \u00f6ffentlichen Diskurses eng verbunden.<\/p>","protected":false},"excerpt":{"rendered":"<p>Im Rahmen des Lachmesse Festival l\u00e4dt die Leipziger Pfefferm\u00fchle zum\u00a0<strong>Legenden-Talk<\/strong>\u00a0ein.<br \/>\nKatrin Hart und Gisela Oechelh\u00e4user blicken gemeinsam mit Moderatorin Ilka Hein auf ihre bewegte Zeit im Leipziger Kabarett zur\u00fcck.<\/p>","protected":false},"featured_media":69814,"template":"","meta":{"_acf_changed":false,"inline_featured_image":false},"product_brand":[],"product_cat":[31,95,6726,477,922,86,35,21,58],"product_tag":[941,6774,960,5916,7295,951,7294,7293,943,5914,6773,944,5915,947,948],"class_list":{"0":"post-69812","1":"product","2":"type-product","3":"status-publish","4":"has-post-thumbnail","6":"product_cat-events","7":"product_cat-humor","8":"product_cat-kabarett","9":"product_cat-kabarett-leipziger-pfeffermuehle","10":"product_cat-kultur","11":"product_cat-leipzig","12":"product_cat-orte","13":"product_cat-ticket","14":"product_cat-veranstaltung","15":"product_tag-events","16":"product_tag-humor","17":"product_tag-kabarett","18":"product_tag-kabarett-leipziger-pfeffermuehle","19":"product_tag-katrin-hart-und-gisela-oechelhaeuser","20":"product_tag-kultur","21":"product_tag-lachmesse-legenden","22":"product_tag-legenden-katrin-hart-und-gisela-oechelhaeuser","23":"product_tag-leipzig","24":"product_tag-leipziger-pfeffermuehle","25":"product_tag-musical-show","26":"product_tag-orte","27":"product_tag-pfeffermuehle","28":"product_tag-ticket","29":"product_tag-veranstaltung","30":"product_shipping_class-nur_paketversand","31":"pa_discount-normalpreis","32":"pa_preiskategorie-pk-i","34":"first","35":"instock","36":"taxable","37":"shipping-taxable","38":"purchasable","39":"product-type-variable"},"group_of_quantity":0,"min_quantity":0,"max_quantity":"","exclude_order_quantity_value_rules":"no","exclude_category_quantity_rules":"no","combine_variations":"no","acf":[],"_links":{"self":[{"href":"https:\/\/arena-ticket.com\/en\/wp-json\/wp\/v2\/product\/69812","targetHints":{"allow":["GET"]}}],"collection":[{"href":"https:\/\/arena-ticket.com\/en\/wp-json\/wp\/v2\/product"}],"about":[{"href":"https:\/\/arena-ticket.com\/en\/wp-json\/wp\/v2\/types\/product"}],"wp:featuredmedia":[{"embeddable":true,"href":"https:\/\/arena-ticket.com\/en\/wp-json\/wp\/v2\/media\/69814"}],"wp:attachment":[{"href":"https:\/\/arena-ticket.com\/en\/wp-json\/wp\/v2\/media?parent=69812"}],"wp:term":[{"taxonomy":"product_brand","embeddable":true,"href":"https:\/\/arena-ticket.com\/en\/wp-json\/wp\/v2\/product_brand?post=69812"},{"taxonomy":"product_cat","embeddable":true,"href":"https:\/\/arena-ticket.com\/en\/wp-json\/wp\/v2\/product_cat?post=69812"},{"taxonomy":"product_tag","embeddable":true,"href":"https:\/\/arena-ticket.com\/en\/wp-json\/wp\/v2\/product_tag?post=69812"}],"curies":[{"name":"wp","href":"https:\/\/api.w.org\/{rel}","templated":true}]}}