{"id":69820,"date":"2026-03-25T15:25:10","date_gmt":"2026-03-25T14:25:10","guid":{"rendered":"https:\/\/arena-ticket.com\/?p=69820&#038;post_type=product&#038;preview_id=69820"},"modified":"2026-03-28T10:22:49","modified_gmt":"2026-03-28T09:22:49","slug":"loriot-spezial-das-ei-haengt-schief-leipziger-pfeffermuehle-kabarett-leipzig-30-05-2026-2000-uhr","status":"publish","type":"product","link":"https:\/\/arena-ticket.com\/en\/product\/loriot-spezial-das-ei-haengt-schief-leipziger-pfeffermuehle-kabarett-leipzig-30-05-2026-2000-uhr\/","title":{"rendered":"Loriot Spezial  - \u201eDAS EI H\u00c4NGT SCHIEF!\u201c"},"content":{"rendered":"<p>&nbsp;<\/p>\n<div class=\"text-content\">\n<p class=\"text-content\">Loriot Spezial\u00a0\u201eDAS EI H\u00c4NGT SCHIEF!\u201c<\/p>\n<\/div>\n<p>\u2013 aber mit Sicherheit nicht Ihre Mundwinkel, liebes Publikum!<br \/>\n10 Jahre lang erlebten die Texte von Loriot in der Leipziger Pfefferm\u00fchle erfolgreiche Heimspiele.<br \/>\nGrund genug, die besten Tore noch einmal Revue passieren zu lassen und sie mit weiteren erprobten Treffern Vicco von B\u00fclows zu kombinieren.<\/p>\n<p>Thorsten Wolf als Coach mit jahrelanger Spielerfahrung betritt den Platz und pr\u00e4sentiert mit seiner Aufstellung ein starkes Team.<\/p>\n<p>Dreierkette:\u00a0Sabine K\u00fchne-Londa,\u00a0Sven Reese\u00a0und als Libero \u2013\u00a0Ben Turecek.<\/p>\n<p>F\u00fcr den richtigen Ton sorgen das Mittelfeld-Duo\u00a0Hartmut<br \/>\nSchwarze\u00a0\u2013 Klavier und\u00a0Erik Heimansberg\u00a0\u2013 Schlagzeug und Saxofon.<\/p>\n<p>F\u00fcr die Stadionbeleuchtung zeichnet verantwortlich\u00a0Tony Sch\u00f6nberg.<\/p>\n<p>Beste Voraussetzungen also f\u00fcr neue Pfefferm\u00fchlen-Steilp\u00e4sse, die den Fans eine spannende Begegnung mit der Champions League des Humors sichern!<\/p>\n<p>Lachen Sie \u00fcber Loriots Lottogewinner, das Ei, Herren im Bad und viele seiner Erfolgsst\u00fccke \u2013 ein Abend zum Gackern, zum Kringeln, zum Jodeln mit Diplom.<\/p>\n<p>Kommen Sie zum Spielfeldrand und am\u00fcsieren Sie sich \u00fcber Fehlp\u00e4sse, Selbsttore, Fauls und \u00fcber die im Abseits<br \/>\nStehengebliebenen \u2013 \u00fcber Situationen, die an jeder Ecke unseren Alltag bestimmen.<\/p>\n<p>Unser Strafraum hei\u00dft Komik und auf dem Elfmeterpunkt liegen die\u00a0\u201ePointen\u201c\u2013 soll hei\u00dfen: Jeder Schuss ein Treffer!<br \/>\nDas\u00a0\u201eEi\u201c\u00a0fliegt ins Netz und dort h\u00e4ngt es schief.<\/p>\n<p>Darstellerinnen: Sabine K\u00fchne-Londa, Sven Reese &amp; Ben Turecek<\/p>\n<p>Musiker: Hartmut Schwarze (Klavier) &amp; Erik Heimansberg (Schlagzeug und Saxophon)<\/p>\n<p>Regie: Thorsten Wolf<\/p>","protected":false},"excerpt":{"rendered":"<p>Get your ticket now!<\/p>","protected":false},"featured_media":69823,"template":"","meta":{"_acf_changed":false,"inline_featured_image":false},"product_brand":[],"product_cat":[31,95,6726,477,922,86,35,21,58],"product_tag":[7297,941,6774,960,5916,7295,951,7294,943,7296,944,5915,947,948],"class_list":{"0":"post-69820","1":"product","2":"type-product","3":"status-publish","4":"has-post-thumbnail","6":"product_cat-events","7":"product_cat-humor","8":"product_cat-kabarett","9":"product_cat-kabarett-leipziger-pfeffermuehle","10":"product_cat-kultur","11":"product_cat-leipzig","12":"product_cat-orte","13":"product_cat-ticket","14":"product_cat-veranstaltung","15":"product_tag-das-ei-haengt-schief","16":"product_tag-events","17":"product_tag-humor","18":"product_tag-kabarett","19":"product_tag-kabarett-leipziger-pfeffermuehle","20":"product_tag-katrin-hart-und-gisela-oechelhaeuser","21":"product_tag-kultur","22":"product_tag-lachmesse-legenden","23":"product_tag-leipzig","24":"product_tag-loriot-spezial","25":"product_tag-orte","26":"product_tag-pfeffermuehle","27":"product_tag-ticket","28":"product_tag-veranstaltung","29":"product_shipping_class-nur_paketversand","30":"pa_discount-normalpreis","31":"pa_preiskategorie-pk-i","33":"first","34":"instock","35":"taxable","36":"shipping-taxable","37":"purchasable","38":"product-type-variable"},"group_of_quantity":0,"min_quantity":0,"max_quantity":"","exclude_order_quantity_value_rules":"no","exclude_category_quantity_rules":"no","combine_variations":"no","acf":[],"_links":{"self":[{"href":"https:\/\/arena-ticket.com\/en\/wp-json\/wp\/v2\/product\/69820","targetHints":{"allow":["GET"]}}],"collection":[{"href":"https:\/\/arena-ticket.com\/en\/wp-json\/wp\/v2\/product"}],"about":[{"href":"https:\/\/arena-ticket.com\/en\/wp-json\/wp\/v2\/types\/product"}],"wp:featuredmedia":[{"embeddable":true,"href":"https:\/\/arena-ticket.com\/en\/wp-json\/wp\/v2\/media\/69823"}],"wp:attachment":[{"href":"https:\/\/arena-ticket.com\/en\/wp-json\/wp\/v2\/media?parent=69820"}],"wp:term":[{"taxonomy":"product_brand","embeddable":true,"href":"https:\/\/arena-ticket.com\/en\/wp-json\/wp\/v2\/product_brand?post=69820"},{"taxonomy":"product_cat","embeddable":true,"href":"https:\/\/arena-ticket.com\/en\/wp-json\/wp\/v2\/product_cat?post=69820"},{"taxonomy":"product_tag","embeddable":true,"href":"https:\/\/arena-ticket.com\/en\/wp-json\/wp\/v2\/product_tag?post=69820"}],"curies":[{"name":"wp","href":"https:\/\/api.w.org\/{rel}","templated":true}]}}