{"id":69825,"date":"2026-03-25T15:33:09","date_gmt":"2026-03-25T14:33:09","guid":{"rendered":"https:\/\/arena-ticket.com\/?p=69825&#038;post_type=product&#038;preview_id=69825"},"modified":"2026-03-25T15:45:11","modified_gmt":"2026-03-25T14:45:11","slug":"urlaub-vom-gehirn-leipziger-pfeffermuehle-kabarett-leipzig-02-06-2026-2000-uhr","status":"publish","type":"product","link":"https:\/\/arena-ticket.com\/en\/product\/urlaub-vom-gehirn-leipziger-pfeffermuehle-kabarett-leipzig-02-06-2026-2000-uhr\/","title":{"rendered":"Urlaub vom Gehirn"},"content":{"rendered":"<p>&nbsp;<\/p>\n<div class=\"text-content\"><\/div>\n<div class=\"text-content\">\n<p class=\"text-content\">\u201eUrlaub vom Gehirn\u201c<\/p>\n<p>&nbsp;<\/p>\n<\/div>\n<p>Grunds\u00e4tzlich m\u00fcssen wir davon ausgehen, dass man zum Denken auch ein Gehirn ben\u00f6tigt. Jedenfalls behauptet das die<br \/>\nWissenschaft. Was aber bleibt \u00fcbrig, wenn wir \u201eUrlaub vom Gehirn\u201c machen? Rein physisch gesehen ist Denken ein Prozess der abh\u00e4ngig ist von der Anzahl der Synapsen. Je mehr Windungen das Gehirn hat desto mehr Gehirnoberfl\u00e4che passt in den Sch\u00e4del und<br \/>\numso kl\u00fcger der Mensch.<\/p>\n<p>Wenn sie, liebe Zuschauer, von unserer jungen Viererbande, Mandy Neukirchner, Ada Scholl, Elisabeth Sonntag und Lena Wieprich, aufgefordert werden, Ihr Gehirn wenigstens mal f\u00fcr 2 Stunden zu beurlauben, dann doch nur, damit Sie nach dieser kleinen Auszeitalte Gedanken und Meinungen noch einmal neu betrachten sollen.<br \/>\nUnser \u201cM\u00e4dels Abend\u201d mit Humor, einem Qu\u00e4ntchen Leichtigkeit und viel Verst\u00e4ndnis f\u00fcr den Nachbarn.<br \/>\nLassen Sie sich von den vier Pfefferm\u00fcllerinnen an die Hand nehmen und von allen Blindg\u00e4ngern des Alltags befreien.<br \/>\nVor allem aber, bleiben Sie dabei immer sch\u00f6n entspannt!<\/p>\n<p>Denn wie sagte schon Karl Valentin: Ich freue mich, wenn es regnet.<br \/>\nDenn wenn ich mich nicht freue, regnet es auch.<br \/>\n\u201eUrlaub vom Gehirn\u201c ist ein \u201eNotfallhilfe Programm\u201c f\u00fcr Misanthropen mit wenig Kontakt zur Wirklichkeit \u2013<br \/>\naber auch f\u00fcr Menschen, die sich einfach mal am\u00fcsieren wollen.<\/p>\n<p>Darstellerinnen: Elisabeth Sonntag, Ada Scholl, Lena Wieprich, Mandy Neukirchner<\/p>\n<p>Regie:\u00a0\u00a0\u00a0Rebekka K\u00f6bernick<\/p>","protected":false},"excerpt":{"rendered":"<p>Get your ticket now!<\/p>","protected":false},"featured_media":69828,"template":"","meta":{"_acf_changed":false,"inline_featured_image":false},"product_brand":[],"product_cat":[31,95,6726,477,922,86,35,21,58],"product_tag":[7297,941,6774,960,5916,951,943,7296,944,5915,947,7298,948],"class_list":{"0":"post-69825","1":"product","2":"type-product","3":"status-publish","4":"has-post-thumbnail","6":"product_cat-events","7":"product_cat-humor","8":"product_cat-kabarett","9":"product_cat-kabarett-leipziger-pfeffermuehle","10":"product_cat-kultur","11":"product_cat-leipzig","12":"product_cat-orte","13":"product_cat-ticket","14":"product_cat-veranstaltung","15":"product_tag-das-ei-haengt-schief","16":"product_tag-events","17":"product_tag-humor","18":"product_tag-kabarett","19":"product_tag-kabarett-leipziger-pfeffermuehle","20":"product_tag-kultur","21":"product_tag-leipzig","22":"product_tag-loriot-spezial","23":"product_tag-orte","24":"product_tag-pfeffermuehle","25":"product_tag-ticket","26":"product_tag-urlaub-vom-gehirn","27":"product_tag-veranstaltung","28":"product_shipping_class-nur_paketversand","29":"pa_discount-normalpreis","30":"pa_preiskategorie-pk-i","32":"first","33":"instock","34":"taxable","35":"shipping-taxable","36":"purchasable","37":"product-type-variable"},"group_of_quantity":0,"min_quantity":0,"max_quantity":"","exclude_order_quantity_value_rules":"no","exclude_category_quantity_rules":"no","combine_variations":"no","acf":[],"_links":{"self":[{"href":"https:\/\/arena-ticket.com\/en\/wp-json\/wp\/v2\/product\/69825","targetHints":{"allow":["GET"]}}],"collection":[{"href":"https:\/\/arena-ticket.com\/en\/wp-json\/wp\/v2\/product"}],"about":[{"href":"https:\/\/arena-ticket.com\/en\/wp-json\/wp\/v2\/types\/product"}],"wp:featuredmedia":[{"embeddable":true,"href":"https:\/\/arena-ticket.com\/en\/wp-json\/wp\/v2\/media\/69828"}],"wp:attachment":[{"href":"https:\/\/arena-ticket.com\/en\/wp-json\/wp\/v2\/media?parent=69825"}],"wp:term":[{"taxonomy":"product_brand","embeddable":true,"href":"https:\/\/arena-ticket.com\/en\/wp-json\/wp\/v2\/product_brand?post=69825"},{"taxonomy":"product_cat","embeddable":true,"href":"https:\/\/arena-ticket.com\/en\/wp-json\/wp\/v2\/product_cat?post=69825"},{"taxonomy":"product_tag","embeddable":true,"href":"https:\/\/arena-ticket.com\/en\/wp-json\/wp\/v2\/product_tag?post=69825"}],"curies":[{"name":"wp","href":"https:\/\/api.w.org\/{rel}","templated":true}]}}