{"id":69861,"date":"2026-03-26T11:37:56","date_gmt":"2026-03-26T10:37:56","guid":{"rendered":"https:\/\/arena-ticket.com\/?p=69861&#038;post_type=product&#038;preview_id=69861"},"modified":"2026-03-26T11:47:07","modified_gmt":"2026-03-26T10:47:07","slug":"museumsnacht-in-halle-saale-und-leipzig-am-09-mai-2026","status":"publish","type":"product","link":"https:\/\/arena-ticket.com\/en\/product\/museumsnacht-in-halle-saale-und-leipzig-am-09-mai-2026\/","title":{"rendered":"Museumsnacht in Halle (Saale) und Leipzig  - 09. Mai 2026"},"content":{"rendered":"<p>Unter dem diesj\u00e4hrigen Motto \u201eNachtgestalten\u201c laden 90 Museen, Galerien und Sammlungen am 9. Mai von 18:00 bis 24:00 Uhr zu einer kulturellen Erkundungsreise ein. Sie erwarten<br \/>\n\u00fcber 500 spannende Programmpunkte \u2013 von interaktiven F\u00fchrungen und Mitmachaktionen bis hin zu Filmvorf\u00fchrungen, Konzerten und Performances.<\/p>\n<p>Kultur erleben \u2013 so vielf\u00e4ltig wie nie<\/p>\n<p>Im Angesicht der Nacht k\u00f6nnen Sie Museen mit ganz neuem Blick erkunden! Vom Blick hinter die Kulissen der neuen Dauerausstellung im Salinemuseum Halle \u00fcber den<br \/>\nfarnesischen Stier, der in der Gipsabguss-Sammlung der Universit\u00e4t Leipzig bestaunt werden kann und kreativem Ausprobieren im Deutschen Buch- und Schriftmuseum bis hin<br \/>\nzur Tour de Mus\u00e9e mit Fahrr\u00e4dern in Halle (Saale), wird die Nacht f\u00fcr Sie lebendig. Wer Lust hat kann aber auch an einer Live-Publikation in der Burg Galerie im Volkspark oder einer<br \/>\nTanzstunde im Mendelssohn-Haus teilnehmen!<\/p>\n<p>Auch neue Highlights warten auf einen Besuch: In diesem Jahr \u00f6ffnen das erste Mal in Leipzig die Kunsthalle a&amp;o, der Kunstverein 47m Contemporary, das Bibliotop der Universit\u00e4t<br \/>\nLeipzig sowie die Riebeckstra\u00dfe 63 ihre T\u00fcren f\u00fcr Sie zur Museumsnacht.<\/p>\n<p>Familienfreundlich &amp; barrierefrei<\/p>\n<p>Ob gro\u00df oder klein \u2013 bei der Museumsnacht gibt es f\u00fcr alle etwas zu entdecken. \u00dcber 130 Programmpunkte richten sich speziell an Familien mit Kindern. W\u00e4hrend die Kleinsten im<br \/>\nNaturkundemuseum Leipzig Dinosaurier erforschen oder im Kleing\u00e4rtnermuseum Gartenzwerge gestalten, k\u00f6nnen Musikbegeisterte im Christian-Wolff-Haus Halle in einer<br \/>\nJamsession Instrumente ausprobieren.<\/p>\n<p>Ein besonderes Anliegen der Museumsnacht ist die Teilhabe und Inklusion. Viele Museen bieten Geb\u00e4rdensprachdolmetscher, Audiodeskriptionen und Tastangebote an. Zudem sind<br \/>\ndie meisten Veranstaltungen rollstuhlgerecht zug\u00e4nglich.<\/p>\n<p>Ein Ticket, unz\u00e4hlige M\u00f6glichkeiten<\/p>\n<p>Mit nur einem Ticket k\u00f6nnen Sie an allen Veranstaltungen teilnehmen \u2013 und entspannt von Ort zu Ort reisen! Das Ticket gilt am Veranstaltungstag ab 16:00 Uhr bis 03:00 Uhr des<br \/>\nFolgetages als Fahrschein f\u00fcr den \u00f6ffentlichen Nahverkehr und f\u00fcr den S-Bahn-Verkehr zwischen Halle und Leipzig. Zudem stehen kostenfreie Sonderlinien bereit, die euch direkt zu<br \/>\nden spannendsten Locations bringen.<\/p>\n<p>Erleben Sie eine Nacht voller Kunst, Kultur und \u00dcberraschungen.<\/p>\n<p>Weitere Informationen unter www.museumsnacht-halle-leipzig.de.<\/p>","protected":false},"excerpt":{"rendered":"<p>Museumsnacht Halle &amp; Leipzig am 9. Mai 2026: \u201eNachtgestalten\u201c wandeln durch Kunst und Kultur - jetzt Tickets sichern!<\/p>","protected":false},"featured_media":69866,"template":"","meta":{"_acf_changed":false,"inline_featured_image":false},"product_brand":[],"product_cat":[31,6765,102,922,86,35,21,15,58],"product_tag":[7299,941,7146,999,951,943,4554,944,947,976,948],"class_list":{"0":"post-69861","1":"product","2":"type-product","3":"status-publish","4":"has-post-thumbnail","6":"product_cat-events","7":"product_cat-fuehrung","8":"product_cat-halle","9":"product_cat-kultur","10":"product_cat-leipzig","11":"product_cat-orte","12":"product_cat-ticket","13":"product_cat-unkategorisiert","14":"product_cat-veranstaltung","15":"product_tag-09-mai-2026","16":"product_tag-events","17":"product_tag-fuehrung","18":"product_tag-halle","19":"product_tag-kultur","20":"product_tag-leipzig","21":"product_tag-museumsnacht-in-halle-saale-und-leipzig","22":"product_tag-orte","23":"product_tag-ticket","24":"product_tag-unkategorisiert","25":"product_tag-veranstaltung","26":"product_shipping_class-nur_paketversand","27":"pa_discount-ermaessigt","28":"pa_discount-jugendliche","29":"pa_discount-kind","30":"pa_discount-leipzig-pass-inhaber","31":"pa_discount-normalpreis","32":"pa_preiskategorie-tagesticket","34":"first","35":"instock","36":"taxable","37":"shipping-taxable","38":"purchasable","39":"product-type-variable"},"group_of_quantity":0,"min_quantity":0,"max_quantity":"","exclude_order_quantity_value_rules":"no","exclude_category_quantity_rules":"no","combine_variations":"no","acf":[],"_links":{"self":[{"href":"https:\/\/arena-ticket.com\/en\/wp-json\/wp\/v2\/product\/69861","targetHints":{"allow":["GET"]}}],"collection":[{"href":"https:\/\/arena-ticket.com\/en\/wp-json\/wp\/v2\/product"}],"about":[{"href":"https:\/\/arena-ticket.com\/en\/wp-json\/wp\/v2\/types\/product"}],"wp:featuredmedia":[{"embeddable":true,"href":"https:\/\/arena-ticket.com\/en\/wp-json\/wp\/v2\/media\/69866"}],"wp:attachment":[{"href":"https:\/\/arena-ticket.com\/en\/wp-json\/wp\/v2\/media?parent=69861"}],"wp:term":[{"taxonomy":"product_brand","embeddable":true,"href":"https:\/\/arena-ticket.com\/en\/wp-json\/wp\/v2\/product_brand?post=69861"},{"taxonomy":"product_cat","embeddable":true,"href":"https:\/\/arena-ticket.com\/en\/wp-json\/wp\/v2\/product_cat?post=69861"},{"taxonomy":"product_tag","embeddable":true,"href":"https:\/\/arena-ticket.com\/en\/wp-json\/wp\/v2\/product_tag?post=69861"}],"curies":[{"name":"wp","href":"https:\/\/api.w.org\/{rel}","templated":true}]}}