{"id":69872,"date":"2026-03-26T12:11:34","date_gmt":"2026-03-26T11:11:34","guid":{"rendered":"https:\/\/arena-ticket.com\/?p=69872&#038;post_type=product&#038;preview_id=69872"},"modified":"2026-04-08T09:35:56","modified_gmt":"2026-04-08T07:35:56","slug":"takida-section-7-tour-leipzig-quarterback-immobilien-arena-15-01-2027-2000-uhr","status":"publish","type":"product","link":"https:\/\/arena-ticket.com\/en\/product\/takida-section-7-tour-leipzig-quarterback-immobilien-arena-15-01-2027-2000-uhr\/","title":{"rendered":"tAKiDA - Section 7 Tour"},"content":{"rendered":"<p>Schwedische Alternative-Rockband tAKiDA im Januar 2027 erneut auf Tour<br \/>\n16 Shows in Deutschland, \u00d6sterreich und Schweiz<br \/>\nSie f\u00fchren die Radio-Airplay-Charts an, treten in immer gr\u00f6\u00dferen Venues auf und<br \/>\npr\u00e4sentieren ihren unverwechselbaren Sound einer stetig wachsenden Fangemeinde<br \/>\n\u2013 die schwedische Multi-Platin-Band tAKiDA befindet sich derzeit auf dem H\u00f6hepunkt<br \/>\nihres Erfolgs. Im Rahmen ihrer \u201eSection 7 Tour\u201c kommt tAKiDA im Januar 2027 erneut<br \/>\nf\u00fcr sechzehn Konzerte nach Deutschland, \u00d6sterreich und in die Schweiz!<br \/>\ntAKiDA haben bereits sechs Platin-Singles (davon eine mit Vierfach-Platin), drei<br \/>\nPlatin-Alben und f\u00fcnf Nr.-1-Alben vorzuweisen. Ihre Tourneen werden von Mal zu Mal<br \/>\nl\u00e4nger und die Spielorte immer gr\u00f6sser. In ihrer Heimat l\u00e4ngst auf Arena-Level, zieht<br \/>\nauch der Rest Europas langsam nach und gro\u00dfe Festivals in ganz Europa, wie<br \/>\nbeispielsweise das Wacken Open Air buchen tAKiDA auf ihre Hauptb\u00fchnen.<br \/>\nIhr aktuelles Album \u201eThe Agony Flame\u201c landete dank des Hits \u201eThe Loneliest Hour\u201c<br \/>\nauf Platz 1 der deutschen Rock-Radio-Airplay-Charts. Auch die j\u00fcngste Single \u201eThe<br \/>\nGame\u201c stieg dort auf Platz 2 ein und schaffte es in die Top 100 der Mainstream-Radio-<br \/>\nCharts.<\/p>","protected":false},"excerpt":{"rendered":"<p>Der Vorverkauf startet am 30.03.2026!<\/p>","protected":false},"featured_media":69884,"template":"","meta":{"_acf_changed":false,"inline_featured_image":false},"product_brand":[],"product_cat":[31,69,86,35,37,6732,21,22,58],"product_tag":[3150,941,942,943,944,7266,945,6804,7300,4748,947,973,948],"class_list":{"0":"post-69872","1":"product","2":"type-product","3":"status-publish","4":"has-post-thumbnail","6":"product_cat-events","7":"product_cat-konzert","8":"product_cat-leipzig","9":"product_cat-orte","10":"product_cat-quarterback-immobilien-arena","11":"product_cat-rock-hard-rock","12":"product_cat-ticket","13":"product_cat-ticketupgrades-zusatzleistungen","14":"product_cat-veranstaltung","15":"product_tag-30th-anniversary-tour","16":"product_tag-events","17":"product_tag-konzert","18":"product_tag-leipzig","19":"product_tag-orte","20":"product_tag-placebo","21":"product_tag-quarterback-immobilien-arena","22":"product_tag-rock-hard-rock","23":"product_tag-section-7-tour","24":"product_tag-takida","25":"product_tag-ticket","26":"product_tag-ticketupgrades-zusatzleistungen","27":"product_tag-veranstaltung","28":"product_shipping_class-abholung_paketversand","29":"pa_discount-inklusive-begleitperson","30":"pa_discount-normalpreis","31":"pa_discount-vip-sitzplatz","32":"pa_preiskategorie-ggv-up","33":"pa_preiskategorie-pgv-up","34":"pa_preiskategorie-pk-i","35":"pa_preiskategorie-pk1-stehplatz","36":"pa_preiskategorie-pk-ii","37":"pa_preiskategorie-pk2-stehplatz","38":"pa_preiskategorie-pk-iii","39":"pa_preiskategorie-pk-iv","40":"pa_preiskategorie-pk-v","41":"pa_preiskategorie-rollstuhlfahrer","42":"pa_preiskategorie-sitzplatz","43":"pa_preiskategorie-stehplatz","44":"pa_preiskategorie-vip-package-backstage-club","45":"pa_preiskategorie-vipu-up","47":"first","48":"instock","49":"featured","50":"taxable","51":"shipping-taxable","52":"purchasable","53":"product-type-variable"},"group_of_quantity":0,"min_quantity":0,"max_quantity":"","exclude_order_quantity_value_rules":"no","exclude_category_quantity_rules":"no","combine_variations":"no","acf":[],"_links":{"self":[{"href":"https:\/\/arena-ticket.com\/en\/wp-json\/wp\/v2\/product\/69872","targetHints":{"allow":["GET"]}}],"collection":[{"href":"https:\/\/arena-ticket.com\/en\/wp-json\/wp\/v2\/product"}],"about":[{"href":"https:\/\/arena-ticket.com\/en\/wp-json\/wp\/v2\/types\/product"}],"wp:featuredmedia":[{"embeddable":true,"href":"https:\/\/arena-ticket.com\/en\/wp-json\/wp\/v2\/media\/69884"}],"wp:attachment":[{"href":"https:\/\/arena-ticket.com\/en\/wp-json\/wp\/v2\/media?parent=69872"}],"wp:term":[{"taxonomy":"product_brand","embeddable":true,"href":"https:\/\/arena-ticket.com\/en\/wp-json\/wp\/v2\/product_brand?post=69872"},{"taxonomy":"product_cat","embeddable":true,"href":"https:\/\/arena-ticket.com\/en\/wp-json\/wp\/v2\/product_cat?post=69872"},{"taxonomy":"product_tag","embeddable":true,"href":"https:\/\/arena-ticket.com\/en\/wp-json\/wp\/v2\/product_tag?post=69872"}],"curies":[{"name":"wp","href":"https:\/\/api.w.org\/{rel}","templated":true}]}}