{"id":69897,"date":"2026-03-26T17:22:58","date_gmt":"2026-03-26T16:22:58","guid":{"rendered":"https:\/\/arena-ticket.com\/?p=69897&#038;post_type=product&#038;preview_id=69897"},"modified":"2026-04-02T11:18:58","modified_gmt":"2026-04-02T09:18:58","slug":"chicago-master-singers-summer-concert-leipzig-nikolaikirche-28-06-2026-1900-uhr","status":"publish","type":"product","link":"https:\/\/arena-ticket.com\/en\/product\/chicago-master-singers-summer-concert-leipzig-nikolaikirche-28-06-2026-1900-uhr\/","title":{"rendered":"Chicago Master Singers - Summer Concert"},"content":{"rendered":"<p>Die Vision der Chicago Master Singers ist es durch au\u00dfergew\u00f6hnliche musikalische Erlebnisse S\u00e4nger und Publikum gleicherma\u00dfen zu inspirieren. Die Chicago Master Singers wurden 1979 gegr\u00fcndet und sind ein Chor von rund 100 S\u00e4ngern aus Chicago. Das Repertoire des Ensembles umfasst gro\u00dfe klassische Chorwerke und neue St\u00fccke von zeitgen\u00f6ssischen Komponisten. Der Chor genie\u00dft internationales Ansehen und tourte in den letzten 30 Jahren mehrfach durch ganz Europa.<\/p>\n<p>Unter der k\u00fcnstlerischen Leitung von Musikdirektor John C. Hughes unterst\u00fctzt der Chor Initiativen zur F\u00f6rderung der n\u00e4chsten Generation von Komponisten und jungen S\u00e4ngern.<\/p>\n<p>Die Chicago Master Singers freuen sich schon sehr auf ihre Reise nach Europa, um ihre G\u00e4ste u.a. in Leipzig, Freiberg und Dresden mit Werken von Felix Mendelssohn Bartholdy, Josef Rheinberger und Jake Runestad uvm. zu begeistern.<\/p>","protected":false},"excerpt":{"rendered":"<p>Secure your tickets!<\/p>","protected":false},"featured_media":69902,"template":"","meta":{"_acf_changed":false,"inline_featured_image":false},"product_brand":[],"product_cat":[31,69,86,455,35,6749,21,58,6581],"product_tag":[7303,941,942,943,2559,944,6779,7304,947,948,2048],"class_list":{"0":"post-69897","1":"product","2":"type-product","3":"status-publish","4":"has-post-thumbnail","6":"product_cat-events","7":"product_cat-konzert","8":"product_cat-leipzig","9":"product_cat-nikolaikirche","10":"product_cat-orte","11":"product_cat-sonstiges_konzert","12":"product_cat-ticket","13":"product_cat-veranstaltung","14":"product_cat-weihnachten","15":"product_tag-chicago-master-singers","16":"product_tag-events","17":"product_tag-konzert","18":"product_tag-leipzig","19":"product_tag-nikolaikirche","20":"product_tag-orte","21":"product_tag-sonstiges","22":"product_tag-summer-concert","23":"product_tag-ticket","24":"product_tag-veranstaltung","25":"product_tag-weihnachten","26":"product_shipping_class-nur_paketversand","27":"pa_discount-ermaessigt","28":"pa_discount-normalpreis","29":"pa_preiskategorie-freie-platzwahl","31":"first","32":"instock","33":"taxable","34":"shipping-taxable","35":"purchasable","36":"product-type-variable"},"group_of_quantity":0,"min_quantity":0,"max_quantity":"","exclude_order_quantity_value_rules":"no","exclude_category_quantity_rules":"no","combine_variations":"no","acf":[],"_links":{"self":[{"href":"https:\/\/arena-ticket.com\/en\/wp-json\/wp\/v2\/product\/69897","targetHints":{"allow":["GET"]}}],"collection":[{"href":"https:\/\/arena-ticket.com\/en\/wp-json\/wp\/v2\/product"}],"about":[{"href":"https:\/\/arena-ticket.com\/en\/wp-json\/wp\/v2\/types\/product"}],"wp:featuredmedia":[{"embeddable":true,"href":"https:\/\/arena-ticket.com\/en\/wp-json\/wp\/v2\/media\/69902"}],"wp:attachment":[{"href":"https:\/\/arena-ticket.com\/en\/wp-json\/wp\/v2\/media?parent=69897"}],"wp:term":[{"taxonomy":"product_brand","embeddable":true,"href":"https:\/\/arena-ticket.com\/en\/wp-json\/wp\/v2\/product_brand?post=69897"},{"taxonomy":"product_cat","embeddable":true,"href":"https:\/\/arena-ticket.com\/en\/wp-json\/wp\/v2\/product_cat?post=69897"},{"taxonomy":"product_tag","embeddable":true,"href":"https:\/\/arena-ticket.com\/en\/wp-json\/wp\/v2\/product_tag?post=69897"}],"curies":[{"name":"wp","href":"https:\/\/api.w.org\/{rel}","templated":true}]}}