{"id":70009,"date":"2026-03-28T16:49:24","date_gmt":"2026-03-28T15:49:24","guid":{"rendered":"https:\/\/arena-ticket.com\/?p=70009&#038;post_type=product&#038;preview_id=70009"},"modified":"2026-03-28T18:12:46","modified_gmt":"2026-03-28T17:12:46","slug":"lesung-markus-kavka-fc-bayern-eine-liebeserklaerung-leipzig-kupfersaal-19-05-2026-2000-uhr","status":"publish","type":"product","link":"https:\/\/arena-ticket.com\/en\/product\/lesung-markus-kavka-fc-bayern-eine-liebeserklaerung-leipzig-kupfersaal-19-05-2026-2000-uhr\/","title":{"rendered":"MARKUS KAVKA  -  \u201eFC Bayern - Eine Liebeserkl\u00e4rung\u201c"},"content":{"rendered":"<p>Bayern M\u00fcnchen \u2013 Eine Liebeserkl\u00e4rung: Markus Kavka liest 2026 live!<\/p>\n<p>Kein Verein spaltet Deutschland so sehr wie der FC Bayern M\u00fcnchen \u2013 geliebt, gefeiert und oft verhasst. Moderator, Journalist und Autor Markus Kavka widmet dem Rekordmeister nun ein sehr pers\u00f6nliches Buch: Bayern M\u00fcnchen \u2013 Eine Liebeserkl\u00e4rung. Darin erz\u00e4hlt er mit Humor, Herzblut und einer ordentlichen Portion Selbstironie, wie seine lebenslange Beziehung zum FCB entstand, welche magischen wie schmerzhaften Momente er als Fan erlebte und warum er seinen Club auch dann verteidigt, wenn alle anderen ihn am liebsten verlieren sehen. An sieben Shows liest Kavka nun seine Liebeserkl\u00e4rung quer durch Deutschland.<\/p>\n<p>Der geb\u00fcrtige Ingolst\u00e4dter ist eine feste Gr\u00f6\u00dfe der deutschen Musik- und Medienlandschaft. Nach Stationen bei Print und Radio wurde er ab 1995 eines der pr\u00e4genden Gesichter von VIVA und sp\u00e4ter MTV. Heute ist er als Moderator bei Deluxe Music, Radiomacher, DJ, Podcaster und Buchautor aktiv \u2013 unter anderem \u201eMarkus Kavka \u00fcber DEPECHE MODE\u201c, mit dem er bereits auf Lesereise war. Doch er ist vor allem eines: leidenschaftlicher Bayern-Fan, der seine Begeisterung nun auf die B\u00fchne bringt.<\/p>\n<p>Im Mai spricht Markus Kavka \u00fcber Fu\u00dfball, \u00fcber Liebe und \u00fcber Momente, die Fans festhalten und bewegen.<\/p>","protected":false},"excerpt":{"rendered":"<p>Bayern M\u00fcnchen \u2013 Eine Liebeserkl\u00e4rung: Markus Kavka liest 2026 live! Jetzt Tickets hier sichern!<\/p>","protected":false},"featured_media":70016,"template":"","meta":{"_acf_changed":false,"inline_featured_image":false},"product_brand":[],"product_cat":[31,922,430,86,6764,35,21,58],"product_tag":[7306,7229,7228,941,951,968,943,1691,7305,944,947,948],"class_list":{"0":"post-70009","1":"product","2":"type-product","3":"status-publish","4":"has-post-thumbnail","6":"product_cat-events","7":"product_cat-kultur","8":"product_cat-kupfersaal","9":"product_cat-leipzig","10":"product_cat-lesung","11":"product_cat-orte","12":"product_cat-ticket","13":"product_cat-veranstaltung","14":"product_tag-fc-bayern-eine-liebeserklaerung","15":"product_tag-alice-im-wunderland-konzertlesung","16":"product_tag-christine-urspruch-und-stefan-weinzierl","17":"product_tag-events","18":"product_tag-kultur","19":"product_tag-kupfersaal","20":"product_tag-leipzig","21":"product_tag-lesung","22":"product_tag-markus-kavka","23":"product_tag-orte","24":"product_tag-ticket","25":"product_tag-veranstaltung","26":"product_shipping_class-nur_paketversand","27":"pa_discount-ermaessigt","28":"pa_discount-normalpreis","29":"pa_preiskategorie-freie-platzwahl","31":"first","32":"instock","33":"taxable","34":"shipping-taxable","35":"purchasable","36":"product-type-variable"},"group_of_quantity":0,"min_quantity":0,"max_quantity":"","exclude_order_quantity_value_rules":"no","exclude_category_quantity_rules":"no","combine_variations":"no","acf":[],"_links":{"self":[{"href":"https:\/\/arena-ticket.com\/en\/wp-json\/wp\/v2\/product\/70009","targetHints":{"allow":["GET"]}}],"collection":[{"href":"https:\/\/arena-ticket.com\/en\/wp-json\/wp\/v2\/product"}],"about":[{"href":"https:\/\/arena-ticket.com\/en\/wp-json\/wp\/v2\/types\/product"}],"wp:featuredmedia":[{"embeddable":true,"href":"https:\/\/arena-ticket.com\/en\/wp-json\/wp\/v2\/media\/70016"}],"wp:attachment":[{"href":"https:\/\/arena-ticket.com\/en\/wp-json\/wp\/v2\/media?parent=70009"}],"wp:term":[{"taxonomy":"product_brand","embeddable":true,"href":"https:\/\/arena-ticket.com\/en\/wp-json\/wp\/v2\/product_brand?post=70009"},{"taxonomy":"product_cat","embeddable":true,"href":"https:\/\/arena-ticket.com\/en\/wp-json\/wp\/v2\/product_cat?post=70009"},{"taxonomy":"product_tag","embeddable":true,"href":"https:\/\/arena-ticket.com\/en\/wp-json\/wp\/v2\/product_tag?post=70009"}],"curies":[{"name":"wp","href":"https:\/\/api.w.org\/{rel}","templated":true}]}}